{"id":2650,"date":"2021-09-09T14:48:06","date_gmt":"2021-09-09T14:48:06","guid":{"rendered":"https:\/\/tritontimber.com\/about-us\/what-we-do\/"},"modified":"2023-08-05T16:07:02","modified_gmt":"2023-08-05T16:07:02","slug":"notre-mission","status":"publish","type":"page","link":"https:\/\/tritontimber.com\/fr\/a-propos-de-nous\/notre-mission\/","title":{"rendered":"Notre mission"},"content":{"rendered":"<div id=\"pl-2650\"  class=\"panel-layout\" ><div id=\"pg-2650-0\"  class=\"panel-grid panel-has-style\" ><div class=\"txt_row siteorigin-panels-stretch panel-row-style panel-row-style-for-2650-0\" id=\"header_txt\" data-stretch-type=\"full\" ><div id=\"pgc-2650-0-0\"  class=\"panel-grid-cell\" ><div id=\"panel-2650-0-0-0\" class=\"so-panel widget widget_sow-editor panel-first-child panel-last-child\" data-index=\"0\" ><div class=\"blue panel-widget-style panel-widget-style-for-2650-0-0-0\" ><div\n\t\t\t\n\t\t\tclass=\"so-widget-sow-editor so-widget-sow-editor-base\"\n\t\t\t\n\t\t><h3 class=\"widget-title\">Notre mission<\/h3>\n<div class=\"siteorigin-widget-tinymce textwidget\">\n\t<p>Chez Triton, nous identifions, planifions et r\u00e9coltons les for\u00eats immerg\u00e9es des r\u00e9servoirs du monde entier. Nous d\u00e9veloppons notre propre technologie permettant de couper les arbres de mani\u00e8re s\u00e9curis\u00e9e tout en respectant l'environnement. Ces bois, suivant leurs qualit\u00e9s, sont ensuite transform\u00e9s en produits de construction et d\u2019ornement ou valoris\u00e9s en bois-\u00e9nergie.<\/p>\n<\/div>\n<\/div><\/div><\/div><\/div><\/div><\/div><div id=\"pg-2650-1\"  class=\"panel-grid panel-has-style\" ><div class=\"panel-row-style panel-row-style-for-2650-1\" ><div id=\"pgc-2650-1-0\"  class=\"panel-grid-cell\" ><div id=\"panel-2650-1-0-0\" class=\"widget_text so-panel widget widget_custom_html panel-first-child panel-last-child\" data-index=\"1\" ><div class=\"textwidget custom-html-widget\"> <video width=\"100%\" height=\"auto\" controls=\"\" poster=\"https:\/\/tritontimber.com\/wp-content\/uploads\/2021\/11\/21acffa2128bfb318005a7e0798bc060.png\">\n  <source src=\"https:\/\/tritontimber.com\/wp-content\/uploads\/2021\/11\/2d-final.mp4\">\n Votre navigateur ne prend pas en charge la balise vid\u00e9o.\n<\/source><\/video> <\/div><\/div><\/div><\/div><\/div><\/div>","protected":false},"excerpt":{"rendered":"<p>Chez Triton, nous identifions, planifions et r\u00e9coltons les for\u00eats immerg\u00e9es des r\u00e9servoirs du monde entier. Nous d\u00e9veloppons notre propre technologie permettant de couper les arbres de mani\u00e8re s\u00e9curis\u00e9e tout en respectant l&rsquo;environnement. Ces bois, suivant leurs qualit\u00e9s, sont ensuite transform\u00e9s en produits de construction et d\u2019ornement ou valoris\u00e9s en bois-\u00e9nergie.<\/p>\n","protected":false},"author":1,"featured_media":2594,"parent":2630,"menu_order":0,"comment_status":"closed","ping_status":"closed","template":"","meta":{"_acf_changed":false,"inline_featured_image":false,"footnotes":""},"class_list":["post-2650","page","type-page","status-publish","has-post-thumbnail","hentry"],"acf":[],"yoast_head":"<!-- This site is optimized with the Yoast SEO plugin v27.5 - https:\/\/yoast.com\/product\/yoast-seo-wordpress\/ -->\n<title>Notre mission - Triton Timber Group<\/title>\n<meta name=\"description\" content=\"Notre mission - Nous sommes le leader mondial de l&#039;extraction raisonn\u00e9e et de la valorisation des bois immerg\u00e9s. Contactez-nous!\" \/>\n<meta name=\"robots\" content=\"index, follow, max-snippet:-1, max-image-preview:large, max-video-preview:-1\" \/>\n<link rel=\"canonical\" href=\"https:\/\/tritontimber.com\/fr\/a-propos-de-nous\/notre-mission\/\" \/>\n<meta property=\"og:locale\" content=\"fr_FR\" \/>\n<meta property=\"og:type\" content=\"article\" \/>\n<meta property=\"og:title\" content=\"Notre mission - Triton Timber Group\" \/>\n<meta property=\"og:description\" content=\"Notre mission - Nous sommes le leader mondial de l&#039;extraction raisonn\u00e9e et de la valorisation des bois immerg\u00e9s. Contactez-nous!\" \/>\n<meta property=\"og:url\" content=\"https:\/\/tritontimber.com\/fr\/a-propos-de-nous\/notre-mission\/\" \/>\n<meta property=\"og:site_name\" content=\"Triton Timber Group\" \/>\n<meta property=\"article:modified_time\" content=\"2023-08-05T16:07:02+00:00\" \/>\n<meta property=\"og:image\" content=\"https:\/\/tritontimber.com\/wp-content\/uploads\/2021\/09\/icon_brand.jpg\" \/>\n\t<meta property=\"og:image:width\" content=\"512\" \/>\n\t<meta property=\"og:image:height\" content=\"512\" \/>\n\t<meta property=\"og:image:type\" content=\"image\/jpeg\" \/>\n<meta name=\"twitter:card\" content=\"summary_large_image\" \/>\n<script type=\"application\/ld+json\" class=\"yoast-schema-graph\">{\"@context\":\"https:\\\/\\\/schema.org\",\"@graph\":[{\"@type\":\"WebPage\",\"@id\":\"https:\\\/\\\/tritontimber.com\\\/fr\\\/a-propos-de-nous\\\/notre-mission\\\/\",\"url\":\"https:\\\/\\\/tritontimber.com\\\/fr\\\/a-propos-de-nous\\\/notre-mission\\\/\",\"name\":\"Notre mission - Triton Timber Group\",\"isPartOf\":{\"@id\":\"https:\\\/\\\/tritontimber.com\\\/#website\"},\"primaryImageOfPage\":{\"@id\":\"https:\\\/\\\/tritontimber.com\\\/fr\\\/a-propos-de-nous\\\/notre-mission\\\/#primaryimage\"},\"image\":{\"@id\":\"https:\\\/\\\/tritontimber.com\\\/fr\\\/a-propos-de-nous\\\/notre-mission\\\/#primaryimage\"},\"thumbnailUrl\":\"https:\\\/\\\/tritontimber.com\\\/wp-content\\\/uploads\\\/2021\\\/09\\\/icon_brand-e1708517938252.jpg\",\"datePublished\":\"2021-09-09T14:48:06+00:00\",\"dateModified\":\"2023-08-05T16:07:02+00:00\",\"description\":\"Notre mission - Nous sommes le leader mondial de l'extraction raisonn\u00e9e et de la valorisation des bois immerg\u00e9s. Contactez-nous!\",\"breadcrumb\":{\"@id\":\"https:\\\/\\\/tritontimber.com\\\/fr\\\/a-propos-de-nous\\\/notre-mission\\\/#breadcrumb\"},\"inLanguage\":\"fr-FR\",\"potentialAction\":[{\"@type\":\"ReadAction\",\"target\":[\"https:\\\/\\\/tritontimber.com\\\/fr\\\/a-propos-de-nous\\\/notre-mission\\\/\"]}]},{\"@type\":\"ImageObject\",\"inLanguage\":\"fr-FR\",\"@id\":\"https:\\\/\\\/tritontimber.com\\\/fr\\\/a-propos-de-nous\\\/notre-mission\\\/#primaryimage\",\"url\":\"https:\\\/\\\/tritontimber.com\\\/wp-content\\\/uploads\\\/2021\\\/09\\\/icon_brand-e1708517938252.jpg\",\"contentUrl\":\"https:\\\/\\\/tritontimber.com\\\/wp-content\\\/uploads\\\/2021\\\/09\\\/icon_brand-e1708517938252.jpg\",\"width\":512,\"height\":512},{\"@type\":\"BreadcrumbList\",\"@id\":\"https:\\\/\\\/tritontimber.com\\\/fr\\\/a-propos-de-nous\\\/notre-mission\\\/#breadcrumb\",\"itemListElement\":[{\"@type\":\"ListItem\",\"position\":1,\"name\":\"Home\",\"item\":\"https:\\\/\\\/tritontimber.com\\\/fr\\\/\"},{\"@type\":\"ListItem\",\"position\":2,\"name\":\"\u00c0 propos de nous\",\"item\":\"https:\\\/\\\/tritontimber.com\\\/fr\\\/a-propos-de-nous\\\/\"},{\"@type\":\"ListItem\",\"position\":3,\"name\":\"Notre mission\"}]},{\"@type\":\"WebSite\",\"@id\":\"https:\\\/\\\/tritontimber.com\\\/#website\",\"url\":\"https:\\\/\\\/tritontimber.com\\\/\",\"name\":\"Triton Timber Group\",\"description\":\"Underwater Harvesting Specialists\",\"publisher\":{\"@id\":\"https:\\\/\\\/tritontimber.com\\\/#organization\"},\"potentialAction\":[{\"@type\":\"SearchAction\",\"target\":{\"@type\":\"EntryPoint\",\"urlTemplate\":\"https:\\\/\\\/tritontimber.com\\\/?s={search_term_string}\"},\"query-input\":{\"@type\":\"PropertyValueSpecification\",\"valueRequired\":true,\"valueName\":\"search_term_string\"}}],\"inLanguage\":\"fr-FR\"},{\"@type\":\"Organization\",\"@id\":\"https:\\\/\\\/tritontimber.com\\\/#organization\",\"name\":\"Triton Timber Group\",\"url\":\"https:\\\/\\\/tritontimber.com\\\/\",\"logo\":{\"@type\":\"ImageObject\",\"inLanguage\":\"fr-FR\",\"@id\":\"https:\\\/\\\/tritontimber.com\\\/#\\\/schema\\\/logo\\\/image\\\/\",\"url\":\"https:\\\/\\\/tritontimber.com\\\/wp-content\\\/uploads\\\/2021\\\/10\\\/triton_logo.svg\",\"contentUrl\":\"https:\\\/\\\/tritontimber.com\\\/wp-content\\\/uploads\\\/2021\\\/10\\\/triton_logo.svg\",\"caption\":\"Triton Timber Group\"},\"image\":{\"@id\":\"https:\\\/\\\/tritontimber.com\\\/#\\\/schema\\\/logo\\\/image\\\/\"}}]}<\/script>\n<!-- \/ Yoast SEO plugin. -->","yoast_head_json":{"title":"Notre mission - Triton Timber Group","description":"Notre mission - Nous sommes le leader mondial de l'extraction raisonn\u00e9e et de la valorisation des bois immerg\u00e9s. Contactez-nous!","robots":{"index":"index","follow":"follow","max-snippet":"max-snippet:-1","max-image-preview":"max-image-preview:large","max-video-preview":"max-video-preview:-1"},"canonical":"https:\/\/tritontimber.com\/fr\/a-propos-de-nous\/notre-mission\/","og_locale":"fr_FR","og_type":"article","og_title":"Notre mission - Triton Timber Group","og_description":"Notre mission - Nous sommes le leader mondial de l'extraction raisonn\u00e9e et de la valorisation des bois immerg\u00e9s. Contactez-nous!","og_url":"https:\/\/tritontimber.com\/fr\/a-propos-de-nous\/notre-mission\/","og_site_name":"Triton Timber Group","article_modified_time":"2023-08-05T16:07:02+00:00","og_image":[{"width":512,"height":512,"url":"https:\/\/tritontimber.com\/wp-content\/uploads\/2021\/09\/icon_brand.jpg","type":"image\/jpeg"}],"twitter_card":"summary_large_image","schema":{"@context":"https:\/\/schema.org","@graph":[{"@type":"WebPage","@id":"https:\/\/tritontimber.com\/fr\/a-propos-de-nous\/notre-mission\/","url":"https:\/\/tritontimber.com\/fr\/a-propos-de-nous\/notre-mission\/","name":"Notre mission - Triton Timber Group","isPartOf":{"@id":"https:\/\/tritontimber.com\/#website"},"primaryImageOfPage":{"@id":"https:\/\/tritontimber.com\/fr\/a-propos-de-nous\/notre-mission\/#primaryimage"},"image":{"@id":"https:\/\/tritontimber.com\/fr\/a-propos-de-nous\/notre-mission\/#primaryimage"},"thumbnailUrl":"https:\/\/tritontimber.com\/wp-content\/uploads\/2021\/09\/icon_brand-e1708517938252.jpg","datePublished":"2021-09-09T14:48:06+00:00","dateModified":"2023-08-05T16:07:02+00:00","description":"Notre mission - Nous sommes le leader mondial de l'extraction raisonn\u00e9e et de la valorisation des bois immerg\u00e9s. Contactez-nous!","breadcrumb":{"@id":"https:\/\/tritontimber.com\/fr\/a-propos-de-nous\/notre-mission\/#breadcrumb"},"inLanguage":"fr-FR","potentialAction":[{"@type":"ReadAction","target":["https:\/\/tritontimber.com\/fr\/a-propos-de-nous\/notre-mission\/"]}]},{"@type":"ImageObject","inLanguage":"fr-FR","@id":"https:\/\/tritontimber.com\/fr\/a-propos-de-nous\/notre-mission\/#primaryimage","url":"https:\/\/tritontimber.com\/wp-content\/uploads\/2021\/09\/icon_brand-e1708517938252.jpg","contentUrl":"https:\/\/tritontimber.com\/wp-content\/uploads\/2021\/09\/icon_brand-e1708517938252.jpg","width":512,"height":512},{"@type":"BreadcrumbList","@id":"https:\/\/tritontimber.com\/fr\/a-propos-de-nous\/notre-mission\/#breadcrumb","itemListElement":[{"@type":"ListItem","position":1,"name":"Home","item":"https:\/\/tritontimber.com\/fr\/"},{"@type":"ListItem","position":2,"name":"\u00c0 propos de nous","item":"https:\/\/tritontimber.com\/fr\/a-propos-de-nous\/"},{"@type":"ListItem","position":3,"name":"Notre mission"}]},{"@type":"WebSite","@id":"https:\/\/tritontimber.com\/#website","url":"https:\/\/tritontimber.com\/","name":"Triton Timber Group","description":"Underwater Harvesting Specialists","publisher":{"@id":"https:\/\/tritontimber.com\/#organization"},"potentialAction":[{"@type":"SearchAction","target":{"@type":"EntryPoint","urlTemplate":"https:\/\/tritontimber.com\/?s={search_term_string}"},"query-input":{"@type":"PropertyValueSpecification","valueRequired":true,"valueName":"search_term_string"}}],"inLanguage":"fr-FR"},{"@type":"Organization","@id":"https:\/\/tritontimber.com\/#organization","name":"Triton Timber Group","url":"https:\/\/tritontimber.com\/","logo":{"@type":"ImageObject","inLanguage":"fr-FR","@id":"https:\/\/tritontimber.com\/#\/schema\/logo\/image\/","url":"https:\/\/tritontimber.com\/wp-content\/uploads\/2021\/10\/triton_logo.svg","contentUrl":"https:\/\/tritontimber.com\/wp-content\/uploads\/2021\/10\/triton_logo.svg","caption":"Triton Timber Group"},"image":{"@id":"https:\/\/tritontimber.com\/#\/schema\/logo\/image\/"}}]}},"_links":{"self":[{"href":"https:\/\/tritontimber.com\/fr\/wp-json\/wp\/v2\/pages\/2650","targetHints":{"allow":["GET"]}}],"collection":[{"href":"https:\/\/tritontimber.com\/fr\/wp-json\/wp\/v2\/pages"}],"about":[{"href":"https:\/\/tritontimber.com\/fr\/wp-json\/wp\/v2\/types\/page"}],"author":[{"embeddable":true,"href":"https:\/\/tritontimber.com\/fr\/wp-json\/wp\/v2\/users\/1"}],"replies":[{"embeddable":true,"href":"https:\/\/tritontimber.com\/fr\/wp-json\/wp\/v2\/comments?post=2650"}],"version-history":[{"count":2,"href":"https:\/\/tritontimber.com\/fr\/wp-json\/wp\/v2\/pages\/2650\/revisions"}],"predecessor-version":[{"id":3533,"href":"https:\/\/tritontimber.com\/fr\/wp-json\/wp\/v2\/pages\/2650\/revisions\/3533"}],"up":[{"embeddable":true,"href":"https:\/\/tritontimber.com\/fr\/wp-json\/wp\/v2\/pages\/2630"}],"wp:featuredmedia":[{"embeddable":true,"href":"https:\/\/tritontimber.com\/fr\/wp-json\/wp\/v2\/media\/2594"}],"wp:attachment":[{"href":"https:\/\/tritontimber.com\/fr\/wp-json\/wp\/v2\/media?parent=2650"}],"curies":[{"name":"wp","href":"https:\/\/api.w.org\/{rel}","templated":true}]}}