{"id":2653,"date":"2021-08-18T16:25:28","date_gmt":"2021-08-18T16:25:28","guid":{"rendered":"https:\/\/tritontimber.com\/contact\/"},"modified":"2023-07-13T10:52:54","modified_gmt":"2023-07-13T10:52:54","slug":"contact","status":"publish","type":"page","link":"https:\/\/tritontimber.com\/fr\/contact\/","title":{"rendered":"Contacts"},"content":{"rendered":"<div id=\"pl-2653\"  class=\"panel-layout\" ><div id=\"pg-2653-0\"  class=\"panel-grid panel-has-style\" ><div class=\"header_page header_contact siteorigin-panels-stretch panel-row-style panel-row-style-for-2653-0\" id=\"header\" data-stretch-type=\"full\" ><div id=\"pgc-2653-0-0\"  class=\"panel-grid-cell panel-grid-cell-empty\" ><\/div><\/div><\/div><div id=\"pg-2653-1\"  class=\"panel-grid panel-has-style\" ><div class=\"txt_row siteorigin-panels-stretch panel-row-style panel-row-style-for-2653-1\" id=\"contact\" data-stretch-type=\"full\" ><div id=\"pgc-2653-1-0\"  class=\"panel-grid-cell\" ><div id=\"panel-2653-1-0-0\" class=\"so-panel widget widget_sow-editor panel-first-child panel-last-child\" data-index=\"0\" ><div class=\"blue panel-widget-style panel-widget-style-for-2653-1-0-0\" id=\"grey_bg\" ><div\n\t\t\t\n\t\t\tclass=\"so-widget-sow-editor so-widget-sow-editor-base\"\n\t\t\t\n\t\t><h3 class=\"widget-title\">Contactez-nous <br>.<\/h3>\n<div class=\"siteorigin-widget-tinymce textwidget\">\n\t<p><strong>VOUS AVEZ DES QUESTIONS ?<br \/>\n<\/strong><span data-bind=\"  marked: { value: (!isInline &amp;&amp; item.hasLatestReply() ? item.latestReply.body : item.body), useMarkdown: (!isInline &amp;&amp; item.hasLatestReply() ? item.latestReply.contentType() == 'TEXT' : item.contentType() == 'TEXT'), collapseQuotes: true, openExternalLinksInNewTab: true }\">N'h\u00e9sitez pas \u00e0 utiliser le formulaire ci-dessous pour nous contacter au sujet de votre prochain projet ou de l'int\u00e9r\u00eat que vous portez \u00e0 la gestion des r\u00e9servoirs. Notre \u00e9quipe de professionnels d\u00e9vou\u00e9s vous recontactera d\u00e8s que possible. <\/span><\/p>\n<\/div>\n<\/div><\/div><\/div><\/div><div id=\"pgc-2653-1-1\"  class=\"panel-grid-cell\" ><div id=\"panel-2653-1-1-0\" class=\"so-panel widget widget_sow-editor panel-first-child panel-last-child\" data-index=\"1\" ><div\n\t\t\t\n\t\t\tclass=\"so-widget-sow-editor so-widget-sow-editor-base\"\n\t\t\t\n\t\t>\n<div class=\"siteorigin-widget-tinymce textwidget\">\n\t\n<div class=\"wpcf7 no-js\" id=\"wpcf7-f2749-o1\" lang=\"fr-FR\" dir=\"ltr\" data-wpcf7-id=\"2749\">\n<div class=\"screen-reader-response\"><p role=\"status\" aria-live=\"polite\" aria-atomic=\"true\"><\/p> <ul><\/ul><\/div>\n<form action=\"\/fr\/wp-json\/wp\/v2\/pages\/2653#wpcf7-f2749-o1\" method=\"post\" class=\"wpcf7-form init\" aria-label=\"Formulaire de contact\" novalidate=\"novalidate\" data-status=\"init\">\n<fieldset class=\"hidden-fields-container\"><input type=\"hidden\" name=\"_wpcf7\" value=\"2749\" \/><input type=\"hidden\" name=\"_wpcf7_version\" value=\"6.1.5\" \/><input type=\"hidden\" name=\"_wpcf7_locale\" value=\"fr_FR\" \/><input type=\"hidden\" name=\"_wpcf7_unit_tag\" value=\"wpcf7-f2749-o1\" \/><input type=\"hidden\" name=\"_wpcf7_container_post\" value=\"0\" \/><input type=\"hidden\" name=\"_wpcf7_posted_data_hash\" value=\"\" \/><input type=\"hidden\" name=\"_wpcf7_recaptcha_response\" value=\"\" \/>\n<\/fieldset>\n<p><label> Nom<br \/>\n<span class=\"wpcf7-form-control-wrap\" data-name=\"your-name\"><input size=\"40\" maxlength=\"400\" class=\"wpcf7-form-control wpcf7-text wpcf7-validates-as-required\" aria-required=\"true\" aria-invalid=\"false\" value=\"\" type=\"text\" name=\"your-name\" \/><\/span> <\/label>\n<\/p>\n<p><label> Adresse mail<br \/>\n<span class=\"wpcf7-form-control-wrap\" data-name=\"your-email\"><input size=\"40\" maxlength=\"400\" class=\"wpcf7-form-control wpcf7-email wpcf7-validates-as-required wpcf7-text wpcf7-validates-as-email\" aria-required=\"true\" aria-invalid=\"false\" value=\"\" type=\"email\" name=\"your-email\" \/><\/span> <\/label>\n<\/p>\n<p><label> Entreprise<br \/>\n<span class=\"wpcf7-form-control-wrap\" data-name=\"your-company\"><input size=\"40\" maxlength=\"400\" class=\"wpcf7-form-control wpcf7-text wpcf7-validates-as-required\" aria-required=\"true\" aria-invalid=\"false\" value=\"\" type=\"text\" name=\"your-company\" \/><\/span> <\/label>\n<\/p>\n<p><label> Lieu<br \/>\n<span class=\"wpcf7-form-control-wrap\" data-name=\"your-location\"><input size=\"40\" maxlength=\"400\" class=\"wpcf7-form-control wpcf7-text\" aria-invalid=\"false\" value=\"\" type=\"text\" name=\"your-location\" \/><\/span> <\/label>\n<\/p>\n<p><label> Message (facultatif)<br \/>\n<span class=\"wpcf7-form-control-wrap\" data-name=\"your-message\"><textarea cols=\"40\" rows=\"10\" maxlength=\"2000\" class=\"wpcf7-form-control wpcf7-textarea\" aria-invalid=\"false\" placeholder=\"Comment pouvons nous aider?\" name=\"your-message\"><\/textarea><\/span> <\/label>\n<\/p>\n<div class=\"button\">\n\t<p><input class=\"wpcf7-form-control wpcf7-submit has-spinner\" type=\"submit\" value=\"Send Message\" \/>\n\t<\/p>\n<\/div><div class=\"wpcf7-response-output\" aria-hidden=\"true\"><\/div>\n<\/form>\n<\/div>\n\n<\/div>\n<\/div><\/div><\/div><\/div><\/div><div id=\"pg-2653-2\"  class=\"panel-grid panel-has-style\" ><div class=\"siteorigin-panels-stretch panel-row-style panel-row-style-for-2653-2\" data-stretch-type=\"full\" ><div id=\"pgc-2653-2-0\"  class=\"panel-grid-cell\" ><div id=\"panel-2653-2-0-0\" class=\"so-panel widget widget_sow-editor panel-first-child panel-last-child\" data-index=\"2\" ><div\n\t\t\t\n\t\t\tclass=\"so-widget-sow-editor so-widget-sow-editor-base\"\n\t\t\t\n\t\t>\n<div class=\"siteorigin-widget-tinymce textwidget\">\n\t<p><strong>O\u00d9 NOUS TROUVER ?<\/strong><\/p>\n<\/div>\n<\/div><\/div><\/div><\/div><\/div><div id=\"pg-2653-3\"  class=\"panel-grid panel-has-style\" ><div class=\"siteorigin-panels-stretch panel-row-style panel-row-style-for-2653-3\" data-stretch-type=\"full\" ><div id=\"pgc-2653-3-0\"  class=\"panel-grid-cell\" ><div id=\"panel-2653-3-0-0\" class=\"so-panel widget widget_sow-editor panel-first-child\" data-index=\"3\" ><div id=\"contact_box\" class=\"panel-widget-style panel-widget-style-for-2653-3-0-0\" ><div\n\t\t\t\n\t\t\tclass=\"so-widget-sow-editor so-widget-sow-editor-base\"\n\t\t\t\n\t\t>\n<div class=\"siteorigin-widget-tinymce textwidget\">\n\t<p><strong>EN FRANCE (HQ)<\/strong><br \/>\n84 boulevard de S\u00e9bastopol Paris<br \/>\nCode Postal: 75003<br \/>\nT\u00e9l\u00e9phone : +33 1 81 70 37 00<br \/>\n<span class=\"email_contact\">Email: info@tritontimber.com<\/span><\/p>\n<\/div>\n<\/div><\/div><\/div><div id=\"panel-2653-3-0-1\" class=\"so-panel widget widget_sow-google-map panel-last-child\" data-index=\"4\" ><div class=\"panel-widget-style panel-widget-style-for-2653-3-0-1\" ><div\n\t\t\t\n\t\t\tclass=\"so-widget-sow-google-map so-widget-sow-google-map-default-3abf1edc6461-2653\"\n\t\t\t\n\t\t>\n<div class=\"sow-google-map-canvas\"\n\tstyle=\"\"\n\tid=\"map-canvas-435cfbe62730ff4ac5c114667946a3eb\"\n\tdata-options=\"{&quot;address&quot;:&quot;48.8655633, 2.352407&quot;,&quot;zoom&quot;:15,&quot;mobileZoom&quot;:15,&quot;gestureHandling&quot;:&quot;greedy&quot;,&quot;disableUi&quot;:true,&quot;markerIcon&quot;:false,&quot;markersDraggable&quot;:false,&quot;markerAtCenter&quot;:true,&quot;markerInfoDisplay&quot;:&quot;click&quot;,&quot;markerInfoMultiple&quot;:true,&quot;markerPositions&quot;:false,&quot;mapName&quot;:false,&quot;mapStyles&quot;:false,&quot;directions&quot;:&quot;&quot;,&quot;apiKey&quot;:&quot;AIzaSyAYeBdwmK0vgKuqx9-XjTEpyjwkmynojAM&quot;,&quot;breakpoint&quot;:780,&quot;id&quot;:&quot;69e1a6&quot;}\"\n\tdata-fallback-image=\"{&quot;img&quot;:&quot;&quot;}\"><\/div>\n<\/div><\/div><\/div><\/div><div id=\"pgc-2653-3-1\"  class=\"panel-grid-cell\" ><div id=\"panel-2653-3-1-0\" class=\"so-panel widget widget_sow-editor panel-first-child\" data-index=\"5\" ><div id=\"contact_box\" class=\"panel-widget-style panel-widget-style-for-2653-3-1-0\" ><div\n\t\t\t\n\t\t\tclass=\"so-widget-sow-editor so-widget-sow-editor-base\"\n\t\t\t\n\t\t>\n<div class=\"siteorigin-widget-tinymce textwidget\">\n\t<p><strong>AU CANADA<\/strong><br \/>\n6675 Mirah Road, Victoria BC<br \/>\nCode Postal: V8M 1Z4<br \/>\nT\u00e9l\u00e9phone : +1(250) 652-4033<br \/>\n<span class=\"email_contact\">Email: info@tritontimber.com<\/span><\/p>\n<\/div>\n<\/div><\/div><\/div><div id=\"panel-2653-3-1-1\" class=\"so-panel widget widget_sow-google-map panel-last-child\" data-index=\"6\" ><div class=\"panel-widget-style panel-widget-style-for-2653-3-1-1\" ><div\n\t\t\t\n\t\t\tclass=\"so-widget-sow-google-map so-widget-sow-google-map-default-3abf1edc6461-2653\"\n\t\t\t\n\t\t>\n<div class=\"sow-google-map-canvas\"\n\tstyle=\"\"\n\tid=\"map-canvas-fadf497792f69293b5f8a4c677ea0fa8\"\n\tdata-options=\"{&quot;address&quot;:&quot;48.5635944, -123.4079171&quot;,&quot;zoom&quot;:15,&quot;mobileZoom&quot;:15,&quot;gestureHandling&quot;:&quot;greedy&quot;,&quot;disableUi&quot;:true,&quot;markerIcon&quot;:false,&quot;markersDraggable&quot;:false,&quot;markerAtCenter&quot;:true,&quot;markerInfoDisplay&quot;:&quot;click&quot;,&quot;markerInfoMultiple&quot;:true,&quot;markerPositions&quot;:false,&quot;mapName&quot;:false,&quot;mapStyles&quot;:false,&quot;directions&quot;:&quot;&quot;,&quot;apiKey&quot;:&quot;AIzaSyAYeBdwmK0vgKuqx9-XjTEpyjwkmynojAM&quot;,&quot;breakpoint&quot;:780,&quot;id&quot;:&quot;69e1a6&quot;}\"\n\tdata-fallback-image=\"{&quot;img&quot;:&quot;&quot;}\"><\/div>\n<\/div><\/div><\/div><\/div><div id=\"pgc-2653-3-2\"  class=\"panel-grid-cell\" ><div id=\"panel-2653-3-2-0\" class=\"so-panel widget widget_sow-editor panel-first-child\" data-index=\"7\" ><div id=\"contact_box\" class=\"panel-widget-style panel-widget-style-for-2653-3-2-0\" ><div\n\t\t\t\n\t\t\tclass=\"so-widget-sow-editor so-widget-sow-editor-base\"\n\t\t\t\n\t\t>\n<div class=\"siteorigin-widget-tinymce textwidget\">\n\t<p><strong>EN GUYANE FRAN\u00c7AISE<\/strong><br \/>\n58 avenue des Roches, Kourou<br \/>\nCode Postal : 97310<br \/>\nT\u00e9l\u00e9phone : (+594) 5 94 32 21 41<br \/>\n<span class=\"email_contact\">Email : petit-saut@tritontimber.com<\/span><\/p>\n<\/div>\n<\/div><\/div><\/div><div id=\"panel-2653-3-2-1\" class=\"so-panel widget widget_sow-google-map panel-last-child\" data-index=\"8\" ><div\n\t\t\t\n\t\t\tclass=\"so-widget-sow-google-map so-widget-sow-google-map-default-3abf1edc6461-2653\"\n\t\t\t\n\t\t>\n<div class=\"sow-google-map-canvas\"\n\tstyle=\"\"\n\tid=\"map-canvas-7c537c984d135bf8467f93e202dcacf0\"\n\tdata-options=\"{&quot;address&quot;:&quot;5.161372999999998, -52.6298559&quot;,&quot;zoom&quot;:15,&quot;mobileZoom&quot;:15,&quot;gestureHandling&quot;:&quot;greedy&quot;,&quot;disableUi&quot;:true,&quot;markerIcon&quot;:false,&quot;markersDraggable&quot;:false,&quot;markerAtCenter&quot;:true,&quot;markerInfoDisplay&quot;:&quot;click&quot;,&quot;markerInfoMultiple&quot;:true,&quot;markerPositions&quot;:false,&quot;mapName&quot;:false,&quot;mapStyles&quot;:false,&quot;directions&quot;:&quot;&quot;,&quot;apiKey&quot;:&quot;AIzaSyAYeBdwmK0vgKuqx9-XjTEpyjwkmynojAM&quot;,&quot;breakpoint&quot;:780,&quot;id&quot;:&quot;69e1a6&quot;}\"\n\tdata-fallback-image=\"{&quot;img&quot;:&quot;&quot;}\"><\/div>\n<\/div><\/div><\/div><\/div><\/div><\/div>","protected":false},"excerpt":{"rendered":"<p>VOUS AVEZ DES QUESTIONS ? N&rsquo;h\u00e9sitez pas \u00e0 utiliser le formulaire ci-dessous pour nous contacter au sujet de votre prochain projet ou de l&rsquo;int\u00e9r\u00eat que vous portez \u00e0 la gestion des r\u00e9servoirs. Notre \u00e9quipe de professionnels d\u00e9vou\u00e9s vous recontactera d\u00e8s que possible.<\/p>\n","protected":false},"author":1,"featured_media":0,"parent":0,"menu_order":0,"comment_status":"closed","ping_status":"closed","template":"","meta":{"_acf_changed":false,"inline_featured_image":false,"footnotes":""},"class_list":["post-2653","page","type-page","status-publish","hentry"],"acf":[],"yoast_head":"<!-- This site is optimized with the Yoast SEO plugin v27.4 - https:\/\/yoast.com\/product\/yoast-seo-wordpress\/ -->\n<title>Contacts - Triton Timber Group - wood products<\/title>\n<meta name=\"description\" content=\"Contacts - We operate in Underwater timber harvesting, Reclaimed wood products and Reservoir management \/ Reservoir services! Contact us!\" \/>\n<meta name=\"robots\" content=\"index, follow, max-snippet:-1, max-image-preview:large, max-video-preview:-1\" \/>\n<link rel=\"canonical\" href=\"https:\/\/tritontimber.com\/fr\/contact\/\" \/>\n<meta property=\"og:locale\" content=\"fr_FR\" \/>\n<meta property=\"og:type\" content=\"article\" \/>\n<meta property=\"og:title\" content=\"Contacts - Triton Timber Group - wood products\" \/>\n<meta property=\"og:description\" content=\"Contacts - We operate in Underwater timber harvesting, Reclaimed wood products and Reservoir management \/ Reservoir services! Contact us!\" \/>\n<meta property=\"og:url\" content=\"https:\/\/tritontimber.com\/fr\/contact\/\" \/>\n<meta property=\"og:site_name\" content=\"Triton Timber Group\" \/>\n<meta property=\"article:modified_time\" content=\"2023-07-13T10:52:54+00:00\" \/>\n<meta name=\"twitter:card\" content=\"summary_large_image\" \/>\n<script type=\"application\/ld+json\" class=\"yoast-schema-graph\">{\"@context\":\"https:\\\/\\\/schema.org\",\"@graph\":[{\"@type\":\"WebPage\",\"@id\":\"https:\\\/\\\/tritontimber.com\\\/fr\\\/contact\\\/\",\"url\":\"https:\\\/\\\/tritontimber.com\\\/fr\\\/contact\\\/\",\"name\":\"Contacts - Triton Timber Group - wood products\",\"isPartOf\":{\"@id\":\"https:\\\/\\\/tritontimber.com\\\/#website\"},\"datePublished\":\"2021-08-18T16:25:28+00:00\",\"dateModified\":\"2023-07-13T10:52:54+00:00\",\"description\":\"Contacts - We operate in Underwater timber harvesting, Reclaimed wood products and Reservoir management \\\/ Reservoir services! Contact us!\",\"breadcrumb\":{\"@id\":\"https:\\\/\\\/tritontimber.com\\\/fr\\\/contact\\\/#breadcrumb\"},\"inLanguage\":\"fr-FR\",\"potentialAction\":[{\"@type\":\"ReadAction\",\"target\":[\"https:\\\/\\\/tritontimber.com\\\/fr\\\/contact\\\/\"]}]},{\"@type\":\"BreadcrumbList\",\"@id\":\"https:\\\/\\\/tritontimber.com\\\/fr\\\/contact\\\/#breadcrumb\",\"itemListElement\":[{\"@type\":\"ListItem\",\"position\":1,\"name\":\"Home\",\"item\":\"https:\\\/\\\/tritontimber.com\\\/fr\\\/\"},{\"@type\":\"ListItem\",\"position\":2,\"name\":\"Contacts\"}]},{\"@type\":\"WebSite\",\"@id\":\"https:\\\/\\\/tritontimber.com\\\/#website\",\"url\":\"https:\\\/\\\/tritontimber.com\\\/\",\"name\":\"Triton Timber Group\",\"description\":\"Underwater Harvesting Specialists\",\"publisher\":{\"@id\":\"https:\\\/\\\/tritontimber.com\\\/#organization\"},\"potentialAction\":[{\"@type\":\"SearchAction\",\"target\":{\"@type\":\"EntryPoint\",\"urlTemplate\":\"https:\\\/\\\/tritontimber.com\\\/?s={search_term_string}\"},\"query-input\":{\"@type\":\"PropertyValueSpecification\",\"valueRequired\":true,\"valueName\":\"search_term_string\"}}],\"inLanguage\":\"fr-FR\"},{\"@type\":\"Organization\",\"@id\":\"https:\\\/\\\/tritontimber.com\\\/#organization\",\"name\":\"Triton Timber Group\",\"url\":\"https:\\\/\\\/tritontimber.com\\\/\",\"logo\":{\"@type\":\"ImageObject\",\"inLanguage\":\"fr-FR\",\"@id\":\"https:\\\/\\\/tritontimber.com\\\/#\\\/schema\\\/logo\\\/image\\\/\",\"url\":\"https:\\\/\\\/tritontimber.com\\\/wp-content\\\/uploads\\\/2021\\\/10\\\/triton_logo.svg\",\"contentUrl\":\"https:\\\/\\\/tritontimber.com\\\/wp-content\\\/uploads\\\/2021\\\/10\\\/triton_logo.svg\",\"caption\":\"Triton Timber Group\"},\"image\":{\"@id\":\"https:\\\/\\\/tritontimber.com\\\/#\\\/schema\\\/logo\\\/image\\\/\"}}]}<\/script>\n<!-- \/ Yoast SEO plugin. -->","yoast_head_json":{"title":"Contacts - Triton Timber Group - wood products","description":"Contacts - We operate in Underwater timber harvesting, Reclaimed wood products and Reservoir management \/ Reservoir services! Contact us!","robots":{"index":"index","follow":"follow","max-snippet":"max-snippet:-1","max-image-preview":"max-image-preview:large","max-video-preview":"max-video-preview:-1"},"canonical":"https:\/\/tritontimber.com\/fr\/contact\/","og_locale":"fr_FR","og_type":"article","og_title":"Contacts - Triton Timber Group - wood products","og_description":"Contacts - We operate in Underwater timber harvesting, Reclaimed wood products and Reservoir management \/ Reservoir services! Contact us!","og_url":"https:\/\/tritontimber.com\/fr\/contact\/","og_site_name":"Triton Timber Group","article_modified_time":"2023-07-13T10:52:54+00:00","twitter_card":"summary_large_image","schema":{"@context":"https:\/\/schema.org","@graph":[{"@type":"WebPage","@id":"https:\/\/tritontimber.com\/fr\/contact\/","url":"https:\/\/tritontimber.com\/fr\/contact\/","name":"Contacts - Triton Timber Group - wood products","isPartOf":{"@id":"https:\/\/tritontimber.com\/#website"},"datePublished":"2021-08-18T16:25:28+00:00","dateModified":"2023-07-13T10:52:54+00:00","description":"Contacts - We operate in Underwater timber harvesting, Reclaimed wood products and Reservoir management \/ Reservoir services! Contact us!","breadcrumb":{"@id":"https:\/\/tritontimber.com\/fr\/contact\/#breadcrumb"},"inLanguage":"fr-FR","potentialAction":[{"@type":"ReadAction","target":["https:\/\/tritontimber.com\/fr\/contact\/"]}]},{"@type":"BreadcrumbList","@id":"https:\/\/tritontimber.com\/fr\/contact\/#breadcrumb","itemListElement":[{"@type":"ListItem","position":1,"name":"Home","item":"https:\/\/tritontimber.com\/fr\/"},{"@type":"ListItem","position":2,"name":"Contacts"}]},{"@type":"WebSite","@id":"https:\/\/tritontimber.com\/#website","url":"https:\/\/tritontimber.com\/","name":"Triton Timber Group","description":"Underwater Harvesting Specialists","publisher":{"@id":"https:\/\/tritontimber.com\/#organization"},"potentialAction":[{"@type":"SearchAction","target":{"@type":"EntryPoint","urlTemplate":"https:\/\/tritontimber.com\/?s={search_term_string}"},"query-input":{"@type":"PropertyValueSpecification","valueRequired":true,"valueName":"search_term_string"}}],"inLanguage":"fr-FR"},{"@type":"Organization","@id":"https:\/\/tritontimber.com\/#organization","name":"Triton Timber Group","url":"https:\/\/tritontimber.com\/","logo":{"@type":"ImageObject","inLanguage":"fr-FR","@id":"https:\/\/tritontimber.com\/#\/schema\/logo\/image\/","url":"https:\/\/tritontimber.com\/wp-content\/uploads\/2021\/10\/triton_logo.svg","contentUrl":"https:\/\/tritontimber.com\/wp-content\/uploads\/2021\/10\/triton_logo.svg","caption":"Triton Timber Group"},"image":{"@id":"https:\/\/tritontimber.com\/#\/schema\/logo\/image\/"}}]}},"_links":{"self":[{"href":"https:\/\/tritontimber.com\/fr\/wp-json\/wp\/v2\/pages\/2653","targetHints":{"allow":["GET"]}}],"collection":[{"href":"https:\/\/tritontimber.com\/fr\/wp-json\/wp\/v2\/pages"}],"about":[{"href":"https:\/\/tritontimber.com\/fr\/wp-json\/wp\/v2\/types\/page"}],"author":[{"embeddable":true,"href":"https:\/\/tritontimber.com\/fr\/wp-json\/wp\/v2\/users\/1"}],"replies":[{"embeddable":true,"href":"https:\/\/tritontimber.com\/fr\/wp-json\/wp\/v2\/comments?post=2653"}],"version-history":[{"count":1,"href":"https:\/\/tritontimber.com\/fr\/wp-json\/wp\/v2\/pages\/2653\/revisions"}],"predecessor-version":[{"id":2745,"href":"https:\/\/tritontimber.com\/fr\/wp-json\/wp\/v2\/pages\/2653\/revisions\/2745"}],"wp:attachment":[{"href":"https:\/\/tritontimber.com\/fr\/wp-json\/wp\/v2\/media?parent=2653"}],"curies":[{"name":"wp","href":"https:\/\/api.w.org\/{rel}","templated":true}]}}