{"id":2654,"date":"2021-08-04T13:39:59","date_gmt":"2021-08-04T13:39:59","guid":{"rendered":"https:\/\/tritontimber.com\/homepage\/"},"modified":"2025-07-29T18:05:23","modified_gmt":"2025-07-29T18:05:23","slug":"homepage","status":"publish","type":"page","link":"https:\/\/tritontimber.com\/fr\/","title":{"rendered":"Homepage"},"content":{"rendered":"<div id=\"pl-2654\"  class=\"panel-layout\" ><div id=\"pg-2654-0\"  class=\"panel-grid panel-has-style\" ><div class=\"header_home siteorigin-panels-stretch panel-row-style panel-row-style-for-2654-0\" id=\"header\" data-stretch-type=\"full-width-stretch\" ><div id=\"pgc-2654-0-0\"  class=\"panel-grid-cell\" ><div id=\"panel-2654-0-0-0\" class=\"so-panel widget widget_media_video panel-first-child\" data-index=\"0\" ><div class=\"video-home panel-widget-style panel-widget-style-for-2654-0-0-0\" ><div style=\"width:100%;\" class=\"wp-video\"><video class=\"wp-video-shortcode\" id=\"video-2654-1\" preload=\"metadata\" controls=\"controls\"><source type=\"video\/mp4\" src=\"https:\/\/tritontimber.com\/wp-content\/uploads\/2025\/03\/TRITON-TIMBER-2025-HD-V4.2-LIGHT-video-converter.com-1.mp4?_=1\" \/><source type=\"video\/mp4\" src=\"https:\/\/tritontimber.com\/wp-content\/uploads\/2025\/03\/TRITON-TIMBER-2025-HD-V4.2-LIGHT-video-converter.com-1.mp4?_=1\" \/><a href=\"https:\/\/tritontimber.com\/wp-content\/uploads\/2025\/03\/TRITON-TIMBER-2025-HD-V4.2-LIGHT-video-converter.com-1.mp4\">https:\/\/tritontimber.com\/wp-content\/uploads\/2025\/03\/TRITON-TIMBER-2025-HD-V4.2-LIGHT-video-converter.com-1.mp4<\/a><\/video><\/div><\/div><\/div><div id=\"panel-2654-0-0-1\" class=\"so-panel widget widget_sow-image panel-last-child\" data-index=\"1\" ><div class=\"panel-widget-style panel-widget-style-for-2654-0-0-1\" ><div\n\t\t\t\n\t\t\tclass=\"so-widget-sow-image so-widget-sow-image-default-c4f6304fc136-2654\"\n\t\t\t\n\t\t>\n<div class=\"sow-image-container\">\n\t\t<img \n\tsrc=\"https:\/\/tritontimber.com\/wp-content\/uploads\/2021\/10\/triton-timber-underwater-forests-wood-products-1.jpg\" width=\"1416\" height=\"944\" srcset=\"https:\/\/tritontimber.com\/wp-content\/uploads\/2021\/10\/triton-timber-underwater-forests-wood-products-1.jpg 1416w, https:\/\/tritontimber.com\/wp-content\/uploads\/2021\/10\/triton-timber-underwater-forests-wood-products-1-300x200.jpg 300w, https:\/\/tritontimber.com\/wp-content\/uploads\/2021\/10\/triton-timber-underwater-forests-wood-products-1-1024x683.jpg 1024w, https:\/\/tritontimber.com\/wp-content\/uploads\/2021\/10\/triton-timber-underwater-forests-wood-products-1-768x512.jpg 768w, https:\/\/tritontimber.com\/wp-content\/uploads\/2021\/10\/triton-timber-underwater-forests-wood-products-1-272x182.jpg 272w\" sizes=\"(max-width: 1416px) 100vw, 1416px\" alt=\"\" \t\tclass=\"so-widget-image\"\/>\n\t<\/div>\n\n<\/div><\/div><\/div><\/div><\/div><\/div><div id=\"pg-2654-1\"  class=\"panel-grid panel-has-style\" ><div class=\"siteorigin-panels-stretch panel-row-style panel-row-style-for-2654-1\" data-stretch-type=\"full\" ><div id=\"pgc-2654-1-0\"  class=\"panel-grid-cell\" ><div id=\"panel-2654-1-0-0\" class=\"so-panel widget widget_sow-image panel-first-child panel-last-child\" data-index=\"2\" ><div class=\"panel-widget-style panel-widget-style-for-2654-1-0-0\" ><div\n\t\t\t\n\t\t\tclass=\"so-widget-sow-image so-widget-sow-image-default-8b5b6f678277-2654\"\n\t\t\t\n\t\t>\n<div class=\"sow-image-container\">\n\t\t<img \n\tsrc=\"https:\/\/tritontimber.com\/wp-content\/uploads\/2021\/08\/Group-103.svg\" width=\"202\" height=\"205\" sizes=\"(max-width: 202px) 100vw, 202px\" title=\"Group 103\" alt=\"\" \t\tclass=\"so-widget-image\"\/>\n\t<\/div>\n\n<\/div><\/div><\/div><\/div><div id=\"pgc-2654-1-1\"  class=\"panel-grid-cell\" ><div id=\"panel-2654-1-1-0\" class=\"so-panel widget widget_sow-editor panel-first-child panel-last-child\" data-index=\"3\" ><div\n\t\t\t\n\t\t\tclass=\"so-widget-sow-editor so-widget-sow-editor-base\"\n\t\t\t\n\t\t>\n<div class=\"siteorigin-widget-tinymce textwidget\">\n\t<p><strong>Depuis les ann\u00e9es 2000, Triton est pionni\u00e8re dans la valorisation des bois immerg\u00e9s. Cela gr\u00e2ce \u00e0 la conception de nouvelles technologies, au d\u00e9veloppement de nouvelles concessions, \u00e0 l'\u00e9valuation et aux inventaires des ressources disponibles, aux services d'exploitation foresti\u00e8re et la vente de ces bois \u00e9co-responsables.<br \/>\n<\/strong><\/p>\n<p><strong>Gr\u00e2ce \u00e0 ses syst\u00e8mes brevet\u00e9s SHARC\u2122 et SAWFISH\u2122, Triton r\u00e9cup\u00e8re le bois immerg\u00e9 encore sur pied \u00e0 pratiquement n'importe quelle profondeur, de mani\u00e8re s\u00fbre, efficace et respectueuse de l'environnement.<\/strong><\/p>\n<\/div>\n<\/div><\/div><\/div><\/div><\/div><div id=\"pg-2654-2\"  class=\"panel-grid panel-has-style\" ><div class=\"image_full siteorigin-panels-stretch panel-row-style panel-row-style-for-2654-2\" data-stretch-type=\"full\" ><div id=\"pgc-2654-2-0\"  class=\"panel-grid-cell panel-grid-cell-empty\" ><\/div><\/div><\/div><div id=\"pg-2654-3\"  class=\"panel-grid panel-has-style\" ><div class=\"txt_row panel-row-style panel-row-style-for-2654-3\" ><div id=\"pgc-2654-3-0\"  class=\"panel-grid-cell\" ><div id=\"panel-2654-3-0-0\" class=\"so-panel widget widget_sow-editor panel-first-child\" data-index=\"4\" ><div class=\"blue panel-widget-style panel-widget-style-for-2654-3-0-0\" ><div\n\t\t\t\n\t\t\tclass=\"so-widget-sow-editor so-widget-sow-editor-base\"\n\t\t\t\n\t\t><h3 class=\"widget-title\">Innovation<\/h3>\n<div class=\"siteorigin-widget-tinymce textwidget\">\n\t<p><strong>Le syst\u00e8me SHARC\u2122 de Triton est la technologie de coupe de bois immerg\u00e9s la plus sophistiqu\u00e9e du monde.<\/strong>. Gr\u00e2ce \u00e0 son syst\u00e8me \u00e9lectronique sur mesure et \u00e0 sa fl\u00e8che t\u00e9lescopique de pr\u00e8s de 30 m\u00e8tres permettant de localiser chaque arbre ; le syst\u00e8me hydraulique enti\u00e8rement ferm\u00e9 et biod\u00e9gradable est unique en son genre \u00e0 l'\u00e9chelle mondiale.<\/p>\n<\/div>\n<\/div><\/div><\/div><div id=\"panel-2654-3-0-1\" class=\"so-panel widget widget_sow-editor panel-last-child\" data-index=\"5\" ><div class=\"button panel-widget-style panel-widget-style-for-2654-3-0-1\" ><div\n\t\t\t\n\t\t\tclass=\"so-widget-sow-editor so-widget-sow-editor-base\"\n\t\t\t\n\t\t>\n<div class=\"siteorigin-widget-tinymce textwidget\">\n\t<p><a href=\"https:\/\/tritontimber.com\/fr\/innovations\/\">En savoir plus<\/a><\/p>\n<\/div>\n<\/div><\/div><\/div><\/div><\/div><\/div><div id=\"pg-2654-4\"  class=\"panel-grid panel-has-style\" ><div class=\"image_full siteorigin-panels-stretch panel-row-style panel-row-style-for-2654-4\" data-stretch-type=\"full\" ><div id=\"pgc-2654-4-0\"  class=\"panel-grid-cell panel-grid-cell-empty\" ><\/div><\/div><\/div><div id=\"pg-2654-5\"  class=\"panel-grid panel-has-style\" ><div class=\"txt_row panel-row-style panel-row-style-for-2654-5\" ><div id=\"pgc-2654-5-0\"  class=\"panel-grid-cell\" ><div id=\"panel-2654-5-0-0\" class=\"so-panel widget widget_sow-editor panel-first-child\" data-index=\"6\" ><div class=\"green panel-widget-style panel-widget-style-for-2654-5-0-0\" ><div\n\t\t\t\n\t\t\tclass=\"so-widget-sow-editor so-widget-sow-editor-base\"\n\t\t\t\n\t\t><h3 class=\"widget-title\">LE PROJET de<br \/> PETIT SAUT<\/h3>\n<div class=\"siteorigin-widget-tinymce textwidget\">\n\t<p><span style=\"font-weight: 400;\">Au c\u0153ur du territoire des Savanes, sur la commune de Sinnamary, Triton Guyane d\u00e9veloppe le projet innovant de r\u00e9colte et de valorisation de la ressource abandonn\u00e9e du lac de Petit-Saut en Guyane fran\u00e7aise. <\/span><\/p>\n<\/div>\n<\/div><\/div><\/div><div id=\"panel-2654-5-0-1\" class=\"so-panel widget widget_sow-editor panel-last-child\" data-index=\"7\" ><div class=\"button panel-widget-style panel-widget-style-for-2654-5-0-1\" ><div\n\t\t\t\n\t\t\tclass=\"so-widget-sow-editor so-widget-sow-editor-base\"\n\t\t\t\n\t\t>\n<div class=\"siteorigin-widget-tinymce textwidget\">\n\t<p><a href=\"http:\/\/tritontimber.com\/fr\/petit-saut\/\">En savoir plus<\/a><\/p>\n<\/div>\n<\/div><\/div><\/div><\/div><\/div><\/div><div id=\"pg-2654-6\"  class=\"panel-grid panel-has-style\" ><div class=\"image_full siteorigin-panels-stretch panel-row-style panel-row-style-for-2654-6\" data-stretch-type=\"full\" ><div id=\"pgc-2654-6-0\"  class=\"panel-grid-cell panel-grid-cell-empty\" ><\/div><\/div><\/div><div id=\"pg-2654-7\"  class=\"panel-grid panel-has-style\" ><div class=\"txt_row panel-row-style panel-row-style-for-2654-7\" ><div id=\"pgc-2654-7-0\"  class=\"panel-grid-cell\" ><div id=\"panel-2654-7-0-0\" class=\"so-panel widget widget_sow-editor panel-first-child\" data-index=\"8\" ><div class=\"blue panel-widget-style panel-widget-style-for-2654-7-0-0\" ><div\n\t\t\t\n\t\t\tclass=\"so-widget-sow-editor so-widget-sow-editor-base\"\n\t\t\t\n\t\t><h3 class=\"widget-title\">RESPONSABILITE <br \/> ENVIRONNEMENTALE <br \/>&amp; SOCIETALE<\/h3>\n<div class=\"siteorigin-widget-tinymce textwidget\">\n\t<p><span style=\"font-weight: 400;\">Partout o\u00f9 Triton intervient, nous collaborons avec les parties prenantes (Etats, r\u00e9gions, autochtones, usagers, etc) afin de mettre en \u0153uvre le meilleur de notre politique environnementale et sociale, dans le respect des r\u00e8glementations local. <\/span><\/p>\n<\/div>\n<\/div><\/div><\/div><div id=\"panel-2654-7-0-1\" class=\"so-panel widget widget_sow-editor panel-last-child\" data-index=\"9\" ><div class=\"button panel-widget-style panel-widget-style-for-2654-7-0-1\" ><div\n\t\t\t\n\t\t\tclass=\"so-widget-sow-editor so-widget-sow-editor-base\"\n\t\t\t\n\t\t>\n<div class=\"siteorigin-widget-tinymce textwidget\">\n\t<p><a href=\"https:\/\/tritontimber.com\/fr\/a-propos-de-nous\/our-commitments\/\">En savoir plus<\/a><\/p>\n<\/div>\n<\/div><\/div><\/div><\/div><\/div><\/div><div id=\"pg-2654-8\"  class=\"panel-grid panel-has-style\" ><div class=\"image_full siteorigin-panels-stretch panel-row-style panel-row-style-for-2654-8\" data-stretch-type=\"full\" ><div id=\"pgc-2654-8-0\"  class=\"panel-grid-cell panel-grid-cell-empty\" ><\/div><\/div><\/div><div id=\"pg-2654-9\"  class=\"panel-grid panel-has-style\" ><div class=\"txt_row panel-row-style panel-row-style-for-2654-9\" ><div id=\"pgc-2654-9-0\"  class=\"panel-grid-cell\" ><div id=\"panel-2654-9-0-0\" class=\"so-panel widget widget_sow-editor panel-first-child\" data-index=\"10\" ><div class=\"brown panel-widget-style panel-widget-style-for-2654-9-0-0\" ><div\n\t\t\t\n\t\t\tclass=\"so-widget-sow-editor so-widget-sow-editor-base\"\n\t\t\t\n\t\t><h3 class=\"widget-title\">LES PRODUITS<br \/>DU BOIS<\/h3>\n<div class=\"siteorigin-widget-tinymce textwidget\">\n\t<p>Triton op\u00e8re dans les for\u00eats immerg\u00e9es oubli\u00e9es du monde entier afin de proposer aux consommateurs une alternative raisonn\u00e9e au bois issu de la for\u00eat terrestre. Nous offrons une seconde vie \u00e0 ces bois \u00e0 l\u2019histoire unique. Les r\u00e9sidus et les connexes sont valoris\u00e9s en combustible pour la production d\u2019\u00e9lectricit\u00e9. <strong>Nous r\u00e9coltons le bois de mani\u00e8re s\u00e9curis\u00e9e, efficace et respectueuse de l'environnement gr\u00e2ce \u00e0 notre technologie innovante.<\/strong><\/p>\n<\/div>\n<\/div><\/div><\/div><div id=\"panel-2654-9-0-1\" class=\"so-panel widget widget_sow-editor panel-last-child\" data-index=\"11\" ><div class=\"button panel-widget-style panel-widget-style-for-2654-9-0-1\" ><div\n\t\t\t\n\t\t\tclass=\"so-widget-sow-editor so-widget-sow-editor-base\"\n\t\t\t\n\t\t>\n<div class=\"siteorigin-widget-tinymce textwidget\">\n\t<p><a href=\"https:\/\/tritontimber.com\/fr\/les-applications\/\">En savoir plus<\/a><\/p>\n<\/div>\n<\/div><\/div><\/div><\/div><\/div><\/div><\/div>","protected":false},"excerpt":{"rendered":"<p>Depuis les ann\u00e9es 2000, Triton est pionni\u00e8re dans la valorisation des bois immerg\u00e9s. Cela gr\u00e2ce \u00e0 la conception de nouvelles technologies, au d\u00e9veloppement de nouvelles concessions, \u00e0 l&rsquo;\u00e9valuation et aux inventaires des ressources disponibles, aux services d&rsquo;exploitation foresti\u00e8re et la vente de ces bois \u00e9co-responsables. Gr\u00e2ce \u00e0 ses syst\u00e8mes brevet\u00e9s SHARC\u2122 et SAWFISH\u2122, Triton r\u00e9cup\u00e8re [&hellip;]<\/p>\n","protected":false},"author":1,"featured_media":2594,"parent":0,"menu_order":0,"comment_status":"closed","ping_status":"closed","template":"","meta":{"_acf_changed":false,"inline_featured_image":false,"footnotes":""},"class_list":["post-2654","page","type-page","status-publish","has-post-thumbnail","hentry"],"acf":[],"yoast_head":"<!-- This site is optimized with the Yoast SEO plugin v27.4 - https:\/\/yoast.com\/product\/yoast-seo-wordpress\/ -->\n<title>Triton Timber Group - Valorisation des bois immerg\u00e9s<\/title>\n<meta name=\"description\" content=\"Homepage - Nous sommes le leader mondial de l&#039;extraction et de la valorisation des bois immerg\u00e9s. Contactez-nous!\" \/>\n<meta name=\"robots\" content=\"index, follow, max-snippet:-1, max-image-preview:large, max-video-preview:-1\" \/>\n<link rel=\"canonical\" href=\"https:\/\/tritontimber.com\/fr\/\" \/>\n<meta property=\"og:locale\" content=\"fr_FR\" \/>\n<meta property=\"og:type\" content=\"article\" \/>\n<meta property=\"og:title\" content=\"Triton Timber Group - Valorisation des bois immerg\u00e9s\" \/>\n<meta property=\"og:description\" content=\"Homepage - Nous sommes le leader mondial de l&#039;extraction et de la valorisation des bois immerg\u00e9s. Contactez-nous!\" \/>\n<meta property=\"og:url\" content=\"https:\/\/tritontimber.com\/fr\/\" \/>\n<meta property=\"og:site_name\" content=\"Triton Timber Group\" \/>\n<meta property=\"article:modified_time\" content=\"2025-07-29T18:05:23+00:00\" \/>\n<meta property=\"og:image\" content=\"https:\/\/tritontimber.com\/wp-content\/uploads\/2021\/09\/icon_brand-e1708517938252.jpg\" \/>\n\t<meta property=\"og:image:width\" content=\"512\" \/>\n\t<meta property=\"og:image:height\" content=\"512\" \/>\n\t<meta property=\"og:image:type\" content=\"image\/jpeg\" \/>\n<meta name=\"twitter:card\" content=\"summary_large_image\" \/>\n<meta name=\"twitter:label1\" content=\"Dur\u00e9e de lecture estim\u00e9e\" \/>\n\t<meta name=\"twitter:data1\" content=\"2 minutes\" \/>\n<script type=\"application\/ld+json\" class=\"yoast-schema-graph\">{\"@context\":\"https:\\\/\\\/schema.org\",\"@graph\":[{\"@type\":\"WebPage\",\"@id\":\"https:\\\/\\\/tritontimber.com\\\/fr\\\/\",\"url\":\"https:\\\/\\\/tritontimber.com\\\/fr\\\/\",\"name\":\"Triton Timber Group - Valorisation des bois immerg\u00e9s\",\"isPartOf\":{\"@id\":\"https:\\\/\\\/tritontimber.com\\\/#website\"},\"primaryImageOfPage\":{\"@id\":\"https:\\\/\\\/tritontimber.com\\\/fr\\\/#primaryimage\"},\"image\":{\"@id\":\"https:\\\/\\\/tritontimber.com\\\/fr\\\/#primaryimage\"},\"thumbnailUrl\":\"https:\\\/\\\/tritontimber.com\\\/wp-content\\\/uploads\\\/2021\\\/09\\\/icon_brand-e1708517938252.jpg\",\"datePublished\":\"2021-08-04T13:39:59+00:00\",\"dateModified\":\"2025-07-29T18:05:23+00:00\",\"description\":\"Homepage - Nous sommes le leader mondial de l'extraction et de la valorisation des bois immerg\u00e9s. Contactez-nous!\",\"breadcrumb\":{\"@id\":\"https:\\\/\\\/tritontimber.com\\\/fr\\\/#breadcrumb\"},\"inLanguage\":\"fr-FR\",\"potentialAction\":[{\"@type\":\"ReadAction\",\"target\":[\"https:\\\/\\\/tritontimber.com\\\/fr\\\/\"]}]},{\"@type\":\"ImageObject\",\"inLanguage\":\"fr-FR\",\"@id\":\"https:\\\/\\\/tritontimber.com\\\/fr\\\/#primaryimage\",\"url\":\"https:\\\/\\\/tritontimber.com\\\/wp-content\\\/uploads\\\/2021\\\/09\\\/icon_brand-e1708517938252.jpg\",\"contentUrl\":\"https:\\\/\\\/tritontimber.com\\\/wp-content\\\/uploads\\\/2021\\\/09\\\/icon_brand-e1708517938252.jpg\",\"width\":512,\"height\":512},{\"@type\":\"BreadcrumbList\",\"@id\":\"https:\\\/\\\/tritontimber.com\\\/fr\\\/#breadcrumb\",\"itemListElement\":[{\"@type\":\"ListItem\",\"position\":1,\"name\":\"Home\",\"item\":\"https:\\\/\\\/tritontimber.com\\\/fr\\\/\"},{\"@type\":\"ListItem\",\"position\":2,\"name\":\"Homepage\"}]},{\"@type\":\"WebSite\",\"@id\":\"https:\\\/\\\/tritontimber.com\\\/#website\",\"url\":\"https:\\\/\\\/tritontimber.com\\\/\",\"name\":\"Triton Timber Group\",\"description\":\"Underwater Harvesting Specialists\",\"publisher\":{\"@id\":\"https:\\\/\\\/tritontimber.com\\\/#organization\"},\"potentialAction\":[{\"@type\":\"SearchAction\",\"target\":{\"@type\":\"EntryPoint\",\"urlTemplate\":\"https:\\\/\\\/tritontimber.com\\\/?s={search_term_string}\"},\"query-input\":{\"@type\":\"PropertyValueSpecification\",\"valueRequired\":true,\"valueName\":\"search_term_string\"}}],\"inLanguage\":\"fr-FR\"},{\"@type\":\"Organization\",\"@id\":\"https:\\\/\\\/tritontimber.com\\\/#organization\",\"name\":\"Triton Timber Group\",\"url\":\"https:\\\/\\\/tritontimber.com\\\/\",\"logo\":{\"@type\":\"ImageObject\",\"inLanguage\":\"fr-FR\",\"@id\":\"https:\\\/\\\/tritontimber.com\\\/#\\\/schema\\\/logo\\\/image\\\/\",\"url\":\"https:\\\/\\\/tritontimber.com\\\/wp-content\\\/uploads\\\/2021\\\/10\\\/triton_logo.svg\",\"contentUrl\":\"https:\\\/\\\/tritontimber.com\\\/wp-content\\\/uploads\\\/2021\\\/10\\\/triton_logo.svg\",\"caption\":\"Triton Timber Group\"},\"image\":{\"@id\":\"https:\\\/\\\/tritontimber.com\\\/#\\\/schema\\\/logo\\\/image\\\/\"}}]}<\/script>\n<!-- \/ Yoast SEO plugin. -->","yoast_head_json":{"title":"Triton Timber Group - Valorisation des bois immerg\u00e9s","description":"Homepage - Nous sommes le leader mondial de l'extraction et de la valorisation des bois immerg\u00e9s. Contactez-nous!","robots":{"index":"index","follow":"follow","max-snippet":"max-snippet:-1","max-image-preview":"max-image-preview:large","max-video-preview":"max-video-preview:-1"},"canonical":"https:\/\/tritontimber.com\/fr\/","og_locale":"fr_FR","og_type":"article","og_title":"Triton Timber Group - Valorisation des bois immerg\u00e9s","og_description":"Homepage - Nous sommes le leader mondial de l'extraction et de la valorisation des bois immerg\u00e9s. Contactez-nous!","og_url":"https:\/\/tritontimber.com\/fr\/","og_site_name":"Triton Timber Group","article_modified_time":"2025-07-29T18:05:23+00:00","og_image":[{"width":512,"height":512,"url":"https:\/\/tritontimber.com\/wp-content\/uploads\/2021\/09\/icon_brand-e1708517938252.jpg","type":"image\/jpeg"}],"twitter_card":"summary_large_image","twitter_misc":{"Dur\u00e9e de lecture estim\u00e9e":"2 minutes"},"schema":{"@context":"https:\/\/schema.org","@graph":[{"@type":"WebPage","@id":"https:\/\/tritontimber.com\/fr\/","url":"https:\/\/tritontimber.com\/fr\/","name":"Triton Timber Group - Valorisation des bois immerg\u00e9s","isPartOf":{"@id":"https:\/\/tritontimber.com\/#website"},"primaryImageOfPage":{"@id":"https:\/\/tritontimber.com\/fr\/#primaryimage"},"image":{"@id":"https:\/\/tritontimber.com\/fr\/#primaryimage"},"thumbnailUrl":"https:\/\/tritontimber.com\/wp-content\/uploads\/2021\/09\/icon_brand-e1708517938252.jpg","datePublished":"2021-08-04T13:39:59+00:00","dateModified":"2025-07-29T18:05:23+00:00","description":"Homepage - Nous sommes le leader mondial de l'extraction et de la valorisation des bois immerg\u00e9s. Contactez-nous!","breadcrumb":{"@id":"https:\/\/tritontimber.com\/fr\/#breadcrumb"},"inLanguage":"fr-FR","potentialAction":[{"@type":"ReadAction","target":["https:\/\/tritontimber.com\/fr\/"]}]},{"@type":"ImageObject","inLanguage":"fr-FR","@id":"https:\/\/tritontimber.com\/fr\/#primaryimage","url":"https:\/\/tritontimber.com\/wp-content\/uploads\/2021\/09\/icon_brand-e1708517938252.jpg","contentUrl":"https:\/\/tritontimber.com\/wp-content\/uploads\/2021\/09\/icon_brand-e1708517938252.jpg","width":512,"height":512},{"@type":"BreadcrumbList","@id":"https:\/\/tritontimber.com\/fr\/#breadcrumb","itemListElement":[{"@type":"ListItem","position":1,"name":"Home","item":"https:\/\/tritontimber.com\/fr\/"},{"@type":"ListItem","position":2,"name":"Homepage"}]},{"@type":"WebSite","@id":"https:\/\/tritontimber.com\/#website","url":"https:\/\/tritontimber.com\/","name":"Triton Timber Group","description":"Underwater Harvesting Specialists","publisher":{"@id":"https:\/\/tritontimber.com\/#organization"},"potentialAction":[{"@type":"SearchAction","target":{"@type":"EntryPoint","urlTemplate":"https:\/\/tritontimber.com\/?s={search_term_string}"},"query-input":{"@type":"PropertyValueSpecification","valueRequired":true,"valueName":"search_term_string"}}],"inLanguage":"fr-FR"},{"@type":"Organization","@id":"https:\/\/tritontimber.com\/#organization","name":"Triton Timber Group","url":"https:\/\/tritontimber.com\/","logo":{"@type":"ImageObject","inLanguage":"fr-FR","@id":"https:\/\/tritontimber.com\/#\/schema\/logo\/image\/","url":"https:\/\/tritontimber.com\/wp-content\/uploads\/2021\/10\/triton_logo.svg","contentUrl":"https:\/\/tritontimber.com\/wp-content\/uploads\/2021\/10\/triton_logo.svg","caption":"Triton Timber Group"},"image":{"@id":"https:\/\/tritontimber.com\/#\/schema\/logo\/image\/"}}]}},"_links":{"self":[{"href":"https:\/\/tritontimber.com\/fr\/wp-json\/wp\/v2\/pages\/2654","targetHints":{"allow":["GET"]}}],"collection":[{"href":"https:\/\/tritontimber.com\/fr\/wp-json\/wp\/v2\/pages"}],"about":[{"href":"https:\/\/tritontimber.com\/fr\/wp-json\/wp\/v2\/types\/page"}],"author":[{"embeddable":true,"href":"https:\/\/tritontimber.com\/fr\/wp-json\/wp\/v2\/users\/1"}],"replies":[{"embeddable":true,"href":"https:\/\/tritontimber.com\/fr\/wp-json\/wp\/v2\/comments?post=2654"}],"version-history":[{"count":5,"href":"https:\/\/tritontimber.com\/fr\/wp-json\/wp\/v2\/pages\/2654\/revisions"}],"predecessor-version":[{"id":4256,"href":"https:\/\/tritontimber.com\/fr\/wp-json\/wp\/v2\/pages\/2654\/revisions\/4256"}],"wp:featuredmedia":[{"embeddable":true,"href":"https:\/\/tritontimber.com\/fr\/wp-json\/wp\/v2\/media\/2594"}],"wp:attachment":[{"href":"https:\/\/tritontimber.com\/fr\/wp-json\/wp\/v2\/media?parent=2654"}],"curies":[{"name":"wp","href":"https:\/\/api.w.org\/{rel}","templated":true}]}}