{"id":2658,"date":"2021-08-18T15:50:22","date_gmt":"2021-08-18T15:50:22","guid":{"rendered":"https:\/\/tritontimber.com\/innovation\/sharc-harvester\/"},"modified":"2023-07-13T09:10:19","modified_gmt":"2023-07-13T09:10:19","slug":"le-sharc","status":"publish","type":"page","link":"https:\/\/tritontimber.com\/fr\/innovations\/le-sharc\/","title":{"rendered":"Le Sharc\u2122"},"content":{"rendered":"<div id=\"pl-2658\"  class=\"panel-layout\" ><div id=\"pg-2658-0\"  class=\"panel-grid panel-has-style\" ><div class=\"txt_row siteorigin-panels-stretch panel-row-style panel-row-style-for-2658-0\" id=\"header_txt\" data-stretch-type=\"full\" ><div id=\"pgc-2658-0-0\"  class=\"panel-grid-cell\" ><div id=\"panel-2658-0-0-0\" class=\"so-panel widget widget_sow-editor panel-first-child panel-last-child\" data-index=\"0\" ><div class=\"blue panel-widget-style panel-widget-style-for-2658-0-0-0\" ><div\n\t\t\t\n\t\t\tclass=\"so-widget-sow-editor so-widget-sow-editor-base\"\n\t\t\t\n\t\t><h3 class=\"widget-title\">Le Sharc\u2122<\/h3>\n<div class=\"siteorigin-widget-tinymce textwidget\">\n\t<p>Le SHARC\u2122 (brevet am\u00e9ricain n\u00b0 8.096.334) est un syst\u00e8me de coupe sous-marin polyvalent capable de couper des arbres \u00e0 une profondeur inf\u00e9rieure \u00e0 30 m\u00e8tres, lorsque la production et la man\u0153uvrabilit\u00e9 sont d\u00e9terminantes.<\/p>\n<\/div>\n<\/div><\/div><\/div><\/div><div id=\"pgc-2658-0-1\"  class=\"panel-grid-cell\" ><div id=\"panel-2658-0-1-0\" class=\"so-panel widget widget_sow-image panel-first-child panel-last-child\" data-index=\"1\" ><div id=\"header_img\" class=\"panel-widget-style panel-widget-style-for-2658-0-1-0\" ><div\n\t\t\t\n\t\t\tclass=\"so-widget-sow-image so-widget-sow-image-default-e4c2d9f6c920-2658\"\n\t\t\t\n\t\t>\n<div class=\"sow-image-container\">\n\t\t<img \n\tsrc=\"https:\/\/tritontimber.com\/wp-content\/uploads\/2021\/08\/Group-225@2x.png\" width=\"180\" height=\"260\" sizes=\"(max-width: 180px) 100vw, 180px\" title=\"Group 225@2x\" alt=\"\" \t\tclass=\"so-widget-image\"\/>\n\t<\/div>\n\n<\/div><\/div><\/div><\/div><\/div><\/div><div id=\"pg-2658-1\"  class=\"panel-grid panel-has-style\" ><div class=\"siteorigin-panels-stretch panel-row-style panel-row-style-for-2658-1\" data-stretch-type=\"full\" ><div id=\"pgc-2658-1-0\"  class=\"panel-grid-cell panel-grid-cell-empty\" ><\/div><\/div><\/div><div id=\"pg-2658-2\"  class=\"panel-grid panel-has-style\" ><div class=\"content_inner panel-row-style panel-row-style-for-2658-2\" ><div id=\"pgc-2658-2-0\"  class=\"panel-grid-cell\" ><div id=\"panel-2658-2-0-0\" class=\"so-panel widget widget_nav_menu panel-first-child panel-last-child\" data-index=\"2\" ><div class=\"side-menu panel-widget-style panel-widget-style-for-2658-2-0-0\" ><div class=\"menu-menu-container\"><ul id=\"menu-menu\" class=\"menu\"><li id=\"menu-item-642\" class=\"menu-item menu-item-type-post_type menu-item-object-page menu-item-has-children menu-item-642\"><a href=\"https:\/\/tritontimber.com\/about-us\/\">\u00c0 propos de nous<\/a>\n<ul class=\"sub-menu\">\n\t<li id=\"menu-item-643\" class=\"menu-item menu-item-type-post_type menu-item-object-page menu-item-643\"><a href=\"https:\/\/tritontimber.com\/about-us\/our-story\/\">Notre histoire<\/a><\/li>\n\t<li id=\"menu-item-644\" class=\"menu-item menu-item-type-post_type menu-item-object-page menu-item-644\"><a href=\"https:\/\/tritontimber.com\/about-us\/our-team\/\">Notre \u00e9quipe<\/a><\/li>\n\t<li id=\"menu-item-1594\" class=\"menu-item menu-item-type-post_type menu-item-object-page menu-item-1594\"><a href=\"https:\/\/tritontimber.com\/about-us\/what-we-do\/\">Notre mission<\/a><\/li>\n\t<li id=\"menu-item-654\" class=\"menu-item menu-item-type-post_type menu-item-object-page menu-item-654\"><a href=\"https:\/\/tritontimber.com\/projects\/\">Nos projets<\/a><\/li>\n\t<li id=\"menu-item-645\" class=\"menu-item menu-item-type-post_type menu-item-object-page menu-item-645\"><a href=\"https:\/\/tritontimber.com\/about-us\/our-commitments\/\">Nos engagements<\/a><\/li>\n<\/ul>\n<\/li>\n<li id=\"menu-item-3371\" class=\"menu-item menu-item-type-post_type menu-item-object-page menu-item-3371\"><a href=\"https:\/\/tritontimber.com\/petit-saut\/\">Petit Saut<\/a><\/li>\n<li id=\"menu-item-646\" class=\"menu-item menu-item-type-post_type menu-item-object-page menu-item-646\"><a href=\"https:\/\/tritontimber.com\/services\/\">Services<\/a><\/li>\n<li id=\"menu-item-655\" class=\"menu-item menu-item-type-post_type menu-item-object-page menu-item-has-children menu-item-655\"><a href=\"https:\/\/tritontimber.com\/products\/\">Les applications<\/a>\n<ul class=\"sub-menu\">\n\t<li id=\"menu-item-656\" class=\"menu-item menu-item-type-post_type menu-item-object-page menu-item-656\"><a href=\"https:\/\/tritontimber.com\/products\/reclaimed-wood-products\/\">Reclaimed wood products<\/a><\/li>\n\t<li id=\"menu-item-657\" class=\"menu-item menu-item-type-post_type menu-item-object-page menu-item-657\"><a href=\"https:\/\/tritontimber.com\/products\/biomass-products\/\">Le Bois Energie<\/a><\/li>\n<\/ul>\n<\/li>\n<li id=\"menu-item-658\" class=\"menu-item menu-item-type-post_type menu-item-object-page menu-item-has-children menu-item-658\"><a href=\"https:\/\/tritontimber.com\/innovation\/\">Innovations<\/a>\n<ul class=\"sub-menu\">\n\t<li id=\"menu-item-659\" class=\"menu-item menu-item-type-post_type menu-item-object-page menu-item-659\"><a href=\"https:\/\/tritontimber.com\/innovation\/sharc-harvester\/\">Le Sharc\u2122<\/a><\/li>\n\t<li id=\"menu-item-1704\" class=\"menu-item menu-item-type-post_type menu-item-object-page menu-item-1704\"><a href=\"https:\/\/tritontimber.com\/innovation\/sawfish-harvester\/\">Le robot Sawfish\u2122<\/a><\/li>\n<\/ul>\n<\/li>\n<li id=\"menu-item-4247\" class=\"menu-item menu-item-type-custom menu-item-object-custom menu-item-4247\"><a target=\"_blank\" href=\"https:\/\/triton-timber.taleez.com\/en\">Careers<\/a><\/li>\n<li id=\"menu-item-680\" class=\"menu-item menu-item-type-post_type menu-item-object-page menu-item-680\"><a href=\"https:\/\/tritontimber.com\/contact\/\">Contacts<\/a><\/li>\n<li id=\"menu-item-wpml-ls-2-en\" class=\"menu-item wpml-ls-slot-2 wpml-ls-item wpml-ls-item-en wpml-ls-menu-item wpml-ls-first-item menu-item-type-wpml_ls_menu_item menu-item-object-wpml_ls_menu_item menu-item-wpml-ls-2-en\"><a href=\"https:\/\/tritontimber.com\/\" title=\"Passer \u00e0 EN (EN)\" aria-label=\"Passer \u00e0 EN (EN)\"><span class=\"wpml-ls-native\" lang=\"en\">EN<\/span><\/a><\/li>\n<li id=\"menu-item-wpml-ls-2-fr\" class=\"menu-item wpml-ls-slot-2 wpml-ls-item wpml-ls-item-fr wpml-ls-current-language wpml-ls-menu-item wpml-ls-last-item menu-item-type-wpml_ls_menu_item menu-item-object-wpml_ls_menu_item menu-item-wpml-ls-2-fr\"><a href=\"https:\/\/tritontimber.com\/fr\/\" aria-current=\"page\"><span class=\"wpml-ls-native\" lang=\"fr\">FR<\/span><\/a><\/li>\n<\/ul><\/div><\/div><\/div><\/div><div id=\"pgc-2658-2-1\"  class=\"panel-grid-cell\" ><div id=\"panel-2658-2-1-0\" class=\"so-panel widget widget_sow-editor panel-first-child panel-last-child\" data-index=\"3\" ><div\n\t\t\t\n\t\t\tclass=\"so-widget-sow-editor so-widget-sow-editor-base\"\n\t\t\t\n\t\t>\n<div class=\"siteorigin-widget-tinymce textwidget\">\n\t<p><strong>Le SHARC\u2122 est un syst\u00e8me de coupe autonome, mont\u00e9 sur une barge, comprenant des \u00e9quipements forestiers et nautiques ayant fait leurs preuves.<\/strong> Ses quatre principaux composants sont : une barge autopropuls\u00e9e, une chargeuse foresti\u00e8re, un bras t\u00e9lescopique et une t\u00eate de coupe \u00e0 grappin.<\/p>\n<p>Un seul pilote suffit pour faire fonctionner le SHARC\u2122. Les logiciels de navigation, de coupe, de suivi et de r\u00e9cup\u00e9ration sont int\u00e9gr\u00e9s dans la cabine de la chargeuse. Ainsi les informations provenant de la vid\u00e9o, des cartes et du sonar apparaissent directement sur des \u00e9crans interactifs \u00e0 vues multiples pour aider le pilote \u00e0 se diriger vers les arbres cibles. <\/p>\n<p>Une fois que les arbres ont \u00e9t\u00e9 localis\u00e9s \u00e0 l'aide du sonar et de la vid\u00e9o, le bras t\u00e9lescopique d\u00e9ploie sa t\u00eate de coupe jusqu'\u00e0 la base de l'arbre. Le grappin se fixe alors \u00e0 l'arbre et la scie le sectionne au plus pr\u00e8s de la base mais sans jamais perturber le lit du lac. Le tronc de l'arbre est ensuite remont\u00e9 \u00e0 la surface et d\u00e9pos\u00e9 dans un treillis flottant. Ces derniers (d\u00e9tachables) sont ensuite remorqu\u00e9s jusqu'\u00e0 la rive pour \u00eatre tri\u00e9s et sci\u00e9s.  <\/p>\n<p><strong>Parmi les caract\u00e9ristiques de SHARC\u2122, figurent :<\/strong><\/p>\n<ul>\n<li>Des composants de machine puissants et de qualit\u00e9 industrielle pour faire face \u00e0 plusieurs tailles d'arbres<\/li>\n<li>Un syst\u00e8me de positionnement dynamique (DPS) pour une navigation automatis\u00e9e avec propulseurs guid\u00e9s par GPS.<\/li>\n<li>La possibilit\u00e9 de couper des arbres avec pr\u00e9cision en continu gr\u00e2ce \u00e0 des treillis flottants d\u00e9tachables.<\/li>\n<li>Biodegradable hydraulic fluids for environmentally friendly operation.<\/li>\n<\/ul>\n<\/div>\n<\/div><\/div><\/div><\/div><\/div><div id=\"pg-2658-3\"  class=\"panel-grid panel-has-style\" ><div class=\"boxes siteorigin-panels-stretch panel-row-style panel-row-style-for-2658-3\" data-stretch-type=\"full\" ><div id=\"pgc-2658-3-0\"  class=\"panel-grid-cell\" ><div id=\"panel-2658-3-0-0\" class=\"widget_text so-panel widget widget_custom_html panel-first-child\" data-index=\"4\" ><div class=\"widget_text panel-widget-style panel-widget-style-for-2658-3-0-0\" ><div class=\"textwidget custom-html-widget\"> <video width=\"100%\" height=\"auto\" controls=\"\" poster=\"\">\n  <source src=\"https:\/\/tritontimber.com\/wp-content\/uploads\/2022\/05\/Triton-Timber-Underwater-Harvesting-with-the-SHARC-3D-animation_01.mp4\" type=\"video\/webm\">\n Votre navigateur ne prend pas en charge la balise vid\u00e9o.\n<\/source><\/video> <\/div><\/div><\/div><div id=\"panel-2658-3-0-1\" class=\"widget_text so-panel widget widget_custom_html panel-last-child\" data-index=\"5\" ><div class=\"textwidget custom-html-widget\"> <video width=\"100%\" height=\"auto\" controls=\"\" poster=\"https:\/\/tritontimber.com\/wp-content\/uploads\/2021\/09\/12c48a3eeda7c32f7fb2bbc610ca680b.jpg\">\n  <source src=\"http:\/\/tritontimber.com\/wp-content\/uploads\/2021\/09\/Sharc_video.webm\" type=\"video\/webm\">\n Votre navigateur ne prend pas en charge la balise vid\u00e9o.\n<\/source><\/video> <\/div><\/div><\/div><\/div><\/div><div id=\"pg-2658-4\"  class=\"panel-grid panel-has-style\" ><div class=\"panel-row-style panel-row-style-for-2658-4\" ><div id=\"pgc-2658-4-0\"  class=\"panel-grid-cell\" ><div id=\"panel-2658-4-0-0\" class=\"so-panel widget widget_sow-image panel-first-child panel-last-child\" data-index=\"6\" ><div class=\"box_img panel-widget-style panel-widget-style-for-2658-4-0-0\" ><div\n\t\t\t\n\t\t\tclass=\"so-widget-sow-image so-widget-sow-image-default-dbf295114b96-2658\"\n\t\t\t\n\t\t>\n<div class=\"sow-image-container\">\n\t\t<img \n\tsrc=\"https:\/\/tritontimber.com\/wp-content\/uploads\/2021\/08\/triton-timber-underwater-forests-wood-products-236@2x.png\" width=\"1430\" height=\"900\" srcset=\"https:\/\/tritontimber.com\/wp-content\/uploads\/2021\/08\/triton-timber-underwater-forests-wood-products-236@2x.png 1430w, https:\/\/tritontimber.com\/wp-content\/uploads\/2021\/08\/triton-timber-underwater-forests-wood-products-236@2x-300x189.png 300w, https:\/\/tritontimber.com\/wp-content\/uploads\/2021\/08\/triton-timber-underwater-forests-wood-products-236@2x-1024x644.png 1024w, https:\/\/tritontimber.com\/wp-content\/uploads\/2021\/08\/triton-timber-underwater-forests-wood-products-236@2x-768x483.png 768w\" sizes=\"(max-width: 1430px) 100vw, 1430px\" alt=\"\" \t\tclass=\"so-widget-image\"\/>\n\t<\/div>\n\n<\/div><\/div><\/div><\/div><div id=\"pgc-2658-4-1\"  class=\"panel-grid-cell\" ><div id=\"panel-2658-4-1-0\" class=\"so-panel widget widget_sow-image panel-first-child panel-last-child\" data-index=\"7\" ><div class=\"box_img panel-widget-style panel-widget-style-for-2658-4-1-0\" ><div\n\t\t\t\n\t\t\tclass=\"so-widget-sow-image so-widget-sow-image-default-dbf295114b96-2658\"\n\t\t\t\n\t\t>\n<div class=\"sow-image-container\">\n\t\t<img \n\tsrc=\"https:\/\/tritontimber.com\/wp-content\/uploads\/2021\/08\/triton-timber-underwater-forests-wood-products-191@2x.png\" width=\"1428\" height=\"900\" srcset=\"https:\/\/tritontimber.com\/wp-content\/uploads\/2021\/08\/triton-timber-underwater-forests-wood-products-191@2x.png 1428w, https:\/\/tritontimber.com\/wp-content\/uploads\/2021\/08\/triton-timber-underwater-forests-wood-products-191@2x-300x189.png 300w, https:\/\/tritontimber.com\/wp-content\/uploads\/2021\/08\/triton-timber-underwater-forests-wood-products-191@2x-1024x645.png 1024w, https:\/\/tritontimber.com\/wp-content\/uploads\/2021\/08\/triton-timber-underwater-forests-wood-products-191@2x-768x484.png 768w\" sizes=\"(max-width: 1428px) 100vw, 1428px\" alt=\"\" \t\tclass=\"so-widget-image\"\/>\n\t<\/div>\n\n<\/div><\/div><\/div><\/div><\/div><\/div><div id=\"pg-2658-5\"  class=\"panel-grid panel-has-style\" ><div class=\"panel-row-style panel-row-style-for-2658-5\" ><div id=\"pgc-2658-5-0\"  class=\"panel-grid-cell\" ><div id=\"panel-2658-5-0-0\" class=\"so-panel widget widget_sow-image panel-first-child panel-last-child\" data-index=\"8\" ><div class=\"box_img panel-widget-style panel-widget-style-for-2658-5-0-0\" ><div\n\t\t\t\n\t\t\tclass=\"so-widget-sow-image so-widget-sow-image-default-dbf295114b96-2658\"\n\t\t\t\n\t\t>\n<div class=\"sow-image-container\">\n\t\t<img \n\tsrc=\"https:\/\/tritontimber.com\/wp-content\/uploads\/2021\/08\/triton-timber-underwater-forests-wood-products-198@2x.png\" width=\"1430\" height=\"900\" srcset=\"https:\/\/tritontimber.com\/wp-content\/uploads\/2021\/08\/triton-timber-underwater-forests-wood-products-198@2x.png 1430w, https:\/\/tritontimber.com\/wp-content\/uploads\/2021\/08\/triton-timber-underwater-forests-wood-products-198@2x-300x189.png 300w, https:\/\/tritontimber.com\/wp-content\/uploads\/2021\/08\/triton-timber-underwater-forests-wood-products-198@2x-1024x644.png 1024w, https:\/\/tritontimber.com\/wp-content\/uploads\/2021\/08\/triton-timber-underwater-forests-wood-products-198@2x-768x483.png 768w\" sizes=\"(max-width: 1430px) 100vw, 1430px\" alt=\"\" \t\tclass=\"so-widget-image\"\/>\n\t<\/div>\n\n<\/div><\/div><\/div><\/div><div id=\"pgc-2658-5-1\"  class=\"panel-grid-cell\" ><div id=\"panel-2658-5-1-0\" class=\"so-panel widget widget_sow-image panel-first-child panel-last-child\" data-index=\"9\" ><div class=\"box_img panel-widget-style panel-widget-style-for-2658-5-1-0\" ><div\n\t\t\t\n\t\t\tclass=\"so-widget-sow-image so-widget-sow-image-default-dbf295114b96-2658\"\n\t\t\t\n\t\t>\n<div class=\"sow-image-container\">\n\t\t<img \n\tsrc=\"https:\/\/tritontimber.com\/wp-content\/uploads\/2021\/08\/triton-timber-underwater-forests-wood-products-241@2x.png\" width=\"1428\" height=\"900\" srcset=\"https:\/\/tritontimber.com\/wp-content\/uploads\/2021\/08\/triton-timber-underwater-forests-wood-products-241@2x.png 1428w, https:\/\/tritontimber.com\/wp-content\/uploads\/2021\/08\/triton-timber-underwater-forests-wood-products-241@2x-300x189.png 300w, https:\/\/tritontimber.com\/wp-content\/uploads\/2021\/08\/triton-timber-underwater-forests-wood-products-241@2x-1024x645.png 1024w, https:\/\/tritontimber.com\/wp-content\/uploads\/2021\/08\/triton-timber-underwater-forests-wood-products-241@2x-768x484.png 768w\" sizes=\"(max-width: 1428px) 100vw, 1428px\" alt=\"\" \t\tclass=\"so-widget-image\"\/>\n\t<\/div>\n\n<\/div><\/div><\/div><\/div><\/div><\/div><\/div>","protected":false},"excerpt":{"rendered":"<p>Le SHARC\u2122 (brevet am\u00e9ricain n\u00b0 8.096.334) est un syst\u00e8me de coupe sous-marin polyvalent capable de couper des arbres \u00e0 une profondeur inf\u00e9rieure \u00e0 30 m\u00e8tres, lorsque la production et la man\u0153uvrabilit\u00e9 sont d\u00e9terminantes.<\/p>\n","protected":false},"author":1,"featured_media":0,"parent":2656,"menu_order":0,"comment_status":"closed","ping_status":"closed","template":"","meta":{"_acf_changed":false,"inline_featured_image":false,"footnotes":""},"class_list":["post-2658","page","type-page","status-publish","hentry"],"acf":[],"yoast_head":"<!-- This site is optimized with the Yoast SEO plugin v27.5 - https:\/\/yoast.com\/product\/yoast-seo-wordpress\/ -->\n<title>Le Sharc\u2122 - Triton Timber Group - wood products<\/title>\n<meta name=\"description\" content=\"Le Sharc\u2122 - We operate in Underwater timber harvesting, Reclaimed wood products and Reservoir management \/ Reservoir services! Contact us!\" \/>\n<meta name=\"robots\" content=\"index, follow, max-snippet:-1, max-image-preview:large, max-video-preview:-1\" \/>\n<link rel=\"canonical\" href=\"https:\/\/tritontimber.com\/fr\/innovations\/le-sharc\/\" \/>\n<meta property=\"og:locale\" content=\"fr_FR\" \/>\n<meta property=\"og:type\" content=\"article\" \/>\n<meta property=\"og:title\" content=\"Le Sharc\u2122 - Triton Timber Group - wood products\" \/>\n<meta property=\"og:description\" content=\"Le Sharc\u2122 - We operate in Underwater timber harvesting, Reclaimed wood products and Reservoir management \/ Reservoir services! Contact us!\" \/>\n<meta property=\"og:url\" content=\"https:\/\/tritontimber.com\/fr\/innovations\/le-sharc\/\" \/>\n<meta property=\"og:site_name\" content=\"Triton Timber Group\" \/>\n<meta property=\"article:modified_time\" content=\"2023-07-13T09:10:19+00:00\" \/>\n<meta name=\"twitter:card\" content=\"summary_large_image\" \/>\n<meta name=\"twitter:label1\" content=\"Dur\u00e9e de lecture estim\u00e9e\" \/>\n\t<meta name=\"twitter:data1\" content=\"2 minutes\" \/>\n<script type=\"application\/ld+json\" class=\"yoast-schema-graph\">{\"@context\":\"https:\\\/\\\/schema.org\",\"@graph\":[{\"@type\":\"WebPage\",\"@id\":\"https:\\\/\\\/tritontimber.com\\\/fr\\\/innovations\\\/le-sharc\\\/\",\"url\":\"https:\\\/\\\/tritontimber.com\\\/fr\\\/innovations\\\/le-sharc\\\/\",\"name\":\"Le Sharc\u2122 - Triton Timber Group - wood products\",\"isPartOf\":{\"@id\":\"https:\\\/\\\/tritontimber.com\\\/#website\"},\"datePublished\":\"2021-08-18T15:50:22+00:00\",\"dateModified\":\"2023-07-13T09:10:19+00:00\",\"description\":\"Le Sharc\u2122 - We operate in Underwater timber harvesting, Reclaimed wood products and Reservoir management \\\/ Reservoir services! Contact us!\",\"breadcrumb\":{\"@id\":\"https:\\\/\\\/tritontimber.com\\\/fr\\\/innovations\\\/le-sharc\\\/#breadcrumb\"},\"inLanguage\":\"fr-FR\",\"potentialAction\":[{\"@type\":\"ReadAction\",\"target\":[\"https:\\\/\\\/tritontimber.com\\\/fr\\\/innovations\\\/le-sharc\\\/\"]}]},{\"@type\":\"BreadcrumbList\",\"@id\":\"https:\\\/\\\/tritontimber.com\\\/fr\\\/innovations\\\/le-sharc\\\/#breadcrumb\",\"itemListElement\":[{\"@type\":\"ListItem\",\"position\":1,\"name\":\"Home\",\"item\":\"https:\\\/\\\/tritontimber.com\\\/fr\\\/\"},{\"@type\":\"ListItem\",\"position\":2,\"name\":\"Innovations\",\"item\":\"https:\\\/\\\/tritontimber.com\\\/fr\\\/innovations\\\/\"},{\"@type\":\"ListItem\",\"position\":3,\"name\":\"Le Sharc\u2122\"}]},{\"@type\":\"WebSite\",\"@id\":\"https:\\\/\\\/tritontimber.com\\\/#website\",\"url\":\"https:\\\/\\\/tritontimber.com\\\/\",\"name\":\"Triton Timber Group\",\"description\":\"Underwater Harvesting Specialists\",\"publisher\":{\"@id\":\"https:\\\/\\\/tritontimber.com\\\/#organization\"},\"potentialAction\":[{\"@type\":\"SearchAction\",\"target\":{\"@type\":\"EntryPoint\",\"urlTemplate\":\"https:\\\/\\\/tritontimber.com\\\/?s={search_term_string}\"},\"query-input\":{\"@type\":\"PropertyValueSpecification\",\"valueRequired\":true,\"valueName\":\"search_term_string\"}}],\"inLanguage\":\"fr-FR\"},{\"@type\":\"Organization\",\"@id\":\"https:\\\/\\\/tritontimber.com\\\/#organization\",\"name\":\"Triton Timber Group\",\"url\":\"https:\\\/\\\/tritontimber.com\\\/\",\"logo\":{\"@type\":\"ImageObject\",\"inLanguage\":\"fr-FR\",\"@id\":\"https:\\\/\\\/tritontimber.com\\\/#\\\/schema\\\/logo\\\/image\\\/\",\"url\":\"https:\\\/\\\/tritontimber.com\\\/wp-content\\\/uploads\\\/2021\\\/10\\\/triton_logo.svg\",\"contentUrl\":\"https:\\\/\\\/tritontimber.com\\\/wp-content\\\/uploads\\\/2021\\\/10\\\/triton_logo.svg\",\"caption\":\"Triton Timber Group\"},\"image\":{\"@id\":\"https:\\\/\\\/tritontimber.com\\\/#\\\/schema\\\/logo\\\/image\\\/\"}}]}<\/script>\n<!-- \/ Yoast SEO plugin. -->","yoast_head_json":{"title":"Le Sharc\u2122 - Triton Timber Group - wood products","description":"Le Sharc\u2122 - We operate in Underwater timber harvesting, Reclaimed wood products and Reservoir management \/ Reservoir services! Contact us!","robots":{"index":"index","follow":"follow","max-snippet":"max-snippet:-1","max-image-preview":"max-image-preview:large","max-video-preview":"max-video-preview:-1"},"canonical":"https:\/\/tritontimber.com\/fr\/innovations\/le-sharc\/","og_locale":"fr_FR","og_type":"article","og_title":"Le Sharc\u2122 - Triton Timber Group - wood products","og_description":"Le Sharc\u2122 - We operate in Underwater timber harvesting, Reclaimed wood products and Reservoir management \/ Reservoir services! Contact us!","og_url":"https:\/\/tritontimber.com\/fr\/innovations\/le-sharc\/","og_site_name":"Triton Timber Group","article_modified_time":"2023-07-13T09:10:19+00:00","twitter_card":"summary_large_image","twitter_misc":{"Dur\u00e9e de lecture estim\u00e9e":"2 minutes"},"schema":{"@context":"https:\/\/schema.org","@graph":[{"@type":"WebPage","@id":"https:\/\/tritontimber.com\/fr\/innovations\/le-sharc\/","url":"https:\/\/tritontimber.com\/fr\/innovations\/le-sharc\/","name":"Le Sharc\u2122 - Triton Timber Group - wood products","isPartOf":{"@id":"https:\/\/tritontimber.com\/#website"},"datePublished":"2021-08-18T15:50:22+00:00","dateModified":"2023-07-13T09:10:19+00:00","description":"Le Sharc\u2122 - We operate in Underwater timber harvesting, Reclaimed wood products and Reservoir management \/ Reservoir services! Contact us!","breadcrumb":{"@id":"https:\/\/tritontimber.com\/fr\/innovations\/le-sharc\/#breadcrumb"},"inLanguage":"fr-FR","potentialAction":[{"@type":"ReadAction","target":["https:\/\/tritontimber.com\/fr\/innovations\/le-sharc\/"]}]},{"@type":"BreadcrumbList","@id":"https:\/\/tritontimber.com\/fr\/innovations\/le-sharc\/#breadcrumb","itemListElement":[{"@type":"ListItem","position":1,"name":"Home","item":"https:\/\/tritontimber.com\/fr\/"},{"@type":"ListItem","position":2,"name":"Innovations","item":"https:\/\/tritontimber.com\/fr\/innovations\/"},{"@type":"ListItem","position":3,"name":"Le Sharc\u2122"}]},{"@type":"WebSite","@id":"https:\/\/tritontimber.com\/#website","url":"https:\/\/tritontimber.com\/","name":"Triton Timber Group","description":"Underwater Harvesting Specialists","publisher":{"@id":"https:\/\/tritontimber.com\/#organization"},"potentialAction":[{"@type":"SearchAction","target":{"@type":"EntryPoint","urlTemplate":"https:\/\/tritontimber.com\/?s={search_term_string}"},"query-input":{"@type":"PropertyValueSpecification","valueRequired":true,"valueName":"search_term_string"}}],"inLanguage":"fr-FR"},{"@type":"Organization","@id":"https:\/\/tritontimber.com\/#organization","name":"Triton Timber Group","url":"https:\/\/tritontimber.com\/","logo":{"@type":"ImageObject","inLanguage":"fr-FR","@id":"https:\/\/tritontimber.com\/#\/schema\/logo\/image\/","url":"https:\/\/tritontimber.com\/wp-content\/uploads\/2021\/10\/triton_logo.svg","contentUrl":"https:\/\/tritontimber.com\/wp-content\/uploads\/2021\/10\/triton_logo.svg","caption":"Triton Timber Group"},"image":{"@id":"https:\/\/tritontimber.com\/#\/schema\/logo\/image\/"}}]}},"_links":{"self":[{"href":"https:\/\/tritontimber.com\/fr\/wp-json\/wp\/v2\/pages\/2658","targetHints":{"allow":["GET"]}}],"collection":[{"href":"https:\/\/tritontimber.com\/fr\/wp-json\/wp\/v2\/pages"}],"about":[{"href":"https:\/\/tritontimber.com\/fr\/wp-json\/wp\/v2\/types\/page"}],"author":[{"embeddable":true,"href":"https:\/\/tritontimber.com\/fr\/wp-json\/wp\/v2\/users\/1"}],"replies":[{"embeddable":true,"href":"https:\/\/tritontimber.com\/fr\/wp-json\/wp\/v2\/comments?post=2658"}],"version-history":[{"count":5,"href":"https:\/\/tritontimber.com\/fr\/wp-json\/wp\/v2\/pages\/2658\/revisions"}],"predecessor-version":[{"id":2729,"href":"https:\/\/tritontimber.com\/fr\/wp-json\/wp\/v2\/pages\/2658\/revisions\/2729"}],"up":[{"embeddable":true,"href":"https:\/\/tritontimber.com\/fr\/wp-json\/wp\/v2\/pages\/2656"}],"wp:attachment":[{"href":"https:\/\/tritontimber.com\/fr\/wp-json\/wp\/v2\/media?parent=2658"}],"curies":[{"name":"wp","href":"https:\/\/api.w.org\/{rel}","templated":true}]}}