{"id":2661,"date":"2010-09-01T21:09:51","date_gmt":"2010-09-01T21:09:51","guid":{"rendered":"https:\/\/tritontimber.com\/past-projects\/brasil-jirau\/"},"modified":"2023-07-11T15:57:45","modified_gmt":"2023-07-11T15:57:45","slug":"bresil-jirau","status":"publish","type":"page","link":"https:\/\/tritontimber.com\/fr\/nos-projets\/bresil-jirau\/","title":{"rendered":"Br\u00e9sil \u2013 Jirau"},"content":{"rendered":"<div id=\"pl-2661\"  class=\"panel-layout\" ><div id=\"pg-2661-0\"  class=\"panel-grid panel-has-style\" ><div class=\"header_projects siteorigin-panels-stretch panel-row-style panel-row-style-for-2661-0\" data-stretch-type=\"full\" ><div id=\"pgc-2661-0-0\"  class=\"panel-grid-cell\" ><div id=\"panel-2661-0-0-0\" class=\"so-panel widget widget_sow-image panel-first-child panel-last-child\" data-index=\"0\" ><div class=\"panel-widget-style panel-widget-style-for-2661-0-0-0\" ><div\n\t\t\t\n\t\t\tclass=\"so-widget-sow-image so-widget-sow-image-default-8b5b6f678277-2661\"\n\t\t\t\n\t\t>\n<div class=\"sow-image-container\">\n\t\t<img \n\tsrc=\"https:\/\/tritontimber.com\/wp-content\/uploads\/2021\/09\/6-2.jpg\" width=\"2560\" height=\"1451\" srcset=\"https:\/\/tritontimber.com\/wp-content\/uploads\/2021\/09\/6-2.jpg 2560w, https:\/\/tritontimber.com\/wp-content\/uploads\/2021\/09\/6-2-300x170.jpg 300w, https:\/\/tritontimber.com\/wp-content\/uploads\/2021\/09\/6-2-1024x581.jpg 1024w, https:\/\/tritontimber.com\/wp-content\/uploads\/2021\/09\/6-2-768x435.jpg 768w, https:\/\/tritontimber.com\/wp-content\/uploads\/2021\/09\/6-2-1536x871.jpg 1536w, https:\/\/tritontimber.com\/wp-content\/uploads\/2021\/09\/6-2-2048x1161.jpg 2048w\" sizes=\"(max-width: 2560px) 100vw, 2560px\" title=\"6\" alt=\"\" \t\tclass=\"so-widget-image\"\/>\n\t<\/div>\n\n<\/div><\/div><\/div><\/div><\/div><\/div><div id=\"pg-2661-1\"  class=\"panel-grid panel-has-style\" ><div class=\"siteorigin-panels-stretch panel-row-style panel-row-style-for-2661-1\" data-stretch-type=\"full\" ><div id=\"pgc-2661-1-0\"  class=\"panel-grid-cell\" ><div id=\"panel-2661-1-0-0\" class=\"so-panel widget widget_sow-editor panel-first-child panel-last-child\" data-index=\"1\" ><div class=\"project_header panel-widget-style panel-widget-style-for-2661-1-0-0\" ><div\n\t\t\t\n\t\t\tclass=\"so-widget-sow-editor so-widget-sow-editor-base\"\n\t\t\t\n\t\t><h3 class=\"widget-title\">Br\u00e9sil \u2013 Jirau<\/h3>\n<div class=\"siteorigin-widget-tinymce textwidget\">\n\t<p>Energia Sustent\u00e1vel do Brasil S.A (ESBR) a demand\u00e9 \u00e0 Triton d'\u00e9tudier des solutions pour r\u00e9cup\u00e9rer 173 025 m3 de tiges coup\u00e9es et de d\u00e9bris connexes entrepos\u00e9s sur les rives du r\u00e9servoir Jirau qui devait \u00eatre prochainement mis en eau. Ce barrage est situ\u00e9 sur la rivi\u00e8re Madeira qui est l'un des cours d'eau les plus importants de l'\u00c9tat de Rond\u00f4nia au Br\u00e9sil. Il mesure environ 3 250 km de long et est le plus grand affluent de l'Amazone, repr\u00e9sentant 15 % de son ruissellement.<br \/>\nESBR avait proc\u00e9d\u00e9 \u00e0 une coupe \u00e0 blanc avant qu'il ne soit inond\u00e9 et a d\u00e9pos\u00e9 les grumes sur les rives du fleuve. Cependant, ces grumes n'ont jamais \u00e9t\u00e9 commercialis\u00e9es car le march\u00e9 \u00e9tait trop \u00e9loign\u00e9 du r\u00e9servoir pour qu\u2019elles puissent \u00eatre rentables.<br \/>\nCependant, l'\u00e9l\u00e9vation du niveau de l'eau aurait entra\u00een\u00e9 les arbres en aval vers le barrage, cr\u00e9ant de s\u00e9v\u00e8res d\u00e9sordres \u00e0 la production hydro\u00e9lectrique.<br \/>\nLa soci\u00e9t\u00e9 a donc demand\u00e9 \u00e0 Triton d'\u00e9laborer un plan d'extraction des grumes et ainsi prot\u00e9ger le barrage des d\u00e9bris flottants qui se forment naturellement suite \u00e0 l'\u00e9rosion des berges. L'absence de routes vers les zones d'exploitation n\u00e9cessitait donc des moyens lacustres pour l'extraction des grumes.<br \/>\nDans le cadre de ce projet, il a fallu proc\u00e9der \u00e0 des relev\u00e9s bathym\u00e9triques (mesure des profondeurs) extensifs afin de d\u00e9terminer les points d'acc\u00e8s appropri\u00e9s aux nombreuses piles de grumes dispers\u00e9s le long des rives. Trois semaines ont \u00e9t\u00e9 n\u00e9cessaires pour mener \u00e0 bien ce projet.<\/p>\n<\/div>\n<\/div><\/div><\/div><\/div><\/div><\/div><div id=\"pg-2661-2\"  class=\"panel-grid panel-has-style\" ><div class=\"panel-row-style panel-row-style-for-2661-2\" ><div id=\"pgc-2661-2-0\"  class=\"panel-grid-cell\" ><div id=\"panel-2661-2-0-0\" class=\"so-panel widget widget_sow-image panel-first-child panel-last-child\" data-index=\"2\" ><div class=\"box_img panel-widget-style panel-widget-style-for-2661-2-0-0\" ><div\n\t\t\t\n\t\t\tclass=\"so-widget-sow-image so-widget-sow-image-default-dbf295114b96-2661\"\n\t\t\t\n\t\t>\n<div class=\"sow-image-container\">\n\t\t<img \n\tsrc=\"https:\/\/tritontimber.com\/wp-content\/uploads\/2021\/09\/13-1.jpg\" width=\"572\" height=\"405\" srcset=\"https:\/\/tritontimber.com\/wp-content\/uploads\/2021\/09\/13-1.jpg 572w, https:\/\/tritontimber.com\/wp-content\/uploads\/2021\/09\/13-1-300x212.jpg 300w\" sizes=\"(max-width: 572px) 100vw, 572px\" title=\"13\" alt=\"\" \t\tclass=\"so-widget-image\"\/>\n\t<\/div>\n\n<\/div><\/div><\/div><\/div><div id=\"pgc-2661-2-1\"  class=\"panel-grid-cell\" ><div id=\"panel-2661-2-1-0\" class=\"so-panel widget widget_sow-image panel-first-child panel-last-child\" data-index=\"3\" ><div class=\"box_img panel-widget-style panel-widget-style-for-2661-2-1-0\" ><div\n\t\t\t\n\t\t\tclass=\"so-widget-sow-image so-widget-sow-image-default-dbf295114b96-2661\"\n\t\t\t\n\t\t>\n<div class=\"sow-image-container\">\n\t\t<img \n\tsrc=\"https:\/\/tritontimber.com\/wp-content\/uploads\/2021\/09\/14.jpg\" width=\"572\" height=\"429\" srcset=\"https:\/\/tritontimber.com\/wp-content\/uploads\/2021\/09\/14.jpg 572w, https:\/\/tritontimber.com\/wp-content\/uploads\/2021\/09\/14-300x225.jpg 300w\" sizes=\"(max-width: 572px) 100vw, 572px\" alt=\"\" \t\tclass=\"so-widget-image\"\/>\n\t<\/div>\n\n<\/div><\/div><\/div><\/div><\/div><\/div><div id=\"pg-2661-3\"  class=\"panel-grid panel-has-style\" ><div class=\"panel-row-style panel-row-style-for-2661-3\" ><div id=\"pgc-2661-3-0\"  class=\"panel-grid-cell\" ><div id=\"panel-2661-3-0-0\" class=\"so-panel widget widget_sow-image panel-first-child panel-last-child\" data-index=\"4\" ><div class=\"box_img panel-widget-style panel-widget-style-for-2661-3-0-0\" ><div\n\t\t\t\n\t\t\tclass=\"so-widget-sow-image so-widget-sow-image-default-dbf295114b96-2661\"\n\t\t\t\n\t\t>\n<div class=\"sow-image-container\">\n\t\t<img \n\tsrc=\"https:\/\/tritontimber.com\/wp-content\/uploads\/2021\/09\/15.jpg\" width=\"572\" height=\"429\" srcset=\"https:\/\/tritontimber.com\/wp-content\/uploads\/2021\/09\/15.jpg 572w, https:\/\/tritontimber.com\/wp-content\/uploads\/2021\/09\/15-300x225.jpg 300w\" sizes=\"(max-width: 572px) 100vw, 572px\" alt=\"\" \t\tclass=\"so-widget-image\"\/>\n\t<\/div>\n\n<\/div><\/div><\/div><\/div><div id=\"pgc-2661-3-1\"  class=\"panel-grid-cell\" ><div id=\"panel-2661-3-1-0\" class=\"so-panel widget widget_sow-image panel-first-child panel-last-child\" data-index=\"5\" ><div class=\"box_img panel-widget-style panel-widget-style-for-2661-3-1-0\" ><div\n\t\t\t\n\t\t\tclass=\"so-widget-sow-image so-widget-sow-image-default-dbf295114b96-2661\"\n\t\t\t\n\t\t>\n<div class=\"sow-image-container\">\n\t\t<img \n\tsrc=\"https:\/\/tritontimber.com\/wp-content\/uploads\/2021\/09\/16.jpg\" width=\"572\" height=\"429\" srcset=\"https:\/\/tritontimber.com\/wp-content\/uploads\/2021\/09\/16.jpg 572w, https:\/\/tritontimber.com\/wp-content\/uploads\/2021\/09\/16-300x225.jpg 300w\" sizes=\"(max-width: 572px) 100vw, 572px\" alt=\"\" \t\tclass=\"so-widget-image\"\/>\n\t<\/div>\n\n<\/div><\/div><\/div><\/div><\/div><\/div><div id=\"pg-2661-4\"  class=\"panel-grid panel-has-style\" ><div class=\"panel-row-style panel-row-style-for-2661-4\" ><div id=\"pgc-2661-4-0\"  class=\"panel-grid-cell\" ><div id=\"panel-2661-4-0-0\" class=\"so-panel widget widget_sow-image panel-first-child panel-last-child\" data-index=\"6\" ><div class=\"box_img panel-widget-style panel-widget-style-for-2661-4-0-0\" ><div\n\t\t\t\n\t\t\tclass=\"so-widget-sow-image so-widget-sow-image-default-dbf295114b96-2661\"\n\t\t\t\n\t\t>\n<div class=\"sow-image-container\">\n\t\t<img \n\tsrc=\"https:\/\/tritontimber.com\/wp-content\/uploads\/2021\/09\/17.jpg\" width=\"572\" height=\"429\" srcset=\"https:\/\/tritontimber.com\/wp-content\/uploads\/2021\/09\/17.jpg 572w, https:\/\/tritontimber.com\/wp-content\/uploads\/2021\/09\/17-300x225.jpg 300w\" sizes=\"(max-width: 572px) 100vw, 572px\" alt=\"\" \t\tclass=\"so-widget-image\"\/>\n\t<\/div>\n\n<\/div><\/div><\/div><\/div><div id=\"pgc-2661-4-1\"  class=\"panel-grid-cell\" ><div id=\"panel-2661-4-1-0\" class=\"so-panel widget widget_sow-image panel-first-child panel-last-child\" data-index=\"7\" ><div class=\"box_img panel-widget-style panel-widget-style-for-2661-4-1-0\" ><div\n\t\t\t\n\t\t\tclass=\"so-widget-sow-image so-widget-sow-image-default-a258e6bfa2d8-2661\"\n\t\t\t\n\t\t>\n<div class=\"sow-image-container\">\n\t\t<img \n\tsrc=\"https:\/\/tritontimber.com\/wp-content\/uploads\/2021\/09\/18-1.jpg\" width=\"362\" height=\"295\" srcset=\"https:\/\/tritontimber.com\/wp-content\/uploads\/2021\/09\/18-1.jpg 362w, https:\/\/tritontimber.com\/wp-content\/uploads\/2021\/09\/18-1-300x244.jpg 300w\" sizes=\"(max-width: 362px) 100vw, 362px\" title=\"18\" alt=\"\" \t\tclass=\"so-widget-image\"\/>\n\t<\/div>\n\n<\/div><\/div><\/div><\/div><\/div><\/div><div id=\"pg-2661-5\"  class=\"panel-grid panel-has-style\" ><div class=\"panel-row-style panel-row-style-for-2661-5\" ><div id=\"pgc-2661-5-0\"  class=\"panel-grid-cell panel-grid-cell-mobile-last\" ><div id=\"panel-2661-5-0-0\" class=\"so-panel widget widget_sow-image panel-first-child panel-last-child\" data-index=\"8\" ><div class=\"box_img panel-widget-style panel-widget-style-for-2661-5-0-0\" ><div\n\t\t\t\n\t\t\tclass=\"so-widget-sow-image so-widget-sow-image-default-dbf295114b96-2661\"\n\t\t\t\n\t\t>\n<div class=\"sow-image-container\">\n\t\t<img \n\tsrc=\"https:\/\/tritontimber.com\/wp-content\/uploads\/2021\/09\/19.jpg\" width=\"572\" height=\"378\" srcset=\"https:\/\/tritontimber.com\/wp-content\/uploads\/2021\/09\/19.jpg 572w, https:\/\/tritontimber.com\/wp-content\/uploads\/2021\/09\/19-300x198.jpg 300w\" sizes=\"(max-width: 572px) 100vw, 572px\" alt=\"\" \t\tclass=\"so-widget-image\"\/>\n\t<\/div>\n\n<\/div><\/div><\/div><\/div><div id=\"pgc-2661-5-1\"  class=\"panel-grid-cell panel-grid-cell-empty\" ><\/div><\/div><\/div><div id=\"pg-2661-6\"  class=\"panel-grid panel-has-style\" ><div class=\"panel-row-style panel-row-style-for-2661-6\" ><div id=\"pgc-2661-6-0\"  class=\"panel-grid-cell\" ><div id=\"panel-2661-6-0-0\" class=\"widget_text so-panel widget widget_custom_html panel-first-child panel-last-child\" data-index=\"9\" ><div class=\"widget_text button panel-widget-style panel-widget-style-for-2661-6-0-0\" ><div class=\"textwidget custom-html-widget\"><a href=\"https:\/\/tritontimber.com\/fr\/past-projects\/#jirau\">retour<\/a><\/div><\/div><\/div><\/div><div id=\"pgc-2661-6-1\"  class=\"panel-grid-cell\" ><div id=\"panel-2661-6-1-0\" class=\"so-panel widget widget_xyz_insert_php_widget panel-first-child panel-last-child\" data-index=\"10\" ><div class=\"navigation\">\r\n<div class=\"button nav\"><a href=\"https:\/\/tritontimber.com\/fr\/nos-projets\/malaisie-bakun\/\">Next Project <br\/><span>Malaisie \u2013 Bakun<\/span><\/a><\/div>\r\n<div class=\"button nav\"><a href=\"https:\/\/tritontimber.com\/fr\/nos-projets\/bresil-aes\/\">Previous Project <br\/><span>Br\u00e9sil \u2013 AES<\/span><\/a><\/div>\r\n<\/div><\/div><\/div><\/div><\/div><\/div>","protected":false},"excerpt":{"rendered":"<p>Energia Sustent\u00e1vel do Brasil S.A (ESBR) a demand\u00e9 \u00e0 Triton d&rsquo;\u00e9tudier des solutions pour r\u00e9cup\u00e9rer 173 025 m3 de tiges coup\u00e9es et de d\u00e9bris connexes entrepos\u00e9s sur les rives du r\u00e9servoir Jirau qui devait \u00eatre prochainement mis en eau. Ce barrage est situ\u00e9 sur la rivi\u00e8re Madeira qui est l&rsquo;un des cours d&rsquo;eau les plus [&hellip;]<\/p>\n","protected":false},"author":1,"featured_media":0,"parent":2659,"menu_order":0,"comment_status":"closed","ping_status":"closed","template":"project-page.php","meta":{"_acf_changed":false,"inline_featured_image":false,"footnotes":""},"class_list":["post-2661","page","type-page","status-publish","hentry"],"acf":[],"yoast_head":"<!-- This site is optimized with the Yoast SEO plugin v27.3 - https:\/\/yoast.com\/product\/yoast-seo-wordpress\/ -->\n<title>Br\u00e9sil \u2013 Jirau - Triton Timber Group - wood products<\/title>\n<meta name=\"description\" content=\"Br\u00e9sil \u2013 Jirau - We operate in Underwater timber harvesting, Reclaimed wood products and Reservoir management \/ Reservoir services! Contact us!\" \/>\n<meta name=\"robots\" content=\"index, follow, max-snippet:-1, max-image-preview:large, max-video-preview:-1\" \/>\n<link rel=\"canonical\" href=\"https:\/\/tritontimber.com\/fr\/nos-projets\/bresil-jirau\/\" \/>\n<meta property=\"og:locale\" content=\"fr_FR\" \/>\n<meta property=\"og:type\" content=\"article\" \/>\n<meta property=\"og:title\" content=\"Br\u00e9sil \u2013 Jirau - Triton Timber Group - wood products\" \/>\n<meta property=\"og:description\" content=\"Br\u00e9sil \u2013 Jirau - We operate in Underwater timber harvesting, Reclaimed wood products and Reservoir management \/ Reservoir services! Contact us!\" \/>\n<meta property=\"og:url\" content=\"https:\/\/tritontimber.com\/fr\/nos-projets\/bresil-jirau\/\" \/>\n<meta property=\"og:site_name\" content=\"Triton Timber Group\" \/>\n<meta property=\"article:modified_time\" content=\"2023-07-11T15:57:45+00:00\" \/>\n<meta name=\"twitter:card\" content=\"summary_large_image\" \/>\n<meta name=\"twitter:label1\" content=\"Dur\u00e9e de lecture estim\u00e9e\" \/>\n\t<meta name=\"twitter:data1\" content=\"2 minutes\" \/>\n<script type=\"application\/ld+json\" class=\"yoast-schema-graph\">{\"@context\":\"https:\\\/\\\/schema.org\",\"@graph\":[{\"@type\":\"WebPage\",\"@id\":\"https:\\\/\\\/tritontimber.com\\\/fr\\\/nos-projets\\\/bresil-jirau\\\/\",\"url\":\"https:\\\/\\\/tritontimber.com\\\/fr\\\/nos-projets\\\/bresil-jirau\\\/\",\"name\":\"Br\u00e9sil \u2013 Jirau - Triton Timber Group - wood products\",\"isPartOf\":{\"@id\":\"https:\\\/\\\/tritontimber.com\\\/#website\"},\"datePublished\":\"2010-09-01T21:09:51+00:00\",\"dateModified\":\"2023-07-11T15:57:45+00:00\",\"description\":\"Br\u00e9sil \u2013 Jirau - We operate in Underwater timber harvesting, Reclaimed wood products and Reservoir management \\\/ Reservoir services! Contact us!\",\"breadcrumb\":{\"@id\":\"https:\\\/\\\/tritontimber.com\\\/fr\\\/nos-projets\\\/bresil-jirau\\\/#breadcrumb\"},\"inLanguage\":\"fr-FR\",\"potentialAction\":[{\"@type\":\"ReadAction\",\"target\":[\"https:\\\/\\\/tritontimber.com\\\/fr\\\/nos-projets\\\/bresil-jirau\\\/\"]}]},{\"@type\":\"BreadcrumbList\",\"@id\":\"https:\\\/\\\/tritontimber.com\\\/fr\\\/nos-projets\\\/bresil-jirau\\\/#breadcrumb\",\"itemListElement\":[{\"@type\":\"ListItem\",\"position\":1,\"name\":\"Home\",\"item\":\"https:\\\/\\\/tritontimber.com\\\/fr\\\/\"},{\"@type\":\"ListItem\",\"position\":2,\"name\":\"Nos projets\",\"item\":\"https:\\\/\\\/tritontimber.com\\\/fr\\\/nos-projets\\\/\"},{\"@type\":\"ListItem\",\"position\":3,\"name\":\"Br\u00e9sil \u2013 Jirau\"}]},{\"@type\":\"WebSite\",\"@id\":\"https:\\\/\\\/tritontimber.com\\\/#website\",\"url\":\"https:\\\/\\\/tritontimber.com\\\/\",\"name\":\"Triton Timber Group\",\"description\":\"Underwater Harvesting Specialists\",\"publisher\":{\"@id\":\"https:\\\/\\\/tritontimber.com\\\/#organization\"},\"potentialAction\":[{\"@type\":\"SearchAction\",\"target\":{\"@type\":\"EntryPoint\",\"urlTemplate\":\"https:\\\/\\\/tritontimber.com\\\/?s={search_term_string}\"},\"query-input\":{\"@type\":\"PropertyValueSpecification\",\"valueRequired\":true,\"valueName\":\"search_term_string\"}}],\"inLanguage\":\"fr-FR\"},{\"@type\":\"Organization\",\"@id\":\"https:\\\/\\\/tritontimber.com\\\/#organization\",\"name\":\"Triton Timber Group\",\"url\":\"https:\\\/\\\/tritontimber.com\\\/\",\"logo\":{\"@type\":\"ImageObject\",\"inLanguage\":\"fr-FR\",\"@id\":\"https:\\\/\\\/tritontimber.com\\\/#\\\/schema\\\/logo\\\/image\\\/\",\"url\":\"https:\\\/\\\/tritontimber.com\\\/wp-content\\\/uploads\\\/2021\\\/10\\\/triton_logo.svg\",\"contentUrl\":\"https:\\\/\\\/tritontimber.com\\\/wp-content\\\/uploads\\\/2021\\\/10\\\/triton_logo.svg\",\"caption\":\"Triton Timber Group\"},\"image\":{\"@id\":\"https:\\\/\\\/tritontimber.com\\\/#\\\/schema\\\/logo\\\/image\\\/\"}}]}<\/script>\n<!-- \/ Yoast SEO plugin. -->","yoast_head_json":{"title":"Br\u00e9sil \u2013 Jirau - Triton Timber Group - wood products","description":"Br\u00e9sil \u2013 Jirau - We operate in Underwater timber harvesting, Reclaimed wood products and Reservoir management \/ Reservoir services! Contact us!","robots":{"index":"index","follow":"follow","max-snippet":"max-snippet:-1","max-image-preview":"max-image-preview:large","max-video-preview":"max-video-preview:-1"},"canonical":"https:\/\/tritontimber.com\/fr\/nos-projets\/bresil-jirau\/","og_locale":"fr_FR","og_type":"article","og_title":"Br\u00e9sil \u2013 Jirau - Triton Timber Group - wood products","og_description":"Br\u00e9sil \u2013 Jirau - We operate in Underwater timber harvesting, Reclaimed wood products and Reservoir management \/ Reservoir services! Contact us!","og_url":"https:\/\/tritontimber.com\/fr\/nos-projets\/bresil-jirau\/","og_site_name":"Triton Timber Group","article_modified_time":"2023-07-11T15:57:45+00:00","twitter_card":"summary_large_image","twitter_misc":{"Dur\u00e9e de lecture estim\u00e9e":"2 minutes"},"schema":{"@context":"https:\/\/schema.org","@graph":[{"@type":"WebPage","@id":"https:\/\/tritontimber.com\/fr\/nos-projets\/bresil-jirau\/","url":"https:\/\/tritontimber.com\/fr\/nos-projets\/bresil-jirau\/","name":"Br\u00e9sil \u2013 Jirau - Triton Timber Group - wood products","isPartOf":{"@id":"https:\/\/tritontimber.com\/#website"},"datePublished":"2010-09-01T21:09:51+00:00","dateModified":"2023-07-11T15:57:45+00:00","description":"Br\u00e9sil \u2013 Jirau - We operate in Underwater timber harvesting, Reclaimed wood products and Reservoir management \/ Reservoir services! Contact us!","breadcrumb":{"@id":"https:\/\/tritontimber.com\/fr\/nos-projets\/bresil-jirau\/#breadcrumb"},"inLanguage":"fr-FR","potentialAction":[{"@type":"ReadAction","target":["https:\/\/tritontimber.com\/fr\/nos-projets\/bresil-jirau\/"]}]},{"@type":"BreadcrumbList","@id":"https:\/\/tritontimber.com\/fr\/nos-projets\/bresil-jirau\/#breadcrumb","itemListElement":[{"@type":"ListItem","position":1,"name":"Home","item":"https:\/\/tritontimber.com\/fr\/"},{"@type":"ListItem","position":2,"name":"Nos projets","item":"https:\/\/tritontimber.com\/fr\/nos-projets\/"},{"@type":"ListItem","position":3,"name":"Br\u00e9sil \u2013 Jirau"}]},{"@type":"WebSite","@id":"https:\/\/tritontimber.com\/#website","url":"https:\/\/tritontimber.com\/","name":"Triton Timber Group","description":"Underwater Harvesting Specialists","publisher":{"@id":"https:\/\/tritontimber.com\/#organization"},"potentialAction":[{"@type":"SearchAction","target":{"@type":"EntryPoint","urlTemplate":"https:\/\/tritontimber.com\/?s={search_term_string}"},"query-input":{"@type":"PropertyValueSpecification","valueRequired":true,"valueName":"search_term_string"}}],"inLanguage":"fr-FR"},{"@type":"Organization","@id":"https:\/\/tritontimber.com\/#organization","name":"Triton Timber Group","url":"https:\/\/tritontimber.com\/","logo":{"@type":"ImageObject","inLanguage":"fr-FR","@id":"https:\/\/tritontimber.com\/#\/schema\/logo\/image\/","url":"https:\/\/tritontimber.com\/wp-content\/uploads\/2021\/10\/triton_logo.svg","contentUrl":"https:\/\/tritontimber.com\/wp-content\/uploads\/2021\/10\/triton_logo.svg","caption":"Triton Timber Group"},"image":{"@id":"https:\/\/tritontimber.com\/#\/schema\/logo\/image\/"}}]}},"_links":{"self":[{"href":"https:\/\/tritontimber.com\/fr\/wp-json\/wp\/v2\/pages\/2661","targetHints":{"allow":["GET"]}}],"collection":[{"href":"https:\/\/tritontimber.com\/fr\/wp-json\/wp\/v2\/pages"}],"about":[{"href":"https:\/\/tritontimber.com\/fr\/wp-json\/wp\/v2\/types\/page"}],"author":[{"embeddable":true,"href":"https:\/\/tritontimber.com\/fr\/wp-json\/wp\/v2\/users\/1"}],"replies":[{"embeddable":true,"href":"https:\/\/tritontimber.com\/fr\/wp-json\/wp\/v2\/comments?post=2661"}],"version-history":[{"count":3,"href":"https:\/\/tritontimber.com\/fr\/wp-json\/wp\/v2\/pages\/2661\/revisions"}],"predecessor-version":[{"id":2707,"href":"https:\/\/tritontimber.com\/fr\/wp-json\/wp\/v2\/pages\/2661\/revisions\/2707"}],"up":[{"embeddable":true,"href":"https:\/\/tritontimber.com\/fr\/wp-json\/wp\/v2\/pages\/2659"}],"wp:attachment":[{"href":"https:\/\/tritontimber.com\/fr\/wp-json\/wp\/v2\/media?parent=2661"}],"curies":[{"name":"wp","href":"https:\/\/api.w.org\/{rel}","templated":true}]}}