{"id":2662,"date":"2007-09-01T18:09:27","date_gmt":"2007-09-01T18:09:27","guid":{"rendered":"https:\/\/tritontimber.com\/past-projects\/brasil-tucurui\/"},"modified":"2023-07-13T09:36:33","modified_gmt":"2023-07-13T09:36:33","slug":"bresil-tucurui","status":"publish","type":"page","link":"https:\/\/tritontimber.com\/fr\/nos-projets\/bresil-tucurui\/","title":{"rendered":"Br\u00e9sil &#8211; Tucurui"},"content":{"rendered":"<div id=\"pl-2662\"  class=\"panel-layout\" ><div id=\"pg-2662-0\"  class=\"panel-grid panel-has-style\" ><div class=\"header_projects siteorigin-panels-stretch panel-row-style panel-row-style-for-2662-0\" data-stretch-type=\"full\" ><div id=\"pgc-2662-0-0\"  class=\"panel-grid-cell\" ><div id=\"panel-2662-0-0-0\" class=\"so-panel widget widget_sow-image panel-first-child panel-last-child\" data-index=\"0\" ><div class=\"panel-widget-style panel-widget-style-for-2662-0-0-0\" ><div\n\t\t\t\n\t\t\tclass=\"so-widget-sow-image so-widget-sow-image-default-8b5b6f678277-2662\"\n\t\t\t\n\t\t>\n<div class=\"sow-image-container\">\n\t\t<img \n\tsrc=\"https:\/\/tritontimber.com\/wp-content\/uploads\/2021\/09\/3-1-e1631816992100.jpg\" width=\"2560\" height=\"953\" srcset=\"https:\/\/tritontimber.com\/wp-content\/uploads\/2021\/09\/3-1-e1631816992100.jpg 2560w, https:\/\/tritontimber.com\/wp-content\/uploads\/2021\/09\/3-1-e1631816992100-300x112.jpg 300w, https:\/\/tritontimber.com\/wp-content\/uploads\/2021\/09\/3-1-e1631816992100-1024x381.jpg 1024w, https:\/\/tritontimber.com\/wp-content\/uploads\/2021\/09\/3-1-e1631816992100-768x286.jpg 768w, https:\/\/tritontimber.com\/wp-content\/uploads\/2021\/09\/3-1-e1631816992100-1536x572.jpg 1536w, https:\/\/tritontimber.com\/wp-content\/uploads\/2021\/09\/3-1-e1631816992100-2048x762.jpg 2048w\" sizes=\"(max-width: 2560px) 100vw, 2560px\" title=\"3\" alt=\"\" \t\tclass=\"so-widget-image\"\/>\n\t<\/div>\n\n<\/div><\/div><\/div><\/div><\/div><\/div><div id=\"pg-2662-1\"  class=\"panel-grid panel-has-style\" ><div class=\"siteorigin-panels-stretch panel-row-style panel-row-style-for-2662-1\" data-stretch-type=\"full\" ><div id=\"pgc-2662-1-0\"  class=\"panel-grid-cell\" ><div id=\"panel-2662-1-0-0\" class=\"so-panel widget widget_sow-editor panel-first-child panel-last-child\" data-index=\"1\" ><div class=\"project_header panel-widget-style panel-widget-style-for-2662-1-0-0\" ><div\n\t\t\t\n\t\t\tclass=\"so-widget-sow-editor so-widget-sow-editor-base\"\n\t\t\t\n\t\t><h3 class=\"widget-title\">Br\u00e9sil - Tucurui<\/h3>\n<div class=\"siteorigin-widget-tinymce textwidget\">\n\t<p>Sur le r\u00e9servoir de Tucurui, Triton a proc\u00e9d\u00e9 \u00e0 l'\u00e9valuation compl\u00e8te de la ressource en bois immerg\u00e9s en utilisant une s\u00e9rie de donn\u00e9es satellites, l\u2019inventaire forestier avant mont\u00e9e des eaux et les cartes de couverture foresti\u00e8re. Au total, Triton a \u00e9tudi\u00e9 236 parcelles et a identifi\u00e9 5 cat\u00e9gories de couverture foresti\u00e8re dans le r\u00e9servoir (for\u00eat, for\u00eat peu profonde, for\u00eat non exploit\u00e9e, for\u00eat d\u00e9j\u00e0 exploit\u00e9e, for\u00eat inexploitable).<\/p>\n<\/div>\n<\/div><\/div><\/div><\/div><\/div><\/div><div id=\"pg-2662-2\"  class=\"panel-grid panel-has-style\" ><div class=\"panel-row-style panel-row-style-for-2662-2\" ><div id=\"pgc-2662-2-0\"  class=\"panel-grid-cell\" ><div id=\"panel-2662-2-0-0\" class=\"so-panel widget widget_sow-image panel-first-child panel-last-child\" data-index=\"2\" ><div class=\"box_img panel-widget-style panel-widget-style-for-2662-2-0-0\" ><div\n\t\t\t\n\t\t\tclass=\"so-widget-sow-image so-widget-sow-image-default-dbf295114b96-2662\"\n\t\t\t\n\t\t>\n<div class=\"sow-image-container\">\n\t\t<img \n\tsrc=\"https:\/\/tritontimber.com\/wp-content\/uploads\/2021\/09\/5-1.jpg\" width=\"572\" height=\"429\" srcset=\"https:\/\/tritontimber.com\/wp-content\/uploads\/2021\/09\/5-1.jpg 572w, https:\/\/tritontimber.com\/wp-content\/uploads\/2021\/09\/5-1-300x225.jpg 300w\" sizes=\"(max-width: 572px) 100vw, 572px\" title=\"5\" alt=\"\" \t\tclass=\"so-widget-image\"\/>\n\t<\/div>\n\n<\/div><\/div><\/div><\/div><div id=\"pgc-2662-2-1\"  class=\"panel-grid-cell\" ><div id=\"panel-2662-2-1-0\" class=\"so-panel widget widget_sow-image panel-first-child panel-last-child\" data-index=\"3\" ><div class=\"box_img panel-widget-style panel-widget-style-for-2662-2-1-0\" ><div\n\t\t\t\n\t\t\tclass=\"so-widget-sow-image so-widget-sow-image-default-dbf295114b96-2662\"\n\t\t\t\n\t\t>\n<div class=\"sow-image-container\">\n\t\t<img \n\tsrc=\"https:\/\/tritontimber.com\/wp-content\/uploads\/2021\/09\/6.jpg\" width=\"572\" height=\"429\" srcset=\"https:\/\/tritontimber.com\/wp-content\/uploads\/2021\/09\/6.jpg 572w, https:\/\/tritontimber.com\/wp-content\/uploads\/2021\/09\/6-300x225.jpg 300w\" sizes=\"(max-width: 572px) 100vw, 572px\" alt=\"\" \t\tclass=\"so-widget-image\"\/>\n\t<\/div>\n\n<\/div><\/div><\/div><\/div><\/div><\/div><div id=\"pg-2662-3\"  class=\"panel-grid panel-has-style\" ><div class=\"panel-row-style panel-row-style-for-2662-3\" ><div id=\"pgc-2662-3-0\"  class=\"panel-grid-cell panel-grid-cell-mobile-last\" ><div id=\"panel-2662-3-0-0\" class=\"so-panel widget widget_sow-image panel-first-child panel-last-child\" data-index=\"4\" ><div class=\"box_img panel-widget-style panel-widget-style-for-2662-3-0-0\" ><div\n\t\t\t\n\t\t\tclass=\"so-widget-sow-image so-widget-sow-image-default-dbf295114b96-2662\"\n\t\t\t\n\t\t>\n<div class=\"sow-image-container\">\n\t\t<img \n\tsrc=\"https:\/\/tritontimber.com\/wp-content\/uploads\/2021\/09\/7.jpg\" width=\"572\" height=\"429\" srcset=\"https:\/\/tritontimber.com\/wp-content\/uploads\/2021\/09\/7.jpg 572w, https:\/\/tritontimber.com\/wp-content\/uploads\/2021\/09\/7-300x225.jpg 300w\" sizes=\"(max-width: 572px) 100vw, 572px\" alt=\"\" \t\tclass=\"so-widget-image\"\/>\n\t<\/div>\n\n<\/div><\/div><\/div><\/div><div id=\"pgc-2662-3-1\"  class=\"panel-grid-cell panel-grid-cell-empty\" ><\/div><\/div><\/div><div id=\"pg-2662-4\"  class=\"panel-grid panel-has-style\" ><div class=\"panel-row-style panel-row-style-for-2662-4\" ><div id=\"pgc-2662-4-0\"  class=\"panel-grid-cell\" ><div id=\"panel-2662-4-0-0\" class=\"widget_text so-panel widget widget_custom_html panel-first-child panel-last-child\" data-index=\"5\" ><div class=\"widget_text button panel-widget-style panel-widget-style-for-2662-4-0-0\" ><div class=\"textwidget custom-html-widget\"><a href=\"https:\/\/tritontimber.com\/fr\/past-projects\/#tucurui\">retour<\/a><\/div><\/div><\/div><\/div><div id=\"pgc-2662-4-1\"  class=\"panel-grid-cell\" ><div id=\"panel-2662-4-1-0\" class=\"so-panel widget widget_xyz_insert_php_widget panel-first-child panel-last-child\" data-index=\"6\" ><div class=\"navigation\">\r\n<div class=\"button nav\"><a href=\"https:\/\/tritontimber.com\/fr\/nos-projets\/canada-gilbraltar-mine-williams-lake-bc\/\">Next Project <br\/><span>Canada \u2013 Gilbraltar Mine \u2013 Williams Lake, BC<\/span><\/a><\/div>\r\n<div class=\"button nav\"><a href=\"https:\/\/tritontimber.com\/fr\/nos-projets\/etats-unis-lake-shannon-washington\/\">Previous Project <br\/><span>\u00c9tats-Unis &#8211; Lake Shannon, Washington<\/span><\/a><\/div>\r\n<\/div><\/div><\/div><\/div><\/div><\/div>","protected":false},"excerpt":{"rendered":"<p>Sur le r\u00e9servoir de Tucurui, Triton a proc\u00e9d\u00e9 \u00e0 l&rsquo;\u00e9valuation compl\u00e8te de la ressource en bois immerg\u00e9s en utilisant une s\u00e9rie de donn\u00e9es satellites, l\u2019inventaire forestier avant mont\u00e9e des eaux et les cartes de couverture foresti\u00e8re. Au total, Triton a \u00e9tudi\u00e9 236 parcelles et a identifi\u00e9 5 cat\u00e9gories de couverture foresti\u00e8re dans le r\u00e9servoir (for\u00eat, [&hellip;]<\/p>\n","protected":false},"author":1,"featured_media":0,"parent":2659,"menu_order":0,"comment_status":"closed","ping_status":"closed","template":"project-page.php","meta":{"_acf_changed":false,"inline_featured_image":false,"footnotes":""},"class_list":["post-2662","page","type-page","status-publish","hentry"],"acf":[],"yoast_head":"<!-- This site is optimized with the Yoast SEO plugin v27.3 - https:\/\/yoast.com\/product\/yoast-seo-wordpress\/ -->\n<title>Br\u00e9sil - Tucurui - Triton Timber Group - wood products<\/title>\n<meta name=\"description\" content=\"Br\u00e9sil - Tucurui - We operate in Underwater timber harvesting, Reclaimed wood products and Reservoir management \/ Reservoir services! Contact us!\" \/>\n<meta name=\"robots\" content=\"index, follow, max-snippet:-1, max-image-preview:large, max-video-preview:-1\" \/>\n<link rel=\"canonical\" href=\"https:\/\/tritontimber.com\/fr\/nos-projets\/bresil-tucurui\/\" \/>\n<meta property=\"og:locale\" content=\"fr_FR\" \/>\n<meta property=\"og:type\" content=\"article\" \/>\n<meta property=\"og:title\" content=\"Br\u00e9sil - Tucurui - Triton Timber Group - wood products\" \/>\n<meta property=\"og:description\" content=\"Br\u00e9sil - Tucurui - We operate in Underwater timber harvesting, Reclaimed wood products and Reservoir management \/ Reservoir services! Contact us!\" \/>\n<meta property=\"og:url\" content=\"https:\/\/tritontimber.com\/fr\/nos-projets\/bresil-tucurui\/\" \/>\n<meta property=\"og:site_name\" content=\"Triton Timber Group\" \/>\n<meta property=\"article:modified_time\" content=\"2023-07-13T09:36:33+00:00\" \/>\n<meta name=\"twitter:card\" content=\"summary_large_image\" \/>\n<meta name=\"twitter:label1\" content=\"Dur\u00e9e de lecture estim\u00e9e\" \/>\n\t<meta name=\"twitter:data1\" content=\"1 minute\" \/>\n<script type=\"application\/ld+json\" class=\"yoast-schema-graph\">{\"@context\":\"https:\\\/\\\/schema.org\",\"@graph\":[{\"@type\":\"WebPage\",\"@id\":\"https:\\\/\\\/tritontimber.com\\\/fr\\\/nos-projets\\\/bresil-tucurui\\\/\",\"url\":\"https:\\\/\\\/tritontimber.com\\\/fr\\\/nos-projets\\\/bresil-tucurui\\\/\",\"name\":\"Br\u00e9sil - Tucurui - Triton Timber Group - wood products\",\"isPartOf\":{\"@id\":\"https:\\\/\\\/tritontimber.com\\\/#website\"},\"datePublished\":\"2007-09-01T18:09:27+00:00\",\"dateModified\":\"2023-07-13T09:36:33+00:00\",\"description\":\"Br\u00e9sil - Tucurui - We operate in Underwater timber harvesting, Reclaimed wood products and Reservoir management \\\/ Reservoir services! Contact us!\",\"breadcrumb\":{\"@id\":\"https:\\\/\\\/tritontimber.com\\\/fr\\\/nos-projets\\\/bresil-tucurui\\\/#breadcrumb\"},\"inLanguage\":\"fr-FR\",\"potentialAction\":[{\"@type\":\"ReadAction\",\"target\":[\"https:\\\/\\\/tritontimber.com\\\/fr\\\/nos-projets\\\/bresil-tucurui\\\/\"]}]},{\"@type\":\"BreadcrumbList\",\"@id\":\"https:\\\/\\\/tritontimber.com\\\/fr\\\/nos-projets\\\/bresil-tucurui\\\/#breadcrumb\",\"itemListElement\":[{\"@type\":\"ListItem\",\"position\":1,\"name\":\"Home\",\"item\":\"https:\\\/\\\/tritontimber.com\\\/fr\\\/\"},{\"@type\":\"ListItem\",\"position\":2,\"name\":\"Nos projets\",\"item\":\"https:\\\/\\\/tritontimber.com\\\/fr\\\/nos-projets\\\/\"},{\"@type\":\"ListItem\",\"position\":3,\"name\":\"Br\u00e9sil &#8211; Tucurui\"}]},{\"@type\":\"WebSite\",\"@id\":\"https:\\\/\\\/tritontimber.com\\\/#website\",\"url\":\"https:\\\/\\\/tritontimber.com\\\/\",\"name\":\"Triton Timber Group\",\"description\":\"Underwater Harvesting Specialists\",\"publisher\":{\"@id\":\"https:\\\/\\\/tritontimber.com\\\/#organization\"},\"potentialAction\":[{\"@type\":\"SearchAction\",\"target\":{\"@type\":\"EntryPoint\",\"urlTemplate\":\"https:\\\/\\\/tritontimber.com\\\/?s={search_term_string}\"},\"query-input\":{\"@type\":\"PropertyValueSpecification\",\"valueRequired\":true,\"valueName\":\"search_term_string\"}}],\"inLanguage\":\"fr-FR\"},{\"@type\":\"Organization\",\"@id\":\"https:\\\/\\\/tritontimber.com\\\/#organization\",\"name\":\"Triton Timber Group\",\"url\":\"https:\\\/\\\/tritontimber.com\\\/\",\"logo\":{\"@type\":\"ImageObject\",\"inLanguage\":\"fr-FR\",\"@id\":\"https:\\\/\\\/tritontimber.com\\\/#\\\/schema\\\/logo\\\/image\\\/\",\"url\":\"https:\\\/\\\/tritontimber.com\\\/wp-content\\\/uploads\\\/2021\\\/10\\\/triton_logo.svg\",\"contentUrl\":\"https:\\\/\\\/tritontimber.com\\\/wp-content\\\/uploads\\\/2021\\\/10\\\/triton_logo.svg\",\"caption\":\"Triton Timber Group\"},\"image\":{\"@id\":\"https:\\\/\\\/tritontimber.com\\\/#\\\/schema\\\/logo\\\/image\\\/\"}}]}<\/script>\n<!-- \/ Yoast SEO plugin. -->","yoast_head_json":{"title":"Br\u00e9sil - Tucurui - Triton Timber Group - wood products","description":"Br\u00e9sil - Tucurui - We operate in Underwater timber harvesting, Reclaimed wood products and Reservoir management \/ Reservoir services! Contact us!","robots":{"index":"index","follow":"follow","max-snippet":"max-snippet:-1","max-image-preview":"max-image-preview:large","max-video-preview":"max-video-preview:-1"},"canonical":"https:\/\/tritontimber.com\/fr\/nos-projets\/bresil-tucurui\/","og_locale":"fr_FR","og_type":"article","og_title":"Br\u00e9sil - Tucurui - Triton Timber Group - wood products","og_description":"Br\u00e9sil - Tucurui - We operate in Underwater timber harvesting, Reclaimed wood products and Reservoir management \/ Reservoir services! Contact us!","og_url":"https:\/\/tritontimber.com\/fr\/nos-projets\/bresil-tucurui\/","og_site_name":"Triton Timber Group","article_modified_time":"2023-07-13T09:36:33+00:00","twitter_card":"summary_large_image","twitter_misc":{"Dur\u00e9e de lecture estim\u00e9e":"1 minute"},"schema":{"@context":"https:\/\/schema.org","@graph":[{"@type":"WebPage","@id":"https:\/\/tritontimber.com\/fr\/nos-projets\/bresil-tucurui\/","url":"https:\/\/tritontimber.com\/fr\/nos-projets\/bresil-tucurui\/","name":"Br\u00e9sil - Tucurui - Triton Timber Group - wood products","isPartOf":{"@id":"https:\/\/tritontimber.com\/#website"},"datePublished":"2007-09-01T18:09:27+00:00","dateModified":"2023-07-13T09:36:33+00:00","description":"Br\u00e9sil - Tucurui - We operate in Underwater timber harvesting, Reclaimed wood products and Reservoir management \/ Reservoir services! Contact us!","breadcrumb":{"@id":"https:\/\/tritontimber.com\/fr\/nos-projets\/bresil-tucurui\/#breadcrumb"},"inLanguage":"fr-FR","potentialAction":[{"@type":"ReadAction","target":["https:\/\/tritontimber.com\/fr\/nos-projets\/bresil-tucurui\/"]}]},{"@type":"BreadcrumbList","@id":"https:\/\/tritontimber.com\/fr\/nos-projets\/bresil-tucurui\/#breadcrumb","itemListElement":[{"@type":"ListItem","position":1,"name":"Home","item":"https:\/\/tritontimber.com\/fr\/"},{"@type":"ListItem","position":2,"name":"Nos projets","item":"https:\/\/tritontimber.com\/fr\/nos-projets\/"},{"@type":"ListItem","position":3,"name":"Br\u00e9sil &#8211; Tucurui"}]},{"@type":"WebSite","@id":"https:\/\/tritontimber.com\/#website","url":"https:\/\/tritontimber.com\/","name":"Triton Timber Group","description":"Underwater Harvesting Specialists","publisher":{"@id":"https:\/\/tritontimber.com\/#organization"},"potentialAction":[{"@type":"SearchAction","target":{"@type":"EntryPoint","urlTemplate":"https:\/\/tritontimber.com\/?s={search_term_string}"},"query-input":{"@type":"PropertyValueSpecification","valueRequired":true,"valueName":"search_term_string"}}],"inLanguage":"fr-FR"},{"@type":"Organization","@id":"https:\/\/tritontimber.com\/#organization","name":"Triton Timber Group","url":"https:\/\/tritontimber.com\/","logo":{"@type":"ImageObject","inLanguage":"fr-FR","@id":"https:\/\/tritontimber.com\/#\/schema\/logo\/image\/","url":"https:\/\/tritontimber.com\/wp-content\/uploads\/2021\/10\/triton_logo.svg","contentUrl":"https:\/\/tritontimber.com\/wp-content\/uploads\/2021\/10\/triton_logo.svg","caption":"Triton Timber Group"},"image":{"@id":"https:\/\/tritontimber.com\/#\/schema\/logo\/image\/"}}]}},"_links":{"self":[{"href":"https:\/\/tritontimber.com\/fr\/wp-json\/wp\/v2\/pages\/2662","targetHints":{"allow":["GET"]}}],"collection":[{"href":"https:\/\/tritontimber.com\/fr\/wp-json\/wp\/v2\/pages"}],"about":[{"href":"https:\/\/tritontimber.com\/fr\/wp-json\/wp\/v2\/types\/page"}],"author":[{"embeddable":true,"href":"https:\/\/tritontimber.com\/fr\/wp-json\/wp\/v2\/users\/1"}],"replies":[{"embeddable":true,"href":"https:\/\/tritontimber.com\/fr\/wp-json\/wp\/v2\/comments?post=2662"}],"version-history":[{"count":2,"href":"https:\/\/tritontimber.com\/fr\/wp-json\/wp\/v2\/pages\/2662\/revisions"}],"predecessor-version":[{"id":2744,"href":"https:\/\/tritontimber.com\/fr\/wp-json\/wp\/v2\/pages\/2662\/revisions\/2744"}],"up":[{"embeddable":true,"href":"https:\/\/tritontimber.com\/fr\/wp-json\/wp\/v2\/pages\/2659"}],"wp:attachment":[{"href":"https:\/\/tritontimber.com\/fr\/wp-json\/wp\/v2\/media?parent=2662"}],"curies":[{"name":"wp","href":"https:\/\/api.w.org\/{rel}","templated":true}]}}