{"id":2665,"date":"2017-08-26T16:54:27","date_gmt":"2017-08-26T16:54:27","guid":{"rendered":"https:\/\/tritontimber.com\/past-projects\/canada-lois-lake-powell-river-bc\/"},"modified":"2023-07-13T09:49:46","modified_gmt":"2023-07-13T09:49:46","slug":"lac-lois-powell-river-bc","status":"publish","type":"page","link":"https:\/\/tritontimber.com\/fr\/nos-projets\/lac-lois-powell-river-bc\/","title":{"rendered":"Canada &#8211; Lac Lois, Powell River, BC"},"content":{"rendered":"<div id=\"pl-2665\"  class=\"panel-layout\" ><div id=\"pg-2665-0\"  class=\"panel-grid panel-has-style\" ><div class=\"header_projects siteorigin-panels-stretch panel-row-style panel-row-style-for-2665-0\" data-stretch-type=\"full\" ><div id=\"pgc-2665-0-0\"  class=\"panel-grid-cell\" ><div id=\"panel-2665-0-0-0\" class=\"so-panel widget widget_sow-image panel-first-child panel-last-child\" data-index=\"0\" ><div class=\"panel-widget-style panel-widget-style-for-2665-0-0-0\" ><div\n\t\t\t\n\t\t\tclass=\"so-widget-sow-image so-widget-sow-image-default-8b5b6f678277-2665\"\n\t\t\t\n\t\t>\n<div class=\"sow-image-container\">\n\t\t<img \n\tsrc=\"https:\/\/tritontimber.com\/wp-content\/uploads\/2021\/09\/13.jpg\" width=\"2560\" height=\"1451\" srcset=\"https:\/\/tritontimber.com\/wp-content\/uploads\/2021\/09\/13.jpg 2560w, https:\/\/tritontimber.com\/wp-content\/uploads\/2021\/09\/13-300x170.jpg 300w, https:\/\/tritontimber.com\/wp-content\/uploads\/2021\/09\/13-1024x581.jpg 1024w, https:\/\/tritontimber.com\/wp-content\/uploads\/2021\/09\/13-768x435.jpg 768w, https:\/\/tritontimber.com\/wp-content\/uploads\/2021\/09\/13-1536x871.jpg 1536w, https:\/\/tritontimber.com\/wp-content\/uploads\/2021\/09\/13-2048x1161.jpg 2048w\" sizes=\"(max-width: 2560px) 100vw, 2560px\" alt=\"\" \t\tclass=\"so-widget-image\"\/>\n\t<\/div>\n\n<\/div><\/div><\/div><\/div><\/div><\/div><div id=\"pg-2665-1\"  class=\"panel-grid panel-has-style\" ><div class=\"siteorigin-panels-stretch panel-row-style panel-row-style-for-2665-1\" data-stretch-type=\"full\" ><div id=\"pgc-2665-1-0\"  class=\"panel-grid-cell\" ><div id=\"panel-2665-1-0-0\" class=\"so-panel widget widget_sow-editor panel-first-child panel-last-child\" data-index=\"1\" ><div class=\"project_header panel-widget-style panel-widget-style-for-2665-1-0-0\" ><div\n\t\t\t\n\t\t\tclass=\"so-widget-sow-editor so-widget-sow-editor-base\"\n\t\t\t\n\t\t><h3 class=\"widget-title\">Canada - Lac Lois, Powell River, BC<\/h3>\n<div class=\"siteorigin-widget-tinymce textwidget\">\n\t<p><span style=\"font-weight: 400;\">De 2002 \u00e0 2009, Triton a op\u00e9r\u00e9 sur le lac Lois. C\u2019est \u00e0 cet endroit que les engins SAWFISH\u2122 et SHARC\u2122 ont pu \u00eatre test\u00e9s et mis au point. Submerg\u00e9e dans les ann\u00e9es 1930, la for\u00eat du lac Lois se compose principalement de pins de Douglas et de c\u00e8dres rouges du Canada. Les activit\u00e9s de Triton ont \u00e9t\u00e9 certifi\u00e9es dans le cadre du programme Smartwood Rediscovered Wood.<\/span><\/p>\n<\/div>\n<\/div><\/div><\/div><\/div><\/div><\/div><div id=\"pg-2665-2\"  class=\"panel-grid panel-has-style\" ><div class=\"panel-row-style panel-row-style-for-2665-2\" ><div id=\"pgc-2665-2-0\"  class=\"panel-grid-cell\" ><div id=\"panel-2665-2-0-0\" class=\"so-panel widget widget_sow-image panel-first-child panel-last-child\" data-index=\"2\" ><div class=\"box_img panel-widget-style panel-widget-style-for-2665-2-0-0\" ><div\n\t\t\t\n\t\t\tclass=\"so-widget-sow-image so-widget-sow-image-default-dbf295114b96-2665\"\n\t\t\t\n\t\t>\n<div class=\"sow-image-container\">\n\t\t<img \n\tsrc=\"https:\/\/tritontimber.com\/wp-content\/uploads\/2021\/08\/2.jpg\" width=\"1430\" height=\"900\" srcset=\"https:\/\/tritontimber.com\/wp-content\/uploads\/2021\/08\/2.jpg 1430w, https:\/\/tritontimber.com\/wp-content\/uploads\/2021\/08\/2-300x189.jpg 300w, https:\/\/tritontimber.com\/wp-content\/uploads\/2021\/08\/2-1024x644.jpg 1024w, https:\/\/tritontimber.com\/wp-content\/uploads\/2021\/08\/2-768x483.jpg 768w\" sizes=\"(max-width: 1430px) 100vw, 1430px\" alt=\"\" \t\tclass=\"so-widget-image\"\/>\n\t<\/div>\n\n<\/div><\/div><\/div><\/div><div id=\"pgc-2665-2-1\"  class=\"panel-grid-cell\" ><div id=\"panel-2665-2-1-0\" class=\"so-panel widget widget_sow-image panel-first-child panel-last-child\" data-index=\"3\" ><div class=\"box_img panel-widget-style panel-widget-style-for-2665-2-1-0\" ><div\n\t\t\t\n\t\t\tclass=\"so-widget-sow-image so-widget-sow-image-default-dbf295114b96-2665\"\n\t\t\t\n\t\t>\n<div class=\"sow-image-container\">\n\t\t<img \n\tsrc=\"https:\/\/tritontimber.com\/wp-content\/uploads\/2021\/08\/1.jpg\" width=\"1430\" height=\"900\" srcset=\"https:\/\/tritontimber.com\/wp-content\/uploads\/2021\/08\/1.jpg 1430w, https:\/\/tritontimber.com\/wp-content\/uploads\/2021\/08\/1-300x189.jpg 300w, https:\/\/tritontimber.com\/wp-content\/uploads\/2021\/08\/1-1024x644.jpg 1024w, https:\/\/tritontimber.com\/wp-content\/uploads\/2021\/08\/1-768x483.jpg 768w\" sizes=\"(max-width: 1430px) 100vw, 1430px\" alt=\"\" \t\tclass=\"so-widget-image\"\/>\n\t<\/div>\n\n<\/div><\/div><\/div><\/div><\/div><\/div><div id=\"pg-2665-3\"  class=\"panel-grid panel-has-style\" ><div class=\"panel-row-style panel-row-style-for-2665-3\" ><div id=\"pgc-2665-3-0\"  class=\"panel-grid-cell\" ><div id=\"panel-2665-3-0-0\" class=\"widget_text so-panel widget widget_custom_html panel-first-child panel-last-child\" data-index=\"4\" ><div class=\"widget_text button panel-widget-style panel-widget-style-for-2665-3-0-0\" ><div class=\"textwidget custom-html-widget\"><a href=\"https:\/\/tritontimber.com\/fr\/past-projects\/#lois\">retour<\/a><\/div><\/div><\/div><\/div><div id=\"pgc-2665-3-1\"  class=\"panel-grid-cell\" ><div id=\"panel-2665-3-1-0\" class=\"so-panel widget widget_xyz_insert_php_widget panel-first-child panel-last-child\" data-index=\"5\" ><div class=\"navigation\">\r\n<div class=\"button nav\"><a href=\"https:\/\/tritontimber.com\/fr\/nos-projets\/malaysia-kenyir-lake\/\">Next Project <br\/><span>Malaysia \u2013 Kenyir Lake<\/span><\/a><\/div>\r\n<div class=\"button nav\"><a href=\"https:\/\/tritontimber.com\/fr\/nos-projets\/panama-bayano\/\">Previous Project <br\/><span>Panama \u2013 Bayano<\/span><\/a><\/div>\r\n<\/div><\/div><\/div><\/div><\/div><\/div>","protected":false},"excerpt":{"rendered":"<p>De 2002 \u00e0 2009, Triton a op\u00e9r\u00e9 sur le lac Lois. C\u2019est \u00e0 cet endroit que les engins SAWFISH\u2122 et SHARC\u2122 ont pu \u00eatre test\u00e9s et mis au point. Submerg\u00e9e dans les ann\u00e9es 1930, la for\u00eat du lac Lois se compose principalement de pins de Douglas et de c\u00e8dres rouges du Canada. Les activit\u00e9s de [&hellip;]<\/p>\n","protected":false},"author":1,"featured_media":0,"parent":2659,"menu_order":0,"comment_status":"closed","ping_status":"closed","template":"project-page.php","meta":{"_acf_changed":false,"inline_featured_image":false,"footnotes":""},"class_list":["post-2665","page","type-page","status-publish","hentry"],"acf":[],"yoast_head":"<!-- This site is optimized with the Yoast SEO plugin v27.3 - https:\/\/yoast.com\/product\/yoast-seo-wordpress\/ -->\n<title>Canada - Lac Lois, Powell River, BC - Triton Timber Group - wood products<\/title>\n<meta name=\"description\" content=\"Canada - Lac Lois, Powell River, BC - We operate in Underwater timber harvesting, Reclaimed wood products and Reservoir management \/ Reservoir services! Contact us!\" \/>\n<meta name=\"robots\" content=\"index, follow, max-snippet:-1, max-image-preview:large, max-video-preview:-1\" \/>\n<link rel=\"canonical\" href=\"https:\/\/tritontimber.com\/fr\/nos-projets\/lac-lois-powell-river-bc\/\" \/>\n<meta property=\"og:locale\" content=\"fr_FR\" \/>\n<meta property=\"og:type\" content=\"article\" \/>\n<meta property=\"og:title\" content=\"Canada - Lac Lois, Powell River, BC - Triton Timber Group - wood products\" \/>\n<meta property=\"og:description\" content=\"Canada - Lac Lois, Powell River, BC - We operate in Underwater timber harvesting, Reclaimed wood products and Reservoir management \/ Reservoir services! Contact us!\" \/>\n<meta property=\"og:url\" content=\"https:\/\/tritontimber.com\/fr\/nos-projets\/lac-lois-powell-river-bc\/\" \/>\n<meta property=\"og:site_name\" content=\"Triton Timber Group\" \/>\n<meta property=\"article:modified_time\" content=\"2023-07-13T09:49:46+00:00\" \/>\n<meta name=\"twitter:card\" content=\"summary_large_image\" \/>\n<meta name=\"twitter:label1\" content=\"Dur\u00e9e de lecture estim\u00e9e\" \/>\n\t<meta name=\"twitter:data1\" content=\"1 minute\" \/>\n<script type=\"application\/ld+json\" class=\"yoast-schema-graph\">{\"@context\":\"https:\\\/\\\/schema.org\",\"@graph\":[{\"@type\":\"WebPage\",\"@id\":\"https:\\\/\\\/tritontimber.com\\\/fr\\\/nos-projets\\\/lac-lois-powell-river-bc\\\/\",\"url\":\"https:\\\/\\\/tritontimber.com\\\/fr\\\/nos-projets\\\/lac-lois-powell-river-bc\\\/\",\"name\":\"Canada - Lac Lois, Powell River, BC - Triton Timber Group - wood products\",\"isPartOf\":{\"@id\":\"https:\\\/\\\/tritontimber.com\\\/#website\"},\"datePublished\":\"2017-08-26T16:54:27+00:00\",\"dateModified\":\"2023-07-13T09:49:46+00:00\",\"description\":\"Canada - Lac Lois, Powell River, BC - We operate in Underwater timber harvesting, Reclaimed wood products and Reservoir management \\\/ Reservoir services! Contact us!\",\"breadcrumb\":{\"@id\":\"https:\\\/\\\/tritontimber.com\\\/fr\\\/nos-projets\\\/lac-lois-powell-river-bc\\\/#breadcrumb\"},\"inLanguage\":\"fr-FR\",\"potentialAction\":[{\"@type\":\"ReadAction\",\"target\":[\"https:\\\/\\\/tritontimber.com\\\/fr\\\/nos-projets\\\/lac-lois-powell-river-bc\\\/\"]}]},{\"@type\":\"BreadcrumbList\",\"@id\":\"https:\\\/\\\/tritontimber.com\\\/fr\\\/nos-projets\\\/lac-lois-powell-river-bc\\\/#breadcrumb\",\"itemListElement\":[{\"@type\":\"ListItem\",\"position\":1,\"name\":\"Home\",\"item\":\"https:\\\/\\\/tritontimber.com\\\/fr\\\/\"},{\"@type\":\"ListItem\",\"position\":2,\"name\":\"Nos projets\",\"item\":\"https:\\\/\\\/tritontimber.com\\\/fr\\\/nos-projets\\\/\"},{\"@type\":\"ListItem\",\"position\":3,\"name\":\"Canada &#8211; Lac Lois, Powell River, BC\"}]},{\"@type\":\"WebSite\",\"@id\":\"https:\\\/\\\/tritontimber.com\\\/#website\",\"url\":\"https:\\\/\\\/tritontimber.com\\\/\",\"name\":\"Triton Timber Group\",\"description\":\"Underwater Harvesting Specialists\",\"publisher\":{\"@id\":\"https:\\\/\\\/tritontimber.com\\\/#organization\"},\"potentialAction\":[{\"@type\":\"SearchAction\",\"target\":{\"@type\":\"EntryPoint\",\"urlTemplate\":\"https:\\\/\\\/tritontimber.com\\\/?s={search_term_string}\"},\"query-input\":{\"@type\":\"PropertyValueSpecification\",\"valueRequired\":true,\"valueName\":\"search_term_string\"}}],\"inLanguage\":\"fr-FR\"},{\"@type\":\"Organization\",\"@id\":\"https:\\\/\\\/tritontimber.com\\\/#organization\",\"name\":\"Triton Timber Group\",\"url\":\"https:\\\/\\\/tritontimber.com\\\/\",\"logo\":{\"@type\":\"ImageObject\",\"inLanguage\":\"fr-FR\",\"@id\":\"https:\\\/\\\/tritontimber.com\\\/#\\\/schema\\\/logo\\\/image\\\/\",\"url\":\"https:\\\/\\\/tritontimber.com\\\/wp-content\\\/uploads\\\/2021\\\/10\\\/triton_logo.svg\",\"contentUrl\":\"https:\\\/\\\/tritontimber.com\\\/wp-content\\\/uploads\\\/2021\\\/10\\\/triton_logo.svg\",\"caption\":\"Triton Timber Group\"},\"image\":{\"@id\":\"https:\\\/\\\/tritontimber.com\\\/#\\\/schema\\\/logo\\\/image\\\/\"}}]}<\/script>\n<!-- \/ Yoast SEO plugin. -->","yoast_head_json":{"title":"Canada - Lac Lois, Powell River, BC - Triton Timber Group - wood products","description":"Canada - Lac Lois, Powell River, BC - We operate in Underwater timber harvesting, Reclaimed wood products and Reservoir management \/ Reservoir services! Contact us!","robots":{"index":"index","follow":"follow","max-snippet":"max-snippet:-1","max-image-preview":"max-image-preview:large","max-video-preview":"max-video-preview:-1"},"canonical":"https:\/\/tritontimber.com\/fr\/nos-projets\/lac-lois-powell-river-bc\/","og_locale":"fr_FR","og_type":"article","og_title":"Canada - Lac Lois, Powell River, BC - Triton Timber Group - wood products","og_description":"Canada - Lac Lois, Powell River, BC - We operate in Underwater timber harvesting, Reclaimed wood products and Reservoir management \/ Reservoir services! Contact us!","og_url":"https:\/\/tritontimber.com\/fr\/nos-projets\/lac-lois-powell-river-bc\/","og_site_name":"Triton Timber Group","article_modified_time":"2023-07-13T09:49:46+00:00","twitter_card":"summary_large_image","twitter_misc":{"Dur\u00e9e de lecture estim\u00e9e":"1 minute"},"schema":{"@context":"https:\/\/schema.org","@graph":[{"@type":"WebPage","@id":"https:\/\/tritontimber.com\/fr\/nos-projets\/lac-lois-powell-river-bc\/","url":"https:\/\/tritontimber.com\/fr\/nos-projets\/lac-lois-powell-river-bc\/","name":"Canada - Lac Lois, Powell River, BC - Triton Timber Group - wood products","isPartOf":{"@id":"https:\/\/tritontimber.com\/#website"},"datePublished":"2017-08-26T16:54:27+00:00","dateModified":"2023-07-13T09:49:46+00:00","description":"Canada - Lac Lois, Powell River, BC - We operate in Underwater timber harvesting, Reclaimed wood products and Reservoir management \/ Reservoir services! Contact us!","breadcrumb":{"@id":"https:\/\/tritontimber.com\/fr\/nos-projets\/lac-lois-powell-river-bc\/#breadcrumb"},"inLanguage":"fr-FR","potentialAction":[{"@type":"ReadAction","target":["https:\/\/tritontimber.com\/fr\/nos-projets\/lac-lois-powell-river-bc\/"]}]},{"@type":"BreadcrumbList","@id":"https:\/\/tritontimber.com\/fr\/nos-projets\/lac-lois-powell-river-bc\/#breadcrumb","itemListElement":[{"@type":"ListItem","position":1,"name":"Home","item":"https:\/\/tritontimber.com\/fr\/"},{"@type":"ListItem","position":2,"name":"Nos projets","item":"https:\/\/tritontimber.com\/fr\/nos-projets\/"},{"@type":"ListItem","position":3,"name":"Canada &#8211; Lac Lois, Powell River, BC"}]},{"@type":"WebSite","@id":"https:\/\/tritontimber.com\/#website","url":"https:\/\/tritontimber.com\/","name":"Triton Timber Group","description":"Underwater Harvesting Specialists","publisher":{"@id":"https:\/\/tritontimber.com\/#organization"},"potentialAction":[{"@type":"SearchAction","target":{"@type":"EntryPoint","urlTemplate":"https:\/\/tritontimber.com\/?s={search_term_string}"},"query-input":{"@type":"PropertyValueSpecification","valueRequired":true,"valueName":"search_term_string"}}],"inLanguage":"fr-FR"},{"@type":"Organization","@id":"https:\/\/tritontimber.com\/#organization","name":"Triton Timber Group","url":"https:\/\/tritontimber.com\/","logo":{"@type":"ImageObject","inLanguage":"fr-FR","@id":"https:\/\/tritontimber.com\/#\/schema\/logo\/image\/","url":"https:\/\/tritontimber.com\/wp-content\/uploads\/2021\/10\/triton_logo.svg","contentUrl":"https:\/\/tritontimber.com\/wp-content\/uploads\/2021\/10\/triton_logo.svg","caption":"Triton Timber Group"},"image":{"@id":"https:\/\/tritontimber.com\/#\/schema\/logo\/image\/"}}]}},"_links":{"self":[{"href":"https:\/\/tritontimber.com\/fr\/wp-json\/wp\/v2\/pages\/2665","targetHints":{"allow":["GET"]}}],"collection":[{"href":"https:\/\/tritontimber.com\/fr\/wp-json\/wp\/v2\/pages"}],"about":[{"href":"https:\/\/tritontimber.com\/fr\/wp-json\/wp\/v2\/types\/page"}],"author":[{"embeddable":true,"href":"https:\/\/tritontimber.com\/fr\/wp-json\/wp\/v2\/users\/1"}],"replies":[{"embeddable":true,"href":"https:\/\/tritontimber.com\/fr\/wp-json\/wp\/v2\/comments?post=2665"}],"version-history":[{"count":3,"href":"https:\/\/tritontimber.com\/fr\/wp-json\/wp\/v2\/pages\/2665\/revisions"}],"predecessor-version":[{"id":2748,"href":"https:\/\/tritontimber.com\/fr\/wp-json\/wp\/v2\/pages\/2665\/revisions\/2748"}],"up":[{"embeddable":true,"href":"https:\/\/tritontimber.com\/fr\/wp-json\/wp\/v2\/pages\/2659"}],"wp:attachment":[{"href":"https:\/\/tritontimber.com\/fr\/wp-json\/wp\/v2\/media?parent=2665"}],"curies":[{"name":"wp","href":"https:\/\/api.w.org\/{rel}","templated":true}]}}