{"id":2667,"date":"2013-09-01T19:25:52","date_gmt":"2013-09-01T19:25:52","guid":{"rendered":"https:\/\/tritontimber.com\/past-projects\/canada-williston-lake-mackenzie-bc\/"},"modified":"2023-07-13T10:07:57","modified_gmt":"2023-07-13T10:07:57","slug":"canada-lac-williston-mackenzie-bc","status":"publish","type":"page","link":"https:\/\/tritontimber.com\/fr\/nos-projets\/canada-lac-williston-mackenzie-bc\/","title":{"rendered":"Canada &#8211; Lac Williston &#8211; Mackenzie, BC"},"content":{"rendered":"<div id=\"pl-2667\"  class=\"panel-layout\" ><div id=\"pg-2667-0\"  class=\"panel-grid panel-has-style\" ><div class=\"header_projects siteorigin-panels-stretch panel-row-style panel-row-style-for-2667-0\" data-stretch-type=\"full\" ><div id=\"pgc-2667-0-0\"  class=\"panel-grid-cell\" ><div id=\"panel-2667-0-0-0\" class=\"so-panel widget widget_sow-image panel-first-child panel-last-child\" data-index=\"0\" ><div class=\"panel-widget-style panel-widget-style-for-2667-0-0-0\" ><div\n\t\t\t\n\t\t\tclass=\"so-widget-sow-image so-widget-sow-image-default-8b5b6f678277-2667\"\n\t\t\t\n\t\t>\n<div class=\"sow-image-container\">\n\t\t<img \n\tsrc=\"https:\/\/tritontimber.com\/wp-content\/uploads\/2021\/09\/9-1.jpg\" width=\"2560\" height=\"1451\" srcset=\"https:\/\/tritontimber.com\/wp-content\/uploads\/2021\/09\/9-1.jpg 2560w, https:\/\/tritontimber.com\/wp-content\/uploads\/2021\/09\/9-1-300x170.jpg 300w, https:\/\/tritontimber.com\/wp-content\/uploads\/2021\/09\/9-1-1024x581.jpg 1024w, https:\/\/tritontimber.com\/wp-content\/uploads\/2021\/09\/9-1-768x435.jpg 768w, https:\/\/tritontimber.com\/wp-content\/uploads\/2021\/09\/9-1-1536x871.jpg 1536w, https:\/\/tritontimber.com\/wp-content\/uploads\/2021\/09\/9-1-2048x1161.jpg 2048w\" sizes=\"(max-width: 2560px) 100vw, 2560px\" title=\"9\" alt=\"\" \t\tclass=\"so-widget-image\"\/>\n\t<\/div>\n\n<\/div><\/div><\/div><\/div><\/div><\/div><div id=\"pg-2667-1\"  class=\"panel-grid panel-has-style\" ><div class=\"siteorigin-panels-stretch panel-row-style panel-row-style-for-2667-1\" data-stretch-type=\"full\" ><div id=\"pgc-2667-1-0\"  class=\"panel-grid-cell\" ><div id=\"panel-2667-1-0-0\" class=\"so-panel widget widget_sow-editor panel-first-child panel-last-child\" data-index=\"1\" ><div class=\"project_header panel-widget-style panel-widget-style-for-2667-1-0-0\" ><div\n\t\t\t\n\t\t\tclass=\"so-widget-sow-editor so-widget-sow-editor-base\"\n\t\t\t\n\t\t><h3 class=\"widget-title\">Canada - Lac Williston - Mackenzie, BC<\/h3>\n<div class=\"siteorigin-widget-tinymce textwidget\">\n\t<p><span style=\"font-weight: 400;\">BGC Engineering Inc. a demand\u00e9 \u00e0 Triton de r\u00e9aliser un relev\u00e9 sub-aquatique d'une partie du lac Williston, pr\u00e8s de Mackenzie, en Colombie-Britannique. Le lac Williston est un r\u00e9servoir hydro\u00e9lectrique construit en 1968 qui couvre une superficie totale de 1 761 km2. Il s'agit du plus grand lac de la Colombie-Britannique et du septi\u00e8me plus grand r\u00e9servoir (en volume) du monde.<\/span><span style=\"font-weight: 400;\"><br \/>\n<\/span><span style=\"font-weight: 400;\">Triton a fait des relev\u00e9s sur 32 hectares \u00e0 l'aide du sonar profileur multifaisceaux Imagenex 837B Delta T afin d'identifier l'emplacement des arbres, souches et autres obstacles immerg\u00e9s le long d\u2019un \u00e9ventuel projet de corridor de pipeline. Cette op\u00e9ration s'inscrit dans le cadre du projet de transport de gaz de Prince Rupert de TransCanada Pipeline Ltd. Triton a r\u00e9alis\u00e9 une \u00e9tude de terrain sur une journ\u00e9e, comprenant un total de 8 transects pour examiner la zone.<\/span><\/p>\n<\/div>\n<\/div><\/div><\/div><\/div><\/div><\/div><div id=\"pg-2667-2\"  class=\"panel-grid panel-has-style\" ><div class=\"panel-row-style panel-row-style-for-2667-2\" ><div id=\"pgc-2667-2-0\"  class=\"panel-grid-cell\" ><div id=\"panel-2667-2-0-0\" class=\"so-panel widget widget_sow-image panel-first-child panel-last-child\" data-index=\"2\" ><div class=\"box_img panel-widget-style panel-widget-style-for-2667-2-0-0\" ><div\n\t\t\t\n\t\t\tclass=\"so-widget-sow-image so-widget-sow-image-default-dbf295114b96-2667\"\n\t\t\t\n\t\t>\n<div class=\"sow-image-container\">\n\t\t<img \n\tsrc=\"https:\/\/tritontimber.com\/wp-content\/uploads\/2021\/09\/31.jpg\" width=\"663\" height=\"429\" srcset=\"https:\/\/tritontimber.com\/wp-content\/uploads\/2021\/09\/31.jpg 663w, https:\/\/tritontimber.com\/wp-content\/uploads\/2021\/09\/31-300x194.jpg 300w\" sizes=\"(max-width: 663px) 100vw, 663px\" alt=\"\" \t\tclass=\"so-widget-image\"\/>\n\t<\/div>\n\n<\/div><\/div><\/div><\/div><div id=\"pgc-2667-2-1\"  class=\"panel-grid-cell\" ><div id=\"panel-2667-2-1-0\" class=\"so-panel widget widget_sow-image panel-first-child panel-last-child\" data-index=\"3\" ><div class=\"box_img panel-widget-style panel-widget-style-for-2667-2-1-0\" ><div\n\t\t\t\n\t\t\tclass=\"so-widget-sow-image so-widget-sow-image-default-dbf295114b96-2667\"\n\t\t\t\n\t\t>\n<div class=\"sow-image-container\">\n\t\t<img \n\tsrc=\"https:\/\/tritontimber.com\/wp-content\/uploads\/2021\/09\/32.jpg\" width=\"663\" height=\"429\" srcset=\"https:\/\/tritontimber.com\/wp-content\/uploads\/2021\/09\/32.jpg 663w, https:\/\/tritontimber.com\/wp-content\/uploads\/2021\/09\/32-300x194.jpg 300w\" sizes=\"(max-width: 663px) 100vw, 663px\" alt=\"\" \t\tclass=\"so-widget-image\"\/>\n\t<\/div>\n\n<\/div><\/div><\/div><\/div><\/div><\/div><div id=\"pg-2667-3\"  class=\"panel-grid panel-has-style\" ><div class=\"panel-row-style panel-row-style-for-2667-3\" ><div id=\"pgc-2667-3-0\"  class=\"panel-grid-cell\" ><div id=\"panel-2667-3-0-0\" class=\"so-panel widget widget_sow-image panel-first-child panel-last-child\" data-index=\"4\" ><div class=\"box_img panel-widget-style panel-widget-style-for-2667-3-0-0\" ><div\n\t\t\t\n\t\t\tclass=\"so-widget-sow-image so-widget-sow-image-default-dbf295114b96-2667\"\n\t\t\t\n\t\t>\n<div class=\"sow-image-container\">\n\t\t<img \n\tsrc=\"https:\/\/tritontimber.com\/wp-content\/uploads\/2021\/09\/33-e1631201726248.jpg\" width=\"663\" height=\"261\" srcset=\"https:\/\/tritontimber.com\/wp-content\/uploads\/2021\/09\/33-e1631201726248.jpg 663w, https:\/\/tritontimber.com\/wp-content\/uploads\/2021\/09\/33-e1631201726248-300x118.jpg 300w\" sizes=\"(max-width: 663px) 100vw, 663px\" title=\"33\" alt=\"\" \t\tclass=\"so-widget-image\"\/>\n\t<\/div>\n\n<\/div><\/div><\/div><\/div><div id=\"pgc-2667-3-1\"  class=\"panel-grid-cell\" ><div id=\"panel-2667-3-1-0\" class=\"so-panel widget widget_sow-image panel-first-child panel-last-child\" data-index=\"5\" ><div class=\"box_img panel-widget-style panel-widget-style-for-2667-3-1-0\" ><div\n\t\t\t\n\t\t\tclass=\"so-widget-sow-image so-widget-sow-image-default-dbf295114b96-2667\"\n\t\t\t\n\t\t>\n<div class=\"sow-image-container\">\n\t\t<img \n\tsrc=\"https:\/\/tritontimber.com\/wp-content\/uploads\/2021\/09\/34.jpg\" width=\"663\" height=\"266\" srcset=\"https:\/\/tritontimber.com\/wp-content\/uploads\/2021\/09\/34.jpg 663w, https:\/\/tritontimber.com\/wp-content\/uploads\/2021\/09\/34-300x120.jpg 300w\" sizes=\"(max-width: 663px) 100vw, 663px\" alt=\"\" \t\tclass=\"so-widget-image\"\/>\n\t<\/div>\n\n<\/div><\/div><\/div><\/div><\/div><\/div><div id=\"pg-2667-4\"  class=\"panel-grid panel-has-style\" ><div class=\"panel-row-style panel-row-style-for-2667-4\" ><div id=\"pgc-2667-4-0\"  class=\"panel-grid-cell panel-grid-cell-mobile-last\" ><div id=\"panel-2667-4-0-0\" class=\"so-panel widget widget_sow-image panel-first-child panel-last-child\" data-index=\"6\" ><div class=\"box_img panel-widget-style panel-widget-style-for-2667-4-0-0\" ><div\n\t\t\t\n\t\t\tclass=\"so-widget-sow-image so-widget-sow-image-default-dbf295114b96-2667\"\n\t\t\t\n\t\t>\n<div class=\"sow-image-container\">\n\t\t<img \n\tsrc=\"https:\/\/tritontimber.com\/wp-content\/uploads\/2021\/09\/35.jpg\" width=\"539\" height=\"429\" srcset=\"https:\/\/tritontimber.com\/wp-content\/uploads\/2021\/09\/35.jpg 539w, https:\/\/tritontimber.com\/wp-content\/uploads\/2021\/09\/35-300x239.jpg 300w\" sizes=\"(max-width: 539px) 100vw, 539px\" alt=\"\" \t\tclass=\"so-widget-image\"\/>\n\t<\/div>\n\n<\/div><\/div><\/div><\/div><div id=\"pgc-2667-4-1\"  class=\"panel-grid-cell panel-grid-cell-empty\" ><\/div><\/div><\/div><div id=\"pg-2667-5\"  class=\"panel-grid panel-has-style\" ><div class=\"panel-row-style panel-row-style-for-2667-5\" ><div id=\"pgc-2667-5-0\"  class=\"panel-grid-cell\" ><div id=\"panel-2667-5-0-0\" class=\"widget_text so-panel widget widget_custom_html panel-first-child panel-last-child\" data-index=\"7\" ><div class=\"widget_text button panel-widget-style panel-widget-style-for-2667-5-0-0\" ><div class=\"textwidget custom-html-widget\"><a href=\"https:\/\/tritontimber.com\/fr\/past-projects\/#williston\">retour<\/a><\/div><\/div><\/div><\/div><div id=\"pgc-2667-5-1\"  class=\"panel-grid-cell\" ><div id=\"panel-2667-5-1-0\" class=\"so-panel widget widget_xyz_insert_php_widget panel-first-child panel-last-child\" data-index=\"8\" ><div class=\"navigation\">\r\n<div class=\"button nav\"><a href=\"https:\/\/tritontimber.com\/fr\/nos-projets\/panama-gatun\/\">Next Project <br\/><span>Panama &#8211; Gatun<\/span><\/a><\/div>\r\n<div class=\"button nav\"><a href=\"https:\/\/tritontimber.com\/fr\/nos-projets\/suriname-brokopondo\/\">Previous Project <br\/><span>Suriname &#8211; Brokopondo<\/span><\/a><\/div>\r\n<\/div><\/div><\/div><\/div><\/div><\/div>","protected":false},"excerpt":{"rendered":"<p>BGC Engineering Inc. a demand\u00e9 \u00e0 Triton de r\u00e9aliser un relev\u00e9 sub-aquatique d&rsquo;une partie du lac Williston, pr\u00e8s de Mackenzie, en Colombie-Britannique. Le lac Williston est un r\u00e9servoir hydro\u00e9lectrique construit en 1968 qui couvre une superficie totale de 1 761 km2. Il s&rsquo;agit du plus grand lac de la Colombie-Britannique et du septi\u00e8me plus grand [&hellip;]<\/p>\n","protected":false},"author":1,"featured_media":0,"parent":2659,"menu_order":0,"comment_status":"closed","ping_status":"closed","template":"project-page.php","meta":{"_acf_changed":false,"inline_featured_image":false,"footnotes":""},"class_list":["post-2667","page","type-page","status-publish","hentry"],"acf":[],"yoast_head":"<!-- This site is optimized with the Yoast SEO plugin v27.3 - https:\/\/yoast.com\/product\/yoast-seo-wordpress\/ -->\n<title>Canada - Lac Williston - Mackenzie, BC - Triton Timber Group - wood products<\/title>\n<meta name=\"description\" content=\"Canada - Lac Williston - Mackenzie, BC - We operate in Underwater timber harvesting, Reclaimed wood products and Reservoir management \/ Reservoir services! Contact us!\" \/>\n<meta name=\"robots\" content=\"index, follow, max-snippet:-1, max-image-preview:large, max-video-preview:-1\" \/>\n<link rel=\"canonical\" href=\"https:\/\/tritontimber.com\/fr\/nos-projets\/canada-lac-williston-mackenzie-bc\/\" \/>\n<meta property=\"og:locale\" content=\"fr_FR\" \/>\n<meta property=\"og:type\" content=\"article\" \/>\n<meta property=\"og:title\" content=\"Canada - Lac Williston - Mackenzie, BC - Triton Timber Group - wood products\" \/>\n<meta property=\"og:description\" content=\"Canada - Lac Williston - Mackenzie, BC - We operate in Underwater timber harvesting, Reclaimed wood products and Reservoir management \/ Reservoir services! Contact us!\" \/>\n<meta property=\"og:url\" content=\"https:\/\/tritontimber.com\/fr\/nos-projets\/canada-lac-williston-mackenzie-bc\/\" \/>\n<meta property=\"og:site_name\" content=\"Triton Timber Group\" \/>\n<meta property=\"article:modified_time\" content=\"2023-07-13T10:07:57+00:00\" \/>\n<meta name=\"twitter:card\" content=\"summary_large_image\" \/>\n<meta name=\"twitter:label1\" content=\"Dur\u00e9e de lecture estim\u00e9e\" \/>\n\t<meta name=\"twitter:data1\" content=\"1 minute\" \/>\n<script type=\"application\/ld+json\" class=\"yoast-schema-graph\">{\"@context\":\"https:\\\/\\\/schema.org\",\"@graph\":[{\"@type\":\"WebPage\",\"@id\":\"https:\\\/\\\/tritontimber.com\\\/fr\\\/nos-projets\\\/canada-lac-williston-mackenzie-bc\\\/\",\"url\":\"https:\\\/\\\/tritontimber.com\\\/fr\\\/nos-projets\\\/canada-lac-williston-mackenzie-bc\\\/\",\"name\":\"Canada - Lac Williston - Mackenzie, BC - Triton Timber Group - wood products\",\"isPartOf\":{\"@id\":\"https:\\\/\\\/tritontimber.com\\\/#website\"},\"datePublished\":\"2013-09-01T19:25:52+00:00\",\"dateModified\":\"2023-07-13T10:07:57+00:00\",\"description\":\"Canada - Lac Williston - Mackenzie, BC - We operate in Underwater timber harvesting, Reclaimed wood products and Reservoir management \\\/ Reservoir services! Contact us!\",\"breadcrumb\":{\"@id\":\"https:\\\/\\\/tritontimber.com\\\/fr\\\/nos-projets\\\/canada-lac-williston-mackenzie-bc\\\/#breadcrumb\"},\"inLanguage\":\"fr-FR\",\"potentialAction\":[{\"@type\":\"ReadAction\",\"target\":[\"https:\\\/\\\/tritontimber.com\\\/fr\\\/nos-projets\\\/canada-lac-williston-mackenzie-bc\\\/\"]}]},{\"@type\":\"BreadcrumbList\",\"@id\":\"https:\\\/\\\/tritontimber.com\\\/fr\\\/nos-projets\\\/canada-lac-williston-mackenzie-bc\\\/#breadcrumb\",\"itemListElement\":[{\"@type\":\"ListItem\",\"position\":1,\"name\":\"Home\",\"item\":\"https:\\\/\\\/tritontimber.com\\\/fr\\\/\"},{\"@type\":\"ListItem\",\"position\":2,\"name\":\"Nos projets\",\"item\":\"https:\\\/\\\/tritontimber.com\\\/fr\\\/nos-projets\\\/\"},{\"@type\":\"ListItem\",\"position\":3,\"name\":\"Canada &#8211; Lac Williston &#8211; Mackenzie, BC\"}]},{\"@type\":\"WebSite\",\"@id\":\"https:\\\/\\\/tritontimber.com\\\/#website\",\"url\":\"https:\\\/\\\/tritontimber.com\\\/\",\"name\":\"Triton Timber Group\",\"description\":\"Underwater Harvesting Specialists\",\"publisher\":{\"@id\":\"https:\\\/\\\/tritontimber.com\\\/#organization\"},\"potentialAction\":[{\"@type\":\"SearchAction\",\"target\":{\"@type\":\"EntryPoint\",\"urlTemplate\":\"https:\\\/\\\/tritontimber.com\\\/?s={search_term_string}\"},\"query-input\":{\"@type\":\"PropertyValueSpecification\",\"valueRequired\":true,\"valueName\":\"search_term_string\"}}],\"inLanguage\":\"fr-FR\"},{\"@type\":\"Organization\",\"@id\":\"https:\\\/\\\/tritontimber.com\\\/#organization\",\"name\":\"Triton Timber Group\",\"url\":\"https:\\\/\\\/tritontimber.com\\\/\",\"logo\":{\"@type\":\"ImageObject\",\"inLanguage\":\"fr-FR\",\"@id\":\"https:\\\/\\\/tritontimber.com\\\/#\\\/schema\\\/logo\\\/image\\\/\",\"url\":\"https:\\\/\\\/tritontimber.com\\\/wp-content\\\/uploads\\\/2021\\\/10\\\/triton_logo.svg\",\"contentUrl\":\"https:\\\/\\\/tritontimber.com\\\/wp-content\\\/uploads\\\/2021\\\/10\\\/triton_logo.svg\",\"caption\":\"Triton Timber Group\"},\"image\":{\"@id\":\"https:\\\/\\\/tritontimber.com\\\/#\\\/schema\\\/logo\\\/image\\\/\"}}]}<\/script>\n<!-- \/ Yoast SEO plugin. -->","yoast_head_json":{"title":"Canada - Lac Williston - Mackenzie, BC - Triton Timber Group - wood products","description":"Canada - Lac Williston - Mackenzie, BC - We operate in Underwater timber harvesting, Reclaimed wood products and Reservoir management \/ Reservoir services! Contact us!","robots":{"index":"index","follow":"follow","max-snippet":"max-snippet:-1","max-image-preview":"max-image-preview:large","max-video-preview":"max-video-preview:-1"},"canonical":"https:\/\/tritontimber.com\/fr\/nos-projets\/canada-lac-williston-mackenzie-bc\/","og_locale":"fr_FR","og_type":"article","og_title":"Canada - Lac Williston - Mackenzie, BC - Triton Timber Group - wood products","og_description":"Canada - Lac Williston - Mackenzie, BC - We operate in Underwater timber harvesting, Reclaimed wood products and Reservoir management \/ Reservoir services! Contact us!","og_url":"https:\/\/tritontimber.com\/fr\/nos-projets\/canada-lac-williston-mackenzie-bc\/","og_site_name":"Triton Timber Group","article_modified_time":"2023-07-13T10:07:57+00:00","twitter_card":"summary_large_image","twitter_misc":{"Dur\u00e9e de lecture estim\u00e9e":"1 minute"},"schema":{"@context":"https:\/\/schema.org","@graph":[{"@type":"WebPage","@id":"https:\/\/tritontimber.com\/fr\/nos-projets\/canada-lac-williston-mackenzie-bc\/","url":"https:\/\/tritontimber.com\/fr\/nos-projets\/canada-lac-williston-mackenzie-bc\/","name":"Canada - Lac Williston - Mackenzie, BC - Triton Timber Group - wood products","isPartOf":{"@id":"https:\/\/tritontimber.com\/#website"},"datePublished":"2013-09-01T19:25:52+00:00","dateModified":"2023-07-13T10:07:57+00:00","description":"Canada - Lac Williston - Mackenzie, BC - We operate in Underwater timber harvesting, Reclaimed wood products and Reservoir management \/ Reservoir services! Contact us!","breadcrumb":{"@id":"https:\/\/tritontimber.com\/fr\/nos-projets\/canada-lac-williston-mackenzie-bc\/#breadcrumb"},"inLanguage":"fr-FR","potentialAction":[{"@type":"ReadAction","target":["https:\/\/tritontimber.com\/fr\/nos-projets\/canada-lac-williston-mackenzie-bc\/"]}]},{"@type":"BreadcrumbList","@id":"https:\/\/tritontimber.com\/fr\/nos-projets\/canada-lac-williston-mackenzie-bc\/#breadcrumb","itemListElement":[{"@type":"ListItem","position":1,"name":"Home","item":"https:\/\/tritontimber.com\/fr\/"},{"@type":"ListItem","position":2,"name":"Nos projets","item":"https:\/\/tritontimber.com\/fr\/nos-projets\/"},{"@type":"ListItem","position":3,"name":"Canada &#8211; Lac Williston &#8211; Mackenzie, BC"}]},{"@type":"WebSite","@id":"https:\/\/tritontimber.com\/#website","url":"https:\/\/tritontimber.com\/","name":"Triton Timber Group","description":"Underwater Harvesting Specialists","publisher":{"@id":"https:\/\/tritontimber.com\/#organization"},"potentialAction":[{"@type":"SearchAction","target":{"@type":"EntryPoint","urlTemplate":"https:\/\/tritontimber.com\/?s={search_term_string}"},"query-input":{"@type":"PropertyValueSpecification","valueRequired":true,"valueName":"search_term_string"}}],"inLanguage":"fr-FR"},{"@type":"Organization","@id":"https:\/\/tritontimber.com\/#organization","name":"Triton Timber Group","url":"https:\/\/tritontimber.com\/","logo":{"@type":"ImageObject","inLanguage":"fr-FR","@id":"https:\/\/tritontimber.com\/#\/schema\/logo\/image\/","url":"https:\/\/tritontimber.com\/wp-content\/uploads\/2021\/10\/triton_logo.svg","contentUrl":"https:\/\/tritontimber.com\/wp-content\/uploads\/2021\/10\/triton_logo.svg","caption":"Triton Timber Group"},"image":{"@id":"https:\/\/tritontimber.com\/#\/schema\/logo\/image\/"}}]}},"_links":{"self":[{"href":"https:\/\/tritontimber.com\/fr\/wp-json\/wp\/v2\/pages\/2667","targetHints":{"allow":["GET"]}}],"collection":[{"href":"https:\/\/tritontimber.com\/fr\/wp-json\/wp\/v2\/pages"}],"about":[{"href":"https:\/\/tritontimber.com\/fr\/wp-json\/wp\/v2\/types\/page"}],"author":[{"embeddable":true,"href":"https:\/\/tritontimber.com\/fr\/wp-json\/wp\/v2\/users\/1"}],"replies":[{"embeddable":true,"href":"https:\/\/tritontimber.com\/fr\/wp-json\/wp\/v2\/comments?post=2667"}],"version-history":[{"count":3,"href":"https:\/\/tritontimber.com\/fr\/wp-json\/wp\/v2\/pages\/2667\/revisions"}],"predecessor-version":[{"id":2755,"href":"https:\/\/tritontimber.com\/fr\/wp-json\/wp\/v2\/pages\/2667\/revisions\/2755"}],"up":[{"embeddable":true,"href":"https:\/\/tritontimber.com\/fr\/wp-json\/wp\/v2\/pages\/2659"}],"wp:attachment":[{"href":"https:\/\/tritontimber.com\/fr\/wp-json\/wp\/v2\/media?parent=2667"}],"curies":[{"name":"wp","href":"https:\/\/api.w.org\/{rel}","templated":true}]}}