{"id":2670,"date":"2018-09-01T20:08:56","date_gmt":"2018-09-01T20:08:56","guid":{"rendered":"https:\/\/tritontimber.com\/past-projects\/malaysia-kenyir-lake\/"},"modified":"2023-07-13T10:38:42","modified_gmt":"2023-07-13T10:38:42","slug":"malaysia-kenyir-lake","status":"publish","type":"page","link":"https:\/\/tritontimber.com\/fr\/nos-projets\/malaysia-kenyir-lake\/","title":{"rendered":"Malaysia \u2013 Kenyir Lake"},"content":{"rendered":"<div id=\"pl-2670\"  class=\"panel-layout\" ><div id=\"pg-2670-0\"  class=\"panel-grid panel-has-style\" ><div class=\"header_projects siteorigin-panels-stretch panel-row-style panel-row-style-for-2670-0\" data-stretch-type=\"full\" ><div id=\"pgc-2670-0-0\"  class=\"panel-grid-cell\" ><div id=\"panel-2670-0-0-0\" class=\"so-panel widget widget_sow-image panel-first-child panel-last-child\" data-index=\"0\" ><div class=\"panel-widget-style panel-widget-style-for-2670-0-0-0\" ><div\n\t\t\t\n\t\t\tclass=\"so-widget-sow-image so-widget-sow-image-default-8b5b6f678277-2670\"\n\t\t\t\n\t\t>\n<div class=\"sow-image-container\">\n\t\t<img \n\tsrc=\"https:\/\/tritontimber.com\/wp-content\/uploads\/2021\/09\/14-1.jpg\" width=\"2560\" height=\"1451\" srcset=\"https:\/\/tritontimber.com\/wp-content\/uploads\/2021\/09\/14-1.jpg 2560w, https:\/\/tritontimber.com\/wp-content\/uploads\/2021\/09\/14-1-300x170.jpg 300w, https:\/\/tritontimber.com\/wp-content\/uploads\/2021\/09\/14-1-1024x581.jpg 1024w, https:\/\/tritontimber.com\/wp-content\/uploads\/2021\/09\/14-1-768x435.jpg 768w, https:\/\/tritontimber.com\/wp-content\/uploads\/2021\/09\/14-1-1536x871.jpg 1536w, https:\/\/tritontimber.com\/wp-content\/uploads\/2021\/09\/14-1-2048x1161.jpg 2048w\" sizes=\"(max-width: 2560px) 100vw, 2560px\" title=\"14\" alt=\"\" \t\tclass=\"so-widget-image\"\/>\n\t<\/div>\n\n<\/div><\/div><\/div><\/div><\/div><\/div><div id=\"pg-2670-1\"  class=\"panel-grid panel-has-style\" ><div class=\"siteorigin-panels-stretch panel-row-style panel-row-style-for-2670-1\" data-stretch-type=\"full\" ><div id=\"pgc-2670-1-0\"  class=\"panel-grid-cell\" ><div id=\"panel-2670-1-0-0\" class=\"so-panel widget widget_sow-editor panel-first-child panel-last-child\" data-index=\"1\" ><div class=\"project_header panel-widget-style panel-widget-style-for-2670-1-0-0\" ><div\n\t\t\t\n\t\t\tclass=\"so-widget-sow-editor so-widget-sow-editor-base\"\n\t\t\t\n\t\t><h3 class=\"widget-title\">Malaisie - Lac Kenyir<\/h3>\n<div class=\"siteorigin-widget-tinymce textwidget\">\n\t<p><span style=\"font-weight: 400;\">De 2007 \u00e0 2009, Triton a exploit\u00e9 une concession situ\u00e9e sur le lac Kenyir, en Malaisie. Gr\u00e2ce \u00e0 ses 3 Sawfish, Triton a pu couper des milliers d'arbres \u00e0 des profondeurs pouvant atteindre 100 m. Les grumes ont \u00e9t\u00e9 vendues localement. Triton a \u00e9galement nou\u00e9 des partenariats avec des scieries locales pour transformer ces grumes en bois de construction et d'autres produits finis.<\/span><\/p>\n<\/div>\n<\/div><\/div><\/div><\/div><\/div><\/div><div id=\"pg-2670-2\"  class=\"panel-grid panel-has-style\" ><div class=\"panel-row-style panel-row-style-for-2670-2\" ><div id=\"pgc-2670-2-0\"  class=\"panel-grid-cell\" ><div id=\"panel-2670-2-0-0\" class=\"so-panel widget widget_sow-image panel-first-child panel-last-child\" data-index=\"2\" ><div class=\"box_img panel-widget-style panel-widget-style-for-2670-2-0-0\" ><div\n\t\t\t\n\t\t\tclass=\"so-widget-sow-image so-widget-sow-image-default-dbf295114b96-2670\"\n\t\t\t\n\t\t>\n<div class=\"sow-image-container\">\n\t\t<img \n\tsrc=\"https:\/\/tritontimber.com\/wp-content\/uploads\/2021\/09\/50.jpg\" width=\"572\" height=\"429\" srcset=\"https:\/\/tritontimber.com\/wp-content\/uploads\/2021\/09\/50.jpg 572w, https:\/\/tritontimber.com\/wp-content\/uploads\/2021\/09\/50-300x225.jpg 300w\" sizes=\"(max-width: 572px) 100vw, 572px\" alt=\"\" \t\tclass=\"so-widget-image\"\/>\n\t<\/div>\n\n<\/div><\/div><\/div><\/div><div id=\"pgc-2670-2-1\"  class=\"panel-grid-cell\" ><div id=\"panel-2670-2-1-0\" class=\"so-panel widget widget_sow-image panel-first-child panel-last-child\" data-index=\"3\" ><div class=\"box_img panel-widget-style panel-widget-style-for-2670-2-1-0\" ><div\n\t\t\t\n\t\t\tclass=\"so-widget-sow-image so-widget-sow-image-default-dbf295114b96-2670\"\n\t\t\t\n\t\t>\n<div class=\"sow-image-container\">\n\t\t<img \n\tsrc=\"https:\/\/tritontimber.com\/wp-content\/uploads\/2021\/09\/51.jpg\" width=\"572\" height=\"429\" srcset=\"https:\/\/tritontimber.com\/wp-content\/uploads\/2021\/09\/51.jpg 572w, https:\/\/tritontimber.com\/wp-content\/uploads\/2021\/09\/51-300x225.jpg 300w\" sizes=\"(max-width: 572px) 100vw, 572px\" alt=\"\" \t\tclass=\"so-widget-image\"\/>\n\t<\/div>\n\n<\/div><\/div><\/div><\/div><\/div><\/div><div id=\"pg-2670-3\"  class=\"panel-grid panel-has-style\" ><div class=\"panel-row-style panel-row-style-for-2670-3\" ><div id=\"pgc-2670-3-0\"  class=\"panel-grid-cell\" ><div id=\"panel-2670-3-0-0\" class=\"so-panel widget widget_sow-image panel-first-child panel-last-child\" data-index=\"4\" ><div class=\"box_img panel-widget-style panel-widget-style-for-2670-3-0-0\" ><div\n\t\t\t\n\t\t\tclass=\"so-widget-sow-image so-widget-sow-image-default-dbf295114b96-2670\"\n\t\t\t\n\t\t>\n<div class=\"sow-image-container\">\n\t\t<img \n\tsrc=\"https:\/\/tritontimber.com\/wp-content\/uploads\/2021\/09\/52.jpg\" width=\"572\" height=\"429\" srcset=\"https:\/\/tritontimber.com\/wp-content\/uploads\/2021\/09\/52.jpg 572w, https:\/\/tritontimber.com\/wp-content\/uploads\/2021\/09\/52-300x225.jpg 300w\" sizes=\"(max-width: 572px) 100vw, 572px\" alt=\"\" \t\tclass=\"so-widget-image\"\/>\n\t<\/div>\n\n<\/div><\/div><\/div><\/div><div id=\"pgc-2670-3-1\"  class=\"panel-grid-cell\" ><div id=\"panel-2670-3-1-0\" class=\"so-panel widget widget_sow-image panel-first-child panel-last-child\" data-index=\"5\" ><div class=\"box_img panel-widget-style panel-widget-style-for-2670-3-1-0\" ><div\n\t\t\t\n\t\t\tclass=\"so-widget-sow-image so-widget-sow-image-default-dbf295114b96-2670\"\n\t\t\t\n\t\t>\n<div class=\"sow-image-container\">\n\t\t<img \n\tsrc=\"https:\/\/tritontimber.com\/wp-content\/uploads\/2021\/09\/53.jpg\" width=\"572\" height=\"429\" srcset=\"https:\/\/tritontimber.com\/wp-content\/uploads\/2021\/09\/53.jpg 572w, https:\/\/tritontimber.com\/wp-content\/uploads\/2021\/09\/53-300x225.jpg 300w\" sizes=\"(max-width: 572px) 100vw, 572px\" alt=\"\" \t\tclass=\"so-widget-image\"\/>\n\t<\/div>\n\n<\/div><\/div><\/div><\/div><\/div><\/div><div id=\"pg-2670-4\"  class=\"panel-grid panel-has-style\" ><div class=\"panel-row-style panel-row-style-for-2670-4\" ><div id=\"pgc-2670-4-0\"  class=\"panel-grid-cell\" ><div id=\"panel-2670-4-0-0\" class=\"so-panel widget widget_sow-image panel-first-child panel-last-child\" data-index=\"6\" ><div class=\"box_img panel-widget-style panel-widget-style-for-2670-4-0-0\" ><div\n\t\t\t\n\t\t\tclass=\"so-widget-sow-image so-widget-sow-image-default-dbf295114b96-2670\"\n\t\t\t\n\t\t>\n<div class=\"sow-image-container\">\n\t\t<img \n\tsrc=\"https:\/\/tritontimber.com\/wp-content\/uploads\/2021\/09\/54-1.jpg\" width=\"572\" height=\"429\" srcset=\"https:\/\/tritontimber.com\/wp-content\/uploads\/2021\/09\/54-1.jpg 572w, https:\/\/tritontimber.com\/wp-content\/uploads\/2021\/09\/54-1-300x225.jpg 300w\" sizes=\"(max-width: 572px) 100vw, 572px\" title=\"54\" alt=\"\" \t\tclass=\"so-widget-image\"\/>\n\t<\/div>\n\n<\/div><\/div><\/div><\/div><div id=\"pgc-2670-4-1\"  class=\"panel-grid-cell\" ><div id=\"panel-2670-4-1-0\" class=\"so-panel widget widget_sow-image panel-first-child panel-last-child\" data-index=\"7\" ><div class=\"box_img panel-widget-style panel-widget-style-for-2670-4-1-0\" ><div\n\t\t\t\n\t\t\tclass=\"so-widget-sow-image so-widget-sow-image-default-dbf295114b96-2670\"\n\t\t\t\n\t\t>\n<div class=\"sow-image-container\">\n\t\t<img \n\tsrc=\"https:\/\/tritontimber.com\/wp-content\/uploads\/2021\/09\/55.jpg\" width=\"572\" height=\"429\" srcset=\"https:\/\/tritontimber.com\/wp-content\/uploads\/2021\/09\/55.jpg 572w, https:\/\/tritontimber.com\/wp-content\/uploads\/2021\/09\/55-300x225.jpg 300w\" sizes=\"(max-width: 572px) 100vw, 572px\" alt=\"\" \t\tclass=\"so-widget-image\"\/>\n\t<\/div>\n\n<\/div><\/div><\/div><\/div><\/div><\/div><div id=\"pg-2670-5\"  class=\"panel-grid panel-has-style\" ><div class=\"panel-row-style panel-row-style-for-2670-5\" ><div id=\"pgc-2670-5-0\"  class=\"panel-grid-cell\" ><div id=\"panel-2670-5-0-0\" class=\"widget_text so-panel widget widget_custom_html panel-first-child panel-last-child\" data-index=\"8\" ><div class=\"widget_text button panel-widget-style panel-widget-style-for-2670-5-0-0\" ><div class=\"textwidget custom-html-widget\"><a href=\"https:\/\/tritontimber.com\/fr\/past-projects\/#kenyir\">retour<\/a><\/div><\/div><\/div><\/div><div id=\"pgc-2670-5-1\"  class=\"panel-grid-cell\" ><div id=\"panel-2670-5-1-0\" class=\"so-panel widget widget_xyz_insert_php_widget panel-first-child panel-last-child\" data-index=\"9\" ><div class=\"navigation\">\r\n<div class=\"button nav\"><a href=\"https:\/\/tritontimber.com\/fr\/nos-projets\/ghana-lac-volta\/\">Next Project <br\/><span>Ghana \u2013 Lac Volta<\/span><\/a><\/div>\r\n<div class=\"button nav\"><a href=\"https:\/\/tritontimber.com\/fr\/nos-projets\/lac-lois-powell-river-bc\/\">Previous Project <br\/><span>Canada &#8211; Lac Lois, Powell River, BC<\/span><\/a><\/div>\r\n<\/div><\/div><\/div><\/div><\/div><\/div>","protected":false},"excerpt":{"rendered":"<p>De 2007 \u00e0 2009, Triton a exploit\u00e9 une concession situ\u00e9e sur le lac Kenyir, en Malaisie. Gr\u00e2ce \u00e0 ses 3 Sawfish, Triton a pu couper des milliers d&rsquo;arbres \u00e0 des profondeurs pouvant atteindre 100 m. Les grumes ont \u00e9t\u00e9 vendues localement. Triton a \u00e9galement nou\u00e9 des partenariats avec des scieries locales pour transformer ces grumes [&hellip;]<\/p>\n","protected":false},"author":1,"featured_media":0,"parent":2659,"menu_order":0,"comment_status":"closed","ping_status":"closed","template":"project-page.php","meta":{"_acf_changed":false,"inline_featured_image":false,"footnotes":""},"class_list":["post-2670","page","type-page","status-publish","hentry"],"acf":[],"yoast_head":"<!-- This site is optimized with the Yoast SEO plugin v27.3 - https:\/\/yoast.com\/product\/yoast-seo-wordpress\/ -->\n<title>Malaysia \u2013 Kenyir Lake - Triton Timber Group - wood products<\/title>\n<meta name=\"description\" content=\"Malaysia \u2013 Kenyir Lake - We operate in Underwater timber harvesting, Reclaimed wood products and Reservoir management \/ Reservoir services! Contact us!\" \/>\n<meta name=\"robots\" content=\"index, follow, max-snippet:-1, max-image-preview:large, max-video-preview:-1\" \/>\n<link rel=\"canonical\" href=\"https:\/\/tritontimber.com\/fr\/nos-projets\/malaysia-kenyir-lake\/\" \/>\n<meta property=\"og:locale\" content=\"fr_FR\" \/>\n<meta property=\"og:type\" content=\"article\" \/>\n<meta property=\"og:title\" content=\"Malaysia \u2013 Kenyir Lake - Triton Timber Group - wood products\" \/>\n<meta property=\"og:description\" content=\"Malaysia \u2013 Kenyir Lake - We operate in Underwater timber harvesting, Reclaimed wood products and Reservoir management \/ Reservoir services! Contact us!\" \/>\n<meta property=\"og:url\" content=\"https:\/\/tritontimber.com\/fr\/nos-projets\/malaysia-kenyir-lake\/\" \/>\n<meta property=\"og:site_name\" content=\"Triton Timber Group\" \/>\n<meta property=\"article:modified_time\" content=\"2023-07-13T10:38:42+00:00\" \/>\n<meta name=\"twitter:card\" content=\"summary_large_image\" \/>\n<meta name=\"twitter:label1\" content=\"Dur\u00e9e de lecture estim\u00e9e\" \/>\n\t<meta name=\"twitter:data1\" content=\"1 minute\" \/>\n<script type=\"application\/ld+json\" class=\"yoast-schema-graph\">{\"@context\":\"https:\\\/\\\/schema.org\",\"@graph\":[{\"@type\":\"WebPage\",\"@id\":\"https:\\\/\\\/tritontimber.com\\\/fr\\\/nos-projets\\\/malaysia-kenyir-lake\\\/\",\"url\":\"https:\\\/\\\/tritontimber.com\\\/fr\\\/nos-projets\\\/malaysia-kenyir-lake\\\/\",\"name\":\"Malaysia \u2013 Kenyir Lake - Triton Timber Group - wood products\",\"isPartOf\":{\"@id\":\"https:\\\/\\\/tritontimber.com\\\/#website\"},\"datePublished\":\"2018-09-01T20:08:56+00:00\",\"dateModified\":\"2023-07-13T10:38:42+00:00\",\"description\":\"Malaysia \u2013 Kenyir Lake - We operate in Underwater timber harvesting, Reclaimed wood products and Reservoir management \\\/ Reservoir services! Contact us!\",\"breadcrumb\":{\"@id\":\"https:\\\/\\\/tritontimber.com\\\/fr\\\/nos-projets\\\/malaysia-kenyir-lake\\\/#breadcrumb\"},\"inLanguage\":\"fr-FR\",\"potentialAction\":[{\"@type\":\"ReadAction\",\"target\":[\"https:\\\/\\\/tritontimber.com\\\/fr\\\/nos-projets\\\/malaysia-kenyir-lake\\\/\"]}]},{\"@type\":\"BreadcrumbList\",\"@id\":\"https:\\\/\\\/tritontimber.com\\\/fr\\\/nos-projets\\\/malaysia-kenyir-lake\\\/#breadcrumb\",\"itemListElement\":[{\"@type\":\"ListItem\",\"position\":1,\"name\":\"Home\",\"item\":\"https:\\\/\\\/tritontimber.com\\\/fr\\\/\"},{\"@type\":\"ListItem\",\"position\":2,\"name\":\"Nos projets\",\"item\":\"https:\\\/\\\/tritontimber.com\\\/fr\\\/nos-projets\\\/\"},{\"@type\":\"ListItem\",\"position\":3,\"name\":\"Malaysia \u2013 Kenyir Lake\"}]},{\"@type\":\"WebSite\",\"@id\":\"https:\\\/\\\/tritontimber.com\\\/#website\",\"url\":\"https:\\\/\\\/tritontimber.com\\\/\",\"name\":\"Triton Timber Group\",\"description\":\"Underwater Harvesting Specialists\",\"publisher\":{\"@id\":\"https:\\\/\\\/tritontimber.com\\\/#organization\"},\"potentialAction\":[{\"@type\":\"SearchAction\",\"target\":{\"@type\":\"EntryPoint\",\"urlTemplate\":\"https:\\\/\\\/tritontimber.com\\\/?s={search_term_string}\"},\"query-input\":{\"@type\":\"PropertyValueSpecification\",\"valueRequired\":true,\"valueName\":\"search_term_string\"}}],\"inLanguage\":\"fr-FR\"},{\"@type\":\"Organization\",\"@id\":\"https:\\\/\\\/tritontimber.com\\\/#organization\",\"name\":\"Triton Timber Group\",\"url\":\"https:\\\/\\\/tritontimber.com\\\/\",\"logo\":{\"@type\":\"ImageObject\",\"inLanguage\":\"fr-FR\",\"@id\":\"https:\\\/\\\/tritontimber.com\\\/#\\\/schema\\\/logo\\\/image\\\/\",\"url\":\"https:\\\/\\\/tritontimber.com\\\/wp-content\\\/uploads\\\/2021\\\/10\\\/triton_logo.svg\",\"contentUrl\":\"https:\\\/\\\/tritontimber.com\\\/wp-content\\\/uploads\\\/2021\\\/10\\\/triton_logo.svg\",\"caption\":\"Triton Timber Group\"},\"image\":{\"@id\":\"https:\\\/\\\/tritontimber.com\\\/#\\\/schema\\\/logo\\\/image\\\/\"}}]}<\/script>\n<!-- \/ Yoast SEO plugin. -->","yoast_head_json":{"title":"Malaysia \u2013 Kenyir Lake - Triton Timber Group - wood products","description":"Malaysia \u2013 Kenyir Lake - We operate in Underwater timber harvesting, Reclaimed wood products and Reservoir management \/ Reservoir services! Contact us!","robots":{"index":"index","follow":"follow","max-snippet":"max-snippet:-1","max-image-preview":"max-image-preview:large","max-video-preview":"max-video-preview:-1"},"canonical":"https:\/\/tritontimber.com\/fr\/nos-projets\/malaysia-kenyir-lake\/","og_locale":"fr_FR","og_type":"article","og_title":"Malaysia \u2013 Kenyir Lake - Triton Timber Group - wood products","og_description":"Malaysia \u2013 Kenyir Lake - We operate in Underwater timber harvesting, Reclaimed wood products and Reservoir management \/ Reservoir services! Contact us!","og_url":"https:\/\/tritontimber.com\/fr\/nos-projets\/malaysia-kenyir-lake\/","og_site_name":"Triton Timber Group","article_modified_time":"2023-07-13T10:38:42+00:00","twitter_card":"summary_large_image","twitter_misc":{"Dur\u00e9e de lecture estim\u00e9e":"1 minute"},"schema":{"@context":"https:\/\/schema.org","@graph":[{"@type":"WebPage","@id":"https:\/\/tritontimber.com\/fr\/nos-projets\/malaysia-kenyir-lake\/","url":"https:\/\/tritontimber.com\/fr\/nos-projets\/malaysia-kenyir-lake\/","name":"Malaysia \u2013 Kenyir Lake - Triton Timber Group - wood products","isPartOf":{"@id":"https:\/\/tritontimber.com\/#website"},"datePublished":"2018-09-01T20:08:56+00:00","dateModified":"2023-07-13T10:38:42+00:00","description":"Malaysia \u2013 Kenyir Lake - We operate in Underwater timber harvesting, Reclaimed wood products and Reservoir management \/ Reservoir services! Contact us!","breadcrumb":{"@id":"https:\/\/tritontimber.com\/fr\/nos-projets\/malaysia-kenyir-lake\/#breadcrumb"},"inLanguage":"fr-FR","potentialAction":[{"@type":"ReadAction","target":["https:\/\/tritontimber.com\/fr\/nos-projets\/malaysia-kenyir-lake\/"]}]},{"@type":"BreadcrumbList","@id":"https:\/\/tritontimber.com\/fr\/nos-projets\/malaysia-kenyir-lake\/#breadcrumb","itemListElement":[{"@type":"ListItem","position":1,"name":"Home","item":"https:\/\/tritontimber.com\/fr\/"},{"@type":"ListItem","position":2,"name":"Nos projets","item":"https:\/\/tritontimber.com\/fr\/nos-projets\/"},{"@type":"ListItem","position":3,"name":"Malaysia \u2013 Kenyir Lake"}]},{"@type":"WebSite","@id":"https:\/\/tritontimber.com\/#website","url":"https:\/\/tritontimber.com\/","name":"Triton Timber Group","description":"Underwater Harvesting Specialists","publisher":{"@id":"https:\/\/tritontimber.com\/#organization"},"potentialAction":[{"@type":"SearchAction","target":{"@type":"EntryPoint","urlTemplate":"https:\/\/tritontimber.com\/?s={search_term_string}"},"query-input":{"@type":"PropertyValueSpecification","valueRequired":true,"valueName":"search_term_string"}}],"inLanguage":"fr-FR"},{"@type":"Organization","@id":"https:\/\/tritontimber.com\/#organization","name":"Triton Timber Group","url":"https:\/\/tritontimber.com\/","logo":{"@type":"ImageObject","inLanguage":"fr-FR","@id":"https:\/\/tritontimber.com\/#\/schema\/logo\/image\/","url":"https:\/\/tritontimber.com\/wp-content\/uploads\/2021\/10\/triton_logo.svg","contentUrl":"https:\/\/tritontimber.com\/wp-content\/uploads\/2021\/10\/triton_logo.svg","caption":"Triton Timber Group"},"image":{"@id":"https:\/\/tritontimber.com\/#\/schema\/logo\/image\/"}}]}},"_links":{"self":[{"href":"https:\/\/tritontimber.com\/fr\/wp-json\/wp\/v2\/pages\/2670","targetHints":{"allow":["GET"]}}],"collection":[{"href":"https:\/\/tritontimber.com\/fr\/wp-json\/wp\/v2\/pages"}],"about":[{"href":"https:\/\/tritontimber.com\/fr\/wp-json\/wp\/v2\/types\/page"}],"author":[{"embeddable":true,"href":"https:\/\/tritontimber.com\/fr\/wp-json\/wp\/v2\/users\/1"}],"replies":[{"embeddable":true,"href":"https:\/\/tritontimber.com\/fr\/wp-json\/wp\/v2\/comments?post=2670"}],"version-history":[{"count":2,"href":"https:\/\/tritontimber.com\/fr\/wp-json\/wp\/v2\/pages\/2670\/revisions"}],"predecessor-version":[{"id":2765,"href":"https:\/\/tritontimber.com\/fr\/wp-json\/wp\/v2\/pages\/2670\/revisions\/2765"}],"up":[{"embeddable":true,"href":"https:\/\/tritontimber.com\/fr\/wp-json\/wp\/v2\/pages\/2659"}],"wp:attachment":[{"href":"https:\/\/tritontimber.com\/fr\/wp-json\/wp\/v2\/media?parent=2670"}],"curies":[{"name":"wp","href":"https:\/\/api.w.org\/{rel}","templated":true}]}}