{"id":2672,"date":"2014-09-01T19:37:55","date_gmt":"2014-09-01T19:37:55","guid":{"rendered":"https:\/\/tritontimber.com\/past-projects\/panama-gatun\/"},"modified":"2023-07-13T10:42:15","modified_gmt":"2023-07-13T10:42:15","slug":"panama-gatun","status":"publish","type":"page","link":"https:\/\/tritontimber.com\/fr\/nos-projets\/panama-gatun\/","title":{"rendered":"Panama &#8211; Gatun"},"content":{"rendered":"<div id=\"pl-2672\"  class=\"panel-layout\" ><div id=\"pg-2672-0\"  class=\"panel-grid panel-has-style\" ><div class=\"header_projects siteorigin-panels-stretch panel-row-style panel-row-style-for-2672-0\" data-stretch-type=\"full\" ><div id=\"pgc-2672-0-0\"  class=\"panel-grid-cell\" ><div id=\"panel-2672-0-0-0\" class=\"so-panel widget widget_sow-image panel-first-child panel-last-child\" data-index=\"0\" ><div class=\"panel-widget-style panel-widget-style-for-2672-0-0-0\" ><div\n\t\t\t\n\t\t\tclass=\"so-widget-sow-image so-widget-sow-image-default-8b5b6f678277-2672\"\n\t\t\t\n\t\t>\n<div class=\"sow-image-container\">\n\t\t<img \n\tsrc=\"https:\/\/tritontimber.com\/wp-content\/uploads\/2021\/09\/10-1.jpg\" width=\"2560\" height=\"1451\" srcset=\"https:\/\/tritontimber.com\/wp-content\/uploads\/2021\/09\/10-1.jpg 2560w, https:\/\/tritontimber.com\/wp-content\/uploads\/2021\/09\/10-1-300x170.jpg 300w, https:\/\/tritontimber.com\/wp-content\/uploads\/2021\/09\/10-1-1024x581.jpg 1024w, https:\/\/tritontimber.com\/wp-content\/uploads\/2021\/09\/10-1-768x435.jpg 768w, https:\/\/tritontimber.com\/wp-content\/uploads\/2021\/09\/10-1-1536x871.jpg 1536w, https:\/\/tritontimber.com\/wp-content\/uploads\/2021\/09\/10-1-2048x1161.jpg 2048w\" sizes=\"(max-width: 2560px) 100vw, 2560px\" title=\"10\" alt=\"\" \t\tclass=\"so-widget-image\"\/>\n\t<\/div>\n\n<\/div><\/div><\/div><\/div><\/div><\/div><div id=\"pg-2672-1\"  class=\"panel-grid panel-has-style\" ><div class=\"siteorigin-panels-stretch panel-row-style panel-row-style-for-2672-1\" data-stretch-type=\"full\" ><div id=\"pgc-2672-1-0\"  class=\"panel-grid-cell\" ><div id=\"panel-2672-1-0-0\" class=\"so-panel widget widget_sow-editor panel-first-child panel-last-child\" data-index=\"1\" ><div class=\"project_header panel-widget-style panel-widget-style-for-2672-1-0-0\" ><div\n\t\t\t\n\t\t\tclass=\"so-widget-sow-editor so-widget-sow-editor-base\"\n\t\t\t\n\t\t><h3 class=\"widget-title\">Panama - Gatun<\/h3>\n<div class=\"siteorigin-widget-tinymce textwidget\">\n\t<p>Le lac Gatun a \u00e9t\u00e9 cr\u00e9\u00e9 en 1913 lors de la construction du canal de Panama, inondant des milliers d'hectares de for\u00eat tropicale. Le lac Gatun est un composant essentiel du canal de Panama, utilis\u00e9 comme point d'ancrage des navires et comme acc\u00e8s aux portes de l'Atlantique. En 2015, une importante expansion du canal a \u00e9t\u00e9 achev\u00e9e, n\u00e9cessitant la suppression de centaines d'hectares de for\u00eat dans le lac Gatun.<\/p>\n<p>Triton a r\u00e9alis\u00e9 une cartographie d\u00e9taill\u00e9e de la for\u00eat et une \u00e9valuation des volumes. En outre, Triton a propos\u00e9 des strat\u00e9gies et techniques de coupe tenant compte du niveau des r\u00e9servoirs et du tirant d'eau des navires qui transitent par le lac.<\/p>\n<\/div>\n<\/div><\/div><\/div><\/div><\/div><\/div><div id=\"pg-2672-2\"  class=\"panel-grid panel-has-style\" ><div class=\"panel-row-style panel-row-style-for-2672-2\" ><div id=\"pgc-2672-2-0\"  class=\"panel-grid-cell\" ><div id=\"panel-2672-2-0-0\" class=\"so-panel widget widget_sow-image panel-first-child panel-last-child\" data-index=\"2\" ><div class=\"box_img panel-widget-style panel-widget-style-for-2672-2-0-0\" ><div\n\t\t\t\n\t\t\tclass=\"so-widget-sow-image so-widget-sow-image-default-dbf295114b96-2672\"\n\t\t\t\n\t\t>\n<div class=\"sow-image-container\">\n\t\t<img \n\tsrc=\"https:\/\/tritontimber.com\/wp-content\/uploads\/2021\/09\/36.jpg\" width=\"663\" height=\"429\" srcset=\"https:\/\/tritontimber.com\/wp-content\/uploads\/2021\/09\/36.jpg 663w, https:\/\/tritontimber.com\/wp-content\/uploads\/2021\/09\/36-300x194.jpg 300w\" sizes=\"(max-width: 663px) 100vw, 663px\" alt=\"\" \t\tclass=\"so-widget-image\"\/>\n\t<\/div>\n\n<\/div><\/div><\/div><\/div><div id=\"pgc-2672-2-1\"  class=\"panel-grid-cell\" ><div id=\"panel-2672-2-1-0\" class=\"so-panel widget widget_sow-image panel-first-child panel-last-child\" data-index=\"3\" ><div class=\"box_img panel-widget-style panel-widget-style-for-2672-2-1-0\" ><div\n\t\t\t\n\t\t\tclass=\"so-widget-sow-image so-widget-sow-image-default-dbf295114b96-2672\"\n\t\t\t\n\t\t>\n<div class=\"sow-image-container\">\n\t\t<img \n\tsrc=\"https:\/\/tritontimber.com\/wp-content\/uploads\/2021\/09\/37.jpg\" width=\"663\" height=\"429\" srcset=\"https:\/\/tritontimber.com\/wp-content\/uploads\/2021\/09\/37.jpg 663w, https:\/\/tritontimber.com\/wp-content\/uploads\/2021\/09\/37-300x194.jpg 300w\" sizes=\"(max-width: 663px) 100vw, 663px\" alt=\"\" \t\tclass=\"so-widget-image\"\/>\n\t<\/div>\n\n<\/div><\/div><\/div><\/div><\/div><\/div><div id=\"pg-2672-3\"  class=\"panel-grid panel-has-style\" ><div class=\"panel-row-style panel-row-style-for-2672-3\" ><div id=\"pgc-2672-3-0\"  class=\"panel-grid-cell\" ><div id=\"panel-2672-3-0-0\" class=\"so-panel widget widget_sow-image panel-first-child panel-last-child\" data-index=\"4\" ><div class=\"box_img panel-widget-style panel-widget-style-for-2672-3-0-0\" ><div\n\t\t\t\n\t\t\tclass=\"so-widget-sow-image so-widget-sow-image-default-dbf295114b96-2672\"\n\t\t\t\n\t\t>\n<div class=\"sow-image-container\">\n\t\t<img \n\tsrc=\"https:\/\/tritontimber.com\/wp-content\/uploads\/2021\/09\/38.jpg\" width=\"663\" height=\"429\" srcset=\"https:\/\/tritontimber.com\/wp-content\/uploads\/2021\/09\/38.jpg 663w, https:\/\/tritontimber.com\/wp-content\/uploads\/2021\/09\/38-300x194.jpg 300w\" sizes=\"(max-width: 663px) 100vw, 663px\" alt=\"\" \t\tclass=\"so-widget-image\"\/>\n\t<\/div>\n\n<\/div><\/div><\/div><\/div><div id=\"pgc-2672-3-1\"  class=\"panel-grid-cell\" ><div id=\"panel-2672-3-1-0\" class=\"so-panel widget widget_sow-image panel-first-child panel-last-child\" data-index=\"5\" ><div class=\"box_img panel-widget-style panel-widget-style-for-2672-3-1-0\" ><div\n\t\t\t\n\t\t\tclass=\"so-widget-sow-image so-widget-sow-image-default-dbf295114b96-2672\"\n\t\t\t\n\t\t>\n<div class=\"sow-image-container\">\n\t\t<img \n\tsrc=\"https:\/\/tritontimber.com\/wp-content\/uploads\/2021\/09\/39.jpg\" width=\"663\" height=\"429\" srcset=\"https:\/\/tritontimber.com\/wp-content\/uploads\/2021\/09\/39.jpg 663w, https:\/\/tritontimber.com\/wp-content\/uploads\/2021\/09\/39-300x194.jpg 300w\" sizes=\"(max-width: 663px) 100vw, 663px\" alt=\"\" \t\tclass=\"so-widget-image\"\/>\n\t<\/div>\n\n<\/div><\/div><\/div><\/div><\/div><\/div><div id=\"pg-2672-4\"  class=\"panel-grid panel-has-style\" ><div class=\"panel-row-style panel-row-style-for-2672-4\" ><div id=\"pgc-2672-4-0\"  class=\"panel-grid-cell\" ><div id=\"panel-2672-4-0-0\" class=\"widget_text so-panel widget widget_custom_html panel-first-child panel-last-child\" data-index=\"6\" ><div class=\"widget_text button panel-widget-style panel-widget-style-for-2672-4-0-0\" ><div class=\"textwidget custom-html-widget\"><a href=\"https:\/\/tritontimber.com\/fr\/past-projects\/#gatun\">retour<\/a><\/div><\/div><\/div><\/div><div id=\"pgc-2672-4-1\"  class=\"panel-grid-cell\" ><div id=\"panel-2672-4-1-0\" class=\"so-panel widget widget_xyz_insert_php_widget panel-first-child panel-last-child\" data-index=\"7\" ><div class=\"navigation\">\r\n<div class=\"button nav\"><a href=\"https:\/\/tritontimber.com\/fr\/nos-projets\/bresil-corumba-iii\/\">Next Project <br\/><span>Br\u00e9sil &#8211; Corumba III<\/span><\/a><\/div>\r\n<div class=\"button nav\"><a href=\"https:\/\/tritontimber.com\/fr\/nos-projets\/canada-lac-williston-mackenzie-bc\/\">Previous Project <br\/><span>Canada &#8211; Lac Williston &#8211; Mackenzie, BC<\/span><\/a><\/div>\r\n<\/div><\/div><\/div><\/div><\/div><\/div>","protected":false},"excerpt":{"rendered":"<p>Le lac Gatun a \u00e9t\u00e9 cr\u00e9\u00e9 en 1913 lors de la construction du canal de Panama, inondant des milliers d&rsquo;hectares de for\u00eat tropicale. Le lac Gatun est un composant essentiel du canal de Panama, utilis\u00e9 comme point d&rsquo;ancrage des navires et comme acc\u00e8s aux portes de l&rsquo;Atlantique. En 2015, une importante expansion du canal a [&hellip;]<\/p>\n","protected":false},"author":1,"featured_media":0,"parent":2659,"menu_order":0,"comment_status":"closed","ping_status":"closed","template":"project-page.php","meta":{"_acf_changed":false,"inline_featured_image":false,"footnotes":""},"class_list":["post-2672","page","type-page","status-publish","hentry"],"acf":[],"yoast_head":"<!-- This site is optimized with the Yoast SEO plugin v27.3 - https:\/\/yoast.com\/product\/yoast-seo-wordpress\/ -->\n<title>Panama - Gatun - Triton Timber Group - wood products<\/title>\n<meta name=\"description\" content=\"Panama - Gatun - We operate in Underwater timber harvesting, Reclaimed wood products and Reservoir management \/ Reservoir services! Contact us!\" \/>\n<meta name=\"robots\" content=\"index, follow, max-snippet:-1, max-image-preview:large, max-video-preview:-1\" \/>\n<link rel=\"canonical\" href=\"https:\/\/tritontimber.com\/fr\/nos-projets\/panama-gatun\/\" \/>\n<meta property=\"og:locale\" content=\"fr_FR\" \/>\n<meta property=\"og:type\" content=\"article\" \/>\n<meta property=\"og:title\" content=\"Panama - Gatun - Triton Timber Group - wood products\" \/>\n<meta property=\"og:description\" content=\"Panama - Gatun - We operate in Underwater timber harvesting, Reclaimed wood products and Reservoir management \/ Reservoir services! Contact us!\" \/>\n<meta property=\"og:url\" content=\"https:\/\/tritontimber.com\/fr\/nos-projets\/panama-gatun\/\" \/>\n<meta property=\"og:site_name\" content=\"Triton Timber Group\" \/>\n<meta property=\"article:modified_time\" content=\"2023-07-13T10:42:15+00:00\" \/>\n<meta name=\"twitter:card\" content=\"summary_large_image\" \/>\n<meta name=\"twitter:label1\" content=\"Dur\u00e9e de lecture estim\u00e9e\" \/>\n\t<meta name=\"twitter:data1\" content=\"1 minute\" \/>\n<script type=\"application\/ld+json\" class=\"yoast-schema-graph\">{\"@context\":\"https:\\\/\\\/schema.org\",\"@graph\":[{\"@type\":\"WebPage\",\"@id\":\"https:\\\/\\\/tritontimber.com\\\/fr\\\/nos-projets\\\/panama-gatun\\\/\",\"url\":\"https:\\\/\\\/tritontimber.com\\\/fr\\\/nos-projets\\\/panama-gatun\\\/\",\"name\":\"Panama - Gatun - Triton Timber Group - wood products\",\"isPartOf\":{\"@id\":\"https:\\\/\\\/tritontimber.com\\\/#website\"},\"datePublished\":\"2014-09-01T19:37:55+00:00\",\"dateModified\":\"2023-07-13T10:42:15+00:00\",\"description\":\"Panama - Gatun - We operate in Underwater timber harvesting, Reclaimed wood products and Reservoir management \\\/ Reservoir services! Contact us!\",\"breadcrumb\":{\"@id\":\"https:\\\/\\\/tritontimber.com\\\/fr\\\/nos-projets\\\/panama-gatun\\\/#breadcrumb\"},\"inLanguage\":\"fr-FR\",\"potentialAction\":[{\"@type\":\"ReadAction\",\"target\":[\"https:\\\/\\\/tritontimber.com\\\/fr\\\/nos-projets\\\/panama-gatun\\\/\"]}]},{\"@type\":\"BreadcrumbList\",\"@id\":\"https:\\\/\\\/tritontimber.com\\\/fr\\\/nos-projets\\\/panama-gatun\\\/#breadcrumb\",\"itemListElement\":[{\"@type\":\"ListItem\",\"position\":1,\"name\":\"Home\",\"item\":\"https:\\\/\\\/tritontimber.com\\\/fr\\\/\"},{\"@type\":\"ListItem\",\"position\":2,\"name\":\"Nos projets\",\"item\":\"https:\\\/\\\/tritontimber.com\\\/fr\\\/nos-projets\\\/\"},{\"@type\":\"ListItem\",\"position\":3,\"name\":\"Panama &#8211; Gatun\"}]},{\"@type\":\"WebSite\",\"@id\":\"https:\\\/\\\/tritontimber.com\\\/#website\",\"url\":\"https:\\\/\\\/tritontimber.com\\\/\",\"name\":\"Triton Timber Group\",\"description\":\"Underwater Harvesting Specialists\",\"publisher\":{\"@id\":\"https:\\\/\\\/tritontimber.com\\\/#organization\"},\"potentialAction\":[{\"@type\":\"SearchAction\",\"target\":{\"@type\":\"EntryPoint\",\"urlTemplate\":\"https:\\\/\\\/tritontimber.com\\\/?s={search_term_string}\"},\"query-input\":{\"@type\":\"PropertyValueSpecification\",\"valueRequired\":true,\"valueName\":\"search_term_string\"}}],\"inLanguage\":\"fr-FR\"},{\"@type\":\"Organization\",\"@id\":\"https:\\\/\\\/tritontimber.com\\\/#organization\",\"name\":\"Triton Timber Group\",\"url\":\"https:\\\/\\\/tritontimber.com\\\/\",\"logo\":{\"@type\":\"ImageObject\",\"inLanguage\":\"fr-FR\",\"@id\":\"https:\\\/\\\/tritontimber.com\\\/#\\\/schema\\\/logo\\\/image\\\/\",\"url\":\"https:\\\/\\\/tritontimber.com\\\/wp-content\\\/uploads\\\/2021\\\/10\\\/triton_logo.svg\",\"contentUrl\":\"https:\\\/\\\/tritontimber.com\\\/wp-content\\\/uploads\\\/2021\\\/10\\\/triton_logo.svg\",\"caption\":\"Triton Timber Group\"},\"image\":{\"@id\":\"https:\\\/\\\/tritontimber.com\\\/#\\\/schema\\\/logo\\\/image\\\/\"}}]}<\/script>\n<!-- \/ Yoast SEO plugin. -->","yoast_head_json":{"title":"Panama - Gatun - Triton Timber Group - wood products","description":"Panama - Gatun - We operate in Underwater timber harvesting, Reclaimed wood products and Reservoir management \/ Reservoir services! Contact us!","robots":{"index":"index","follow":"follow","max-snippet":"max-snippet:-1","max-image-preview":"max-image-preview:large","max-video-preview":"max-video-preview:-1"},"canonical":"https:\/\/tritontimber.com\/fr\/nos-projets\/panama-gatun\/","og_locale":"fr_FR","og_type":"article","og_title":"Panama - Gatun - Triton Timber Group - wood products","og_description":"Panama - Gatun - We operate in Underwater timber harvesting, Reclaimed wood products and Reservoir management \/ Reservoir services! Contact us!","og_url":"https:\/\/tritontimber.com\/fr\/nos-projets\/panama-gatun\/","og_site_name":"Triton Timber Group","article_modified_time":"2023-07-13T10:42:15+00:00","twitter_card":"summary_large_image","twitter_misc":{"Dur\u00e9e de lecture estim\u00e9e":"1 minute"},"schema":{"@context":"https:\/\/schema.org","@graph":[{"@type":"WebPage","@id":"https:\/\/tritontimber.com\/fr\/nos-projets\/panama-gatun\/","url":"https:\/\/tritontimber.com\/fr\/nos-projets\/panama-gatun\/","name":"Panama - Gatun - Triton Timber Group - wood products","isPartOf":{"@id":"https:\/\/tritontimber.com\/#website"},"datePublished":"2014-09-01T19:37:55+00:00","dateModified":"2023-07-13T10:42:15+00:00","description":"Panama - Gatun - We operate in Underwater timber harvesting, Reclaimed wood products and Reservoir management \/ Reservoir services! Contact us!","breadcrumb":{"@id":"https:\/\/tritontimber.com\/fr\/nos-projets\/panama-gatun\/#breadcrumb"},"inLanguage":"fr-FR","potentialAction":[{"@type":"ReadAction","target":["https:\/\/tritontimber.com\/fr\/nos-projets\/panama-gatun\/"]}]},{"@type":"BreadcrumbList","@id":"https:\/\/tritontimber.com\/fr\/nos-projets\/panama-gatun\/#breadcrumb","itemListElement":[{"@type":"ListItem","position":1,"name":"Home","item":"https:\/\/tritontimber.com\/fr\/"},{"@type":"ListItem","position":2,"name":"Nos projets","item":"https:\/\/tritontimber.com\/fr\/nos-projets\/"},{"@type":"ListItem","position":3,"name":"Panama &#8211; Gatun"}]},{"@type":"WebSite","@id":"https:\/\/tritontimber.com\/#website","url":"https:\/\/tritontimber.com\/","name":"Triton Timber Group","description":"Underwater Harvesting Specialists","publisher":{"@id":"https:\/\/tritontimber.com\/#organization"},"potentialAction":[{"@type":"SearchAction","target":{"@type":"EntryPoint","urlTemplate":"https:\/\/tritontimber.com\/?s={search_term_string}"},"query-input":{"@type":"PropertyValueSpecification","valueRequired":true,"valueName":"search_term_string"}}],"inLanguage":"fr-FR"},{"@type":"Organization","@id":"https:\/\/tritontimber.com\/#organization","name":"Triton Timber Group","url":"https:\/\/tritontimber.com\/","logo":{"@type":"ImageObject","inLanguage":"fr-FR","@id":"https:\/\/tritontimber.com\/#\/schema\/logo\/image\/","url":"https:\/\/tritontimber.com\/wp-content\/uploads\/2021\/10\/triton_logo.svg","contentUrl":"https:\/\/tritontimber.com\/wp-content\/uploads\/2021\/10\/triton_logo.svg","caption":"Triton Timber Group"},"image":{"@id":"https:\/\/tritontimber.com\/#\/schema\/logo\/image\/"}}]}},"_links":{"self":[{"href":"https:\/\/tritontimber.com\/fr\/wp-json\/wp\/v2\/pages\/2672","targetHints":{"allow":["GET"]}}],"collection":[{"href":"https:\/\/tritontimber.com\/fr\/wp-json\/wp\/v2\/pages"}],"about":[{"href":"https:\/\/tritontimber.com\/fr\/wp-json\/wp\/v2\/types\/page"}],"author":[{"embeddable":true,"href":"https:\/\/tritontimber.com\/fr\/wp-json\/wp\/v2\/users\/1"}],"replies":[{"embeddable":true,"href":"https:\/\/tritontimber.com\/fr\/wp-json\/wp\/v2\/comments?post=2672"}],"version-history":[{"count":2,"href":"https:\/\/tritontimber.com\/fr\/wp-json\/wp\/v2\/pages\/2672\/revisions"}],"predecessor-version":[{"id":2770,"href":"https:\/\/tritontimber.com\/fr\/wp-json\/wp\/v2\/pages\/2672\/revisions\/2770"}],"up":[{"embeddable":true,"href":"https:\/\/tritontimber.com\/fr\/wp-json\/wp\/v2\/pages\/2659"}],"wp:attachment":[{"href":"https:\/\/tritontimber.com\/fr\/wp-json\/wp\/v2\/media?parent=2672"}],"curies":[{"name":"wp","href":"https:\/\/api.w.org\/{rel}","templated":true}]}}