{"id":2834,"date":"2021-08-26T15:38:21","date_gmt":"2021-08-26T15:38:21","guid":{"rendered":"https:\/\/tritontimber.com\/a-propos-de-nous\/career-opportunities\/"},"modified":"2025-01-21T10:54:37","modified_gmt":"2025-01-21T10:54:37","slug":"recrutement","status":"publish","type":"page","link":"https:\/\/tritontimber.com\/fr\/recrutement\/","title":{"rendered":"Carri\u00e8res"},"content":{"rendered":"<div id=\"pl-2834\"  class=\"panel-layout\" ><div id=\"pg-2834-0\"  class=\"panel-grid panel-has-style\" ><div class=\"txt_row siteorigin-panels-stretch panel-row-style panel-row-style-for-2834-0\" id=\"header_txt\" data-stretch-type=\"full\" ><div id=\"pgc-2834-0-0\"  class=\"panel-grid-cell\" >    <div id=\"lista_career\">\n    \t\t\t<a href=\"https:\/\/tritontimber.com\/fr\/careers-news\/jobdating-maripasoula-francetravail\/\">\n\t\t\t\t<div class=\"career-post-content\">\n\t\t\t\t\t<div class=\"career-data\">\n\t\t\t\t\t\t\t\t\t\t\t\t<div class=\"dia\">\n\t\t\t\t\t\t\t27\t\t\t\t\t\t<\/div>\n\t\t\t\t\t\t<div class=\"mes\">\n\t\t\t\t\t\t\tMay\t\t\t\t\t\t<\/div>\n\t\t\t\t\t<\/div>\n\t\t\t\t\t\t\n\t\t\t\t\t<div class=\"career-content\">\n\t\t\t\t\t\t<div class=\"career-title\">\n\t\t\t\t\t\t\t<h2>JOB DATING avec France Travail &#8211; Maripasoula<\/h2>\n\t\t\t\t\t\t<\/div>\n\t\t\t\t\t\t<div class=\"career-text\">\n\t\t\t\t\t\t\t<p>Triton Guyane sera pr\u00e9sent au jobdating organis\u00e9 par France Travail \u00e0 Maripasoula le 27 mai 2025. Venez nous rejoindre !<\/p>\n\t\t\t\t\t\t<\/div>\n\t\t\t\t\t<\/div>\n\t\t\t\t<\/div>\n\t\t\t<\/a>\n        \t\t\t<a href=\"https:\/\/tritontimber.com\/fr\/careers-news\/job-dating-francetravail-saint-laurent-du-maroni\/\">\n\t\t\t\t<div class=\"career-post-content\">\n\t\t\t\t\t<div class=\"career-data\">\n\t\t\t\t\t\t\t\t\t\t\t\t<div class=\"dia\">\n\t\t\t\t\t\t\t16\t\t\t\t\t\t<\/div>\n\t\t\t\t\t\t<div class=\"mes\">\n\t\t\t\t\t\t\tMay\t\t\t\t\t\t<\/div>\n\t\t\t\t\t<\/div>\n\t\t\t\t\t\t\n\t\t\t\t\t<div class=\"career-content\">\n\t\t\t\t\t\t<div class=\"career-title\">\n\t\t\t\t\t\t\t<h2>JOB DATING avec France Travail &#8211; Saint-Laurent du Maroni<\/h2>\n\t\t\t\t\t\t<\/div>\n\t\t\t\t\t\t<div class=\"career-text\">\n\t\t\t\t\t\t\t<p>Triton Guyane participera \u00e0 l\u2019\u00e9v\u00e9nement \u00ab\u00a0Du Stade vers l\u2019Emploi\u00a0\u00bb, un job dating organis\u00e9 par France Travail, au Gymnase Maximin No\u00ebl \u00e0 Saint-Laurent du Maroni, le vendredi 16 mai 2025, de 7h15 \u00e0 13h30.<\/p>\n\t\t\t\t\t\t<\/div>\n\t\t\t\t\t<\/div>\n\t\t\t\t<\/div>\n\t\t\t<\/a>\n        <\/div><div id=\"panel-2834-0-0-0\" class=\"so-panel widget widget_sow-editor panel-first-child panel-last-child\" data-index=\"0\" ><div class=\"blue panel-widget-style panel-widget-style-for-2834-0-0-0\" ><div\n\t\t\t\n\t\t\tclass=\"so-widget-sow-editor so-widget-sow-editor-base\"\n\t\t\t\n\t\t><h3 class=\"widget-title\">NOTRE AGENDA<\/h3>\n<div class=\"siteorigin-widget-tinymce textwidget\">\n\t\n<\/div>\n<\/div><\/div><\/div><\/div><\/div><\/div><div id=\"pg-2834-1\"  class=\"panel-grid panel-has-style\" ><div class=\"panel-row-style panel-row-style-for-2834-1\" ><div id=\"pgc-2834-1-0\"  class=\"panel-grid-cell\" ><div id=\"panel-2834-1-0-0\" class=\"widget_text so-panel widget widget_custom_html panel-first-child panel-last-child\" data-index=\"1\" ><div class=\"textwidget custom-html-widget\"><h2 style=\"color:#0B3D5C;font-size: 35px !important;line-height: 1.1em;text-transform: uppercase;font-weight: 400 !important;padding-bottom: 20px;\">Nos m\u00e9tiers<\/h2>\n\n<!-- Pour ajouter d'autres vid\u00e9os au curseur, il suffit de dupliquer la div \u00ab video-item \u00bb. -->\n<div class=\"video-container\">\n\t<div class=\"video-item\">\n\t\t<video width=\"100%\" height=\"100%\" controls autoplay muted loop>\n\t\t\t<source src=\"https:\/\/tritontimber.com\/wp-content\/uploads\/2024\/09\/TRITON_CAPSULE-ALEXY.mp4\" type=\"video\/mp4\">\n\t\t<\/video>\n\t<\/div>\n\t<div class=\"video-item\">\n\t\t<video width=\"100%\" height=\"100%\" controls muted loop>\n\t\t\t<source src=\"https:\/\/tritontimber.com\/wp-content\/uploads\/2024\/12\/TRITON-CAPSULE-n\u00b03-FRANCK-MECANICIEN-V2-ST-FR.mov\" type=\"video\/mp4\">\n\t\t<\/video>\n\t<\/div>\n<\/div><\/div><\/div><\/div><\/div><\/div><div id=\"pg-2834-2\"  class=\"panel-grid panel-has-style\" ><div class=\"panel-row-style panel-row-style-for-2834-2\" ><div id=\"pgc-2834-2-0\"  class=\"panel-grid-cell\" ><div id=\"panel-2834-2-0-0\" class=\"widget_text so-panel widget widget_custom_html panel-first-child panel-last-child\" data-index=\"2\" ><div class=\"textwidget custom-html-widget\"><h2 style=\"color:#0B3D5C;font-size: 35px !important;line-height: 1.1em;text-transform: uppercase;font-weight: 400 !important;padding-bottom: 20px;\">Nos offres<\/h2>\n<div id=\"tlz-jobs\"><div class=\"tlz-job\"><div class=\"tlz-job-logo\"><img decoding=\"async\" src=\"https:\/\/files.taleez.com\/files\/10424\/pics\/2024\/11\/7\/d9659d51-bc57-4240-87ae-c9a173323106-ea7f9e82-b59f-4ce4-b8b8-e45b6373e0d3.png\" alt=\"Logo\"\/><\/div><div class=\"tlz-job-content\"><div class=\"tlz-job-company\">TRITON TIMBER<\/div><div class=\"tlz-job-label\">Coordinateur HSE F\/H<\/div><div class=\"tlz-job-infos\"><span class=\"tlz-job-city\">\ud83d\udccd&nbsp;Sinnamary<\/span><span class=\"tlz-job-contract\">\ud83d\udcdd&nbsp;CDI<\/span><span class=\"tlz-job-date\">\ud83d\udd51&nbsp;29 avril 2026<\/span><\/div><\/div><a class=\"tlz-job-button\" target=\"_blank\" href=\"https:\/\/taleez.com\/apply\/coordinateur-hse-f-h-sinnamary-triton-timber-cdi\">Postuler<\/a><\/div><div class=\"tlz-job\"><div class=\"tlz-job-logo\"><img decoding=\"async\" src=\"https:\/\/files.taleez.com\/files\/10424\/pics\/2024\/11\/7\/d9659d51-bc57-4240-87ae-c9a173323106-ea7f9e82-b59f-4ce4-b8b8-e45b6373e0d3.png\" alt=\"Logo\"\/><\/div><div class=\"tlz-job-content\"><div class=\"tlz-job-company\">TRITON TIMBER<\/div><div class=\"tlz-job-label\">Chauffeur camion grumier F\/H<\/div><div class=\"tlz-job-infos\"><span class=\"tlz-job-city\">\ud83d\udccd&nbsp;Sinnamary<\/span><span class=\"tlz-job-contract\">\ud83d\udcdd&nbsp;CDI<\/span><span class=\"tlz-job-date\">\ud83d\udd51&nbsp;25 mars 2026<\/span><\/div><\/div><a class=\"tlz-job-button\" target=\"_blank\" href=\"https:\/\/taleez.com\/apply\/chauffeur-camion-grumier-f-h-sinnamary-triton-timber-cdi\">Postuler<\/a><\/div><div class=\"tlz-job\"><div class=\"tlz-job-logo\"><img decoding=\"async\" src=\"https:\/\/files.taleez.com\/files\/10424\/pics\/2024\/11\/7\/d9659d51-bc57-4240-87ae-c9a173323106-ea7f9e82-b59f-4ce4-b8b8-e45b6373e0d3.png\" alt=\"Logo\"\/><\/div><div class=\"tlz-job-content\"><div class=\"tlz-job-company\">TRITON TIMBER<\/div><div class=\"tlz-job-label\">Op\u00e9rateur de d\u00e9ligneur (scierie) F\/H<\/div><div class=\"tlz-job-infos\"><span class=\"tlz-job-city\">\ud83d\udccd&nbsp;Sinnamary<\/span><span class=\"tlz-job-contract\">\ud83d\udcdd&nbsp;CDI<\/span><span class=\"tlz-job-date\">\ud83d\udd51&nbsp;3 d\u00e9cembre 2025<\/span><\/div><\/div><a class=\"tlz-job-button\" target=\"_blank\" href=\"https:\/\/taleez.com\/apply\/operateur-de-deligneur-scierie-f-h-sinnamary-triton-timber-cdi\">Postuler<\/a><\/div><div class=\"tlz-job\"><div class=\"tlz-job-logo\"><img decoding=\"async\" src=\"https:\/\/files.taleez.com\/files\/10424\/pics\/2024\/11\/7\/d9659d51-bc57-4240-87ae-c9a173323106-ea7f9e82-b59f-4ce4-b8b8-e45b6373e0d3.png\" alt=\"Logo\"\/><\/div><div class=\"tlz-job-content\"><div class=\"tlz-job-company\">TRITON TIMBER<\/div><div class=\"tlz-job-label\">Op\u00e9rateur de scierie<\/div><div class=\"tlz-job-infos\"><span class=\"tlz-job-city\">\ud83d\udccd&nbsp;Sinnamary<\/span><span class=\"tlz-job-contract\">\ud83d\udcdd&nbsp;CDI<\/span><span class=\"tlz-job-date\">\ud83d\udd51&nbsp;7 novembre 2025<\/span><\/div><\/div><a class=\"tlz-job-button\" target=\"_blank\" href=\"https:\/\/taleez.com\/apply\/operateur-de-scierie-sinnamary-triton-timber-cdi\">Postuler<\/a><\/div><div class=\"tlz-job\"><div class=\"tlz-job-logo\"><img decoding=\"async\" src=\"https:\/\/files.taleez.com\/files\/10424\/pics\/2024\/11\/7\/d9659d51-bc57-4240-87ae-c9a173323106-ea7f9e82-b59f-4ce4-b8b8-e45b6373e0d3.png\" alt=\"Logo\"\/><\/div><div class=\"tlz-job-content\"><div class=\"tlz-job-company\">TRITON TIMBER<\/div><div class=\"tlz-job-label\">Conducteur chargeuse \u00e0 pneus H\/F<\/div><div class=\"tlz-job-infos\"><span class=\"tlz-job-city\">\ud83d\udccd&nbsp;Kourou<\/span><span class=\"tlz-job-contract\">\ud83d\udcdd&nbsp;CDI<\/span><span class=\"tlz-job-date\">\ud83d\udd51&nbsp;23 juillet 2025<\/span><\/div><\/div><a class=\"tlz-job-button\" target=\"_blank\" href=\"https:\/\/taleez.com\/apply\/conducteur-chargeuse-a-pneus-h-f-kourou-triton-timber-cdi\">Postuler<\/a><\/div><div class=\"tlz-job\"><div class=\"tlz-job-logo\"><img decoding=\"async\" src=\"https:\/\/files.taleez.com\/files\/10424\/pics\/2024\/11\/7\/d9659d51-bc57-4240-87ae-c9a173323106-ea7f9e82-b59f-4ce4-b8b8-e45b6373e0d3.png\" alt=\"Logo\"\/><\/div><div class=\"tlz-job-content\"><div class=\"tlz-job-company\">TRITON TIMBER<\/div><div class=\"tlz-job-label\">M\u00e9canicien H\/F<\/div><div class=\"tlz-job-infos\"><span class=\"tlz-job-city\">\ud83d\udccd&nbsp;Kourou<\/span><span class=\"tlz-job-contract\">\ud83d\udcdd&nbsp;CDI<\/span><span class=\"tlz-job-date\">\ud83d\udd51&nbsp;27 juin 2025<\/span><\/div><\/div><a class=\"tlz-job-button\" target=\"_blank\" href=\"https:\/\/taleez.com\/apply\/mecanicien-h-f-kourou-triton-timber-cdi\">Postuler<\/a><\/div><div class=\"tlz-job\"><div class=\"tlz-job-logo\"><img decoding=\"async\" src=\"https:\/\/files.taleez.com\/files\/10424\/pics\/2024\/11\/7\/d9659d51-bc57-4240-87ae-c9a173323106-ea7f9e82-b59f-4ce4-b8b8-e45b6373e0d3.png\" alt=\"Logo\"\/><\/div><div class=\"tlz-job-content\"><div class=\"tlz-job-company\">TRITON TIMBER<\/div><div class=\"tlz-job-label\">Technicien de maintenance SHARC H\/F<\/div><div class=\"tlz-job-infos\"><span class=\"tlz-job-city\">\ud83d\udccd&nbsp;Kourou<\/span><span class=\"tlz-job-contract\">\ud83d\udcdd&nbsp;CDI<\/span><span class=\"tlz-job-date\">\ud83d\udd51&nbsp;19 juin 2025<\/span><\/div><\/div><a class=\"tlz-job-button\" target=\"_blank\" href=\"https:\/\/taleez.com\/apply\/technicien-de-maintenance-sharc-h-f-kourou-triton-timber-cdi\">Postuler<\/a><\/div><div class=\"tlz-job\"><div class=\"tlz-job-logo\"><img decoding=\"async\" src=\"https:\/\/files.taleez.com\/files\/10424\/pics\/2024\/11\/7\/d9659d51-bc57-4240-87ae-c9a173323106-ea7f9e82-b59f-4ce4-b8b8-e45b6373e0d3.png\" alt=\"Logo\"\/><\/div><div class=\"tlz-job-content\"><div class=\"tlz-job-company\">TRITON TIMBER<\/div><div class=\"tlz-job-label\">Op\u00e9rateur de scie de t\u00eate H\/F<\/div><div class=\"tlz-job-infos\"><span class=\"tlz-job-city\">\ud83d\udccd&nbsp;Kourou<\/span><span class=\"tlz-job-contract\">\ud83d\udcdd&nbsp;CDI<\/span><span class=\"tlz-job-date\">\ud83d\udd51&nbsp;27 f\u00e9vrier 2025<\/span><\/div><\/div><a class=\"tlz-job-button\" target=\"_blank\" href=\"https:\/\/taleez.com\/apply\/technicien-de-scie-de-tete-kourou-triton-timber-cdi\">Postuler<\/a><\/div><div class=\"tlz-job\"><div class=\"tlz-job-logo\"><img decoding=\"async\" src=\"https:\/\/files.taleez.com\/files\/10424\/pics\/2024\/11\/7\/d9659d51-bc57-4240-87ae-c9a173323106-ea7f9e82-b59f-4ce4-b8b8-e45b6373e0d3.png\" alt=\"Logo\"\/><\/div><div class=\"tlz-job-content\"><div class=\"tlz-job-company\">TRITON TIMBER<\/div><div class=\"tlz-job-label\">M\u00e9canicien s\u00e9nior H\/F<\/div><div class=\"tlz-job-infos\"><span class=\"tlz-job-city\">\ud83d\udccd&nbsp;Kourou<\/span><span class=\"tlz-job-contract\">\ud83d\udcdd&nbsp;CDI<\/span><span class=\"tlz-job-date\">\ud83d\udd51&nbsp;29 janvier 2025<\/span><\/div><\/div><a class=\"tlz-job-button\" target=\"_blank\" href=\"https:\/\/taleez.com\/apply\/mecanicien-senior-h-f-kourou-triton-timber-cdi-1\">Postuler<\/a><\/div><\/div>\n\n<\/div><\/div><\/div><\/div><\/div><\/div>","protected":false},"excerpt":{"rendered":"<p>27 May JOB DATING avec France Travail &#8211; Maripasoula Triton Guyane sera pr\u00e9sent au jobdating organis\u00e9 par France Travail \u00e0 Maripasoula le 27 mai 2025. Venez nous rejoindre ! 16 May JOB DATING avec France Travail &#8211; Saint-Laurent du Maroni Triton Guyane participera \u00e0 l\u2019\u00e9v\u00e9nement \u00ab\u00a0Du Stade vers l\u2019Emploi\u00a0\u00bb, un job dating organis\u00e9 par France [&hellip;]<\/p>\n","protected":false},"author":1,"featured_media":2594,"parent":0,"menu_order":0,"comment_status":"closed","ping_status":"closed","template":"","meta":{"_acf_changed":false,"inline_featured_image":false,"footnotes":""},"class_list":["post-2834","page","type-page","status-publish","has-post-thumbnail","hentry"],"acf":[],"yoast_head":"<!-- This site is optimized with the Yoast SEO plugin v27.5 - https:\/\/yoast.com\/product\/yoast-seo-wordpress\/ -->\n<title>Carri\u00e8res - Triton Timber Group - wood products<\/title>\n<meta name=\"description\" content=\"Carri\u00e8res - Nous sommes le leader mondial de l&#039;extraction raisonn\u00e9e et de la valorisation des bois immerg\u00e9s. Contactez-nous!\" \/>\n<meta name=\"robots\" content=\"index, follow, max-snippet:-1, max-image-preview:large, max-video-preview:-1\" \/>\n<link rel=\"canonical\" href=\"https:\/\/tritontimber.com\/fr\/recrutement\/\" \/>\n<meta property=\"og:locale\" content=\"fr_FR\" \/>\n<meta property=\"og:type\" content=\"article\" \/>\n<meta property=\"og:title\" content=\"Carri\u00e8res - Triton Timber Group - wood products\" \/>\n<meta property=\"og:description\" content=\"Carri\u00e8res - Nous sommes le leader mondial de l&#039;extraction raisonn\u00e9e et de la valorisation des bois immerg\u00e9s. Contactez-nous!\" \/>\n<meta property=\"og:url\" content=\"https:\/\/tritontimber.com\/fr\/recrutement\/\" \/>\n<meta property=\"og:site_name\" content=\"Triton Timber Group\" \/>\n<meta property=\"article:modified_time\" content=\"2025-01-21T10:54:37+00:00\" \/>\n<meta property=\"og:image\" content=\"https:\/\/tritontimber.com\/wp-content\/uploads\/2021\/09\/icon_brand-e1708517938252.jpg\" \/>\n\t<meta property=\"og:image:width\" content=\"512\" \/>\n\t<meta property=\"og:image:height\" content=\"512\" \/>\n\t<meta property=\"og:image:type\" content=\"image\/jpeg\" \/>\n<meta name=\"twitter:card\" content=\"summary_large_image\" \/>\n<script type=\"application\/ld+json\" class=\"yoast-schema-graph\">{\"@context\":\"https:\\\/\\\/schema.org\",\"@graph\":[{\"@type\":\"WebPage\",\"@id\":\"https:\\\/\\\/tritontimber.com\\\/fr\\\/recrutement\\\/\",\"url\":\"https:\\\/\\\/tritontimber.com\\\/fr\\\/recrutement\\\/\",\"name\":\"Carri\u00e8res - Triton Timber Group - wood products\",\"isPartOf\":{\"@id\":\"https:\\\/\\\/tritontimber.com\\\/#website\"},\"primaryImageOfPage\":{\"@id\":\"https:\\\/\\\/tritontimber.com\\\/fr\\\/recrutement\\\/#primaryimage\"},\"image\":{\"@id\":\"https:\\\/\\\/tritontimber.com\\\/fr\\\/recrutement\\\/#primaryimage\"},\"thumbnailUrl\":\"https:\\\/\\\/tritontimber.com\\\/wp-content\\\/uploads\\\/2021\\\/09\\\/icon_brand-e1708517938252.jpg\",\"datePublished\":\"2021-08-26T15:38:21+00:00\",\"dateModified\":\"2025-01-21T10:54:37+00:00\",\"description\":\"Carri\u00e8res - Nous sommes le leader mondial de l'extraction raisonn\u00e9e et de la valorisation des bois immerg\u00e9s. Contactez-nous!\",\"breadcrumb\":{\"@id\":\"https:\\\/\\\/tritontimber.com\\\/fr\\\/recrutement\\\/#breadcrumb\"},\"inLanguage\":\"fr-FR\",\"potentialAction\":[{\"@type\":\"ReadAction\",\"target\":[\"https:\\\/\\\/tritontimber.com\\\/fr\\\/recrutement\\\/\"]}]},{\"@type\":\"ImageObject\",\"inLanguage\":\"fr-FR\",\"@id\":\"https:\\\/\\\/tritontimber.com\\\/fr\\\/recrutement\\\/#primaryimage\",\"url\":\"https:\\\/\\\/tritontimber.com\\\/wp-content\\\/uploads\\\/2021\\\/09\\\/icon_brand-e1708517938252.jpg\",\"contentUrl\":\"https:\\\/\\\/tritontimber.com\\\/wp-content\\\/uploads\\\/2021\\\/09\\\/icon_brand-e1708517938252.jpg\",\"width\":512,\"height\":512},{\"@type\":\"BreadcrumbList\",\"@id\":\"https:\\\/\\\/tritontimber.com\\\/fr\\\/recrutement\\\/#breadcrumb\",\"itemListElement\":[{\"@type\":\"ListItem\",\"position\":1,\"name\":\"Home\",\"item\":\"https:\\\/\\\/tritontimber.com\\\/fr\\\/\"},{\"@type\":\"ListItem\",\"position\":2,\"name\":\"Carri\u00e8res\"}]},{\"@type\":\"WebSite\",\"@id\":\"https:\\\/\\\/tritontimber.com\\\/#website\",\"url\":\"https:\\\/\\\/tritontimber.com\\\/\",\"name\":\"Triton Timber Group\",\"description\":\"Underwater Harvesting Specialists\",\"publisher\":{\"@id\":\"https:\\\/\\\/tritontimber.com\\\/#organization\"},\"potentialAction\":[{\"@type\":\"SearchAction\",\"target\":{\"@type\":\"EntryPoint\",\"urlTemplate\":\"https:\\\/\\\/tritontimber.com\\\/?s={search_term_string}\"},\"query-input\":{\"@type\":\"PropertyValueSpecification\",\"valueRequired\":true,\"valueName\":\"search_term_string\"}}],\"inLanguage\":\"fr-FR\"},{\"@type\":\"Organization\",\"@id\":\"https:\\\/\\\/tritontimber.com\\\/#organization\",\"name\":\"Triton Timber Group\",\"url\":\"https:\\\/\\\/tritontimber.com\\\/\",\"logo\":{\"@type\":\"ImageObject\",\"inLanguage\":\"fr-FR\",\"@id\":\"https:\\\/\\\/tritontimber.com\\\/#\\\/schema\\\/logo\\\/image\\\/\",\"url\":\"https:\\\/\\\/tritontimber.com\\\/wp-content\\\/uploads\\\/2021\\\/10\\\/triton_logo.svg\",\"contentUrl\":\"https:\\\/\\\/tritontimber.com\\\/wp-content\\\/uploads\\\/2021\\\/10\\\/triton_logo.svg\",\"caption\":\"Triton Timber Group\"},\"image\":{\"@id\":\"https:\\\/\\\/tritontimber.com\\\/#\\\/schema\\\/logo\\\/image\\\/\"}}]}<\/script>\n<!-- \/ Yoast SEO plugin. -->","yoast_head_json":{"title":"Carri\u00e8res - Triton Timber Group - wood products","description":"Carri\u00e8res - Nous sommes le leader mondial de l'extraction raisonn\u00e9e et de la valorisation des bois immerg\u00e9s. Contactez-nous!","robots":{"index":"index","follow":"follow","max-snippet":"max-snippet:-1","max-image-preview":"max-image-preview:large","max-video-preview":"max-video-preview:-1"},"canonical":"https:\/\/tritontimber.com\/fr\/recrutement\/","og_locale":"fr_FR","og_type":"article","og_title":"Carri\u00e8res - Triton Timber Group - wood products","og_description":"Carri\u00e8res - Nous sommes le leader mondial de l'extraction raisonn\u00e9e et de la valorisation des bois immerg\u00e9s. Contactez-nous!","og_url":"https:\/\/tritontimber.com\/fr\/recrutement\/","og_site_name":"Triton Timber Group","article_modified_time":"2025-01-21T10:54:37+00:00","og_image":[{"width":512,"height":512,"url":"https:\/\/tritontimber.com\/wp-content\/uploads\/2021\/09\/icon_brand-e1708517938252.jpg","type":"image\/jpeg"}],"twitter_card":"summary_large_image","schema":{"@context":"https:\/\/schema.org","@graph":[{"@type":"WebPage","@id":"https:\/\/tritontimber.com\/fr\/recrutement\/","url":"https:\/\/tritontimber.com\/fr\/recrutement\/","name":"Carri\u00e8res - Triton Timber Group - wood products","isPartOf":{"@id":"https:\/\/tritontimber.com\/#website"},"primaryImageOfPage":{"@id":"https:\/\/tritontimber.com\/fr\/recrutement\/#primaryimage"},"image":{"@id":"https:\/\/tritontimber.com\/fr\/recrutement\/#primaryimage"},"thumbnailUrl":"https:\/\/tritontimber.com\/wp-content\/uploads\/2021\/09\/icon_brand-e1708517938252.jpg","datePublished":"2021-08-26T15:38:21+00:00","dateModified":"2025-01-21T10:54:37+00:00","description":"Carri\u00e8res - Nous sommes le leader mondial de l'extraction raisonn\u00e9e et de la valorisation des bois immerg\u00e9s. Contactez-nous!","breadcrumb":{"@id":"https:\/\/tritontimber.com\/fr\/recrutement\/#breadcrumb"},"inLanguage":"fr-FR","potentialAction":[{"@type":"ReadAction","target":["https:\/\/tritontimber.com\/fr\/recrutement\/"]}]},{"@type":"ImageObject","inLanguage":"fr-FR","@id":"https:\/\/tritontimber.com\/fr\/recrutement\/#primaryimage","url":"https:\/\/tritontimber.com\/wp-content\/uploads\/2021\/09\/icon_brand-e1708517938252.jpg","contentUrl":"https:\/\/tritontimber.com\/wp-content\/uploads\/2021\/09\/icon_brand-e1708517938252.jpg","width":512,"height":512},{"@type":"BreadcrumbList","@id":"https:\/\/tritontimber.com\/fr\/recrutement\/#breadcrumb","itemListElement":[{"@type":"ListItem","position":1,"name":"Home","item":"https:\/\/tritontimber.com\/fr\/"},{"@type":"ListItem","position":2,"name":"Carri\u00e8res"}]},{"@type":"WebSite","@id":"https:\/\/tritontimber.com\/#website","url":"https:\/\/tritontimber.com\/","name":"Triton Timber Group","description":"Underwater Harvesting Specialists","publisher":{"@id":"https:\/\/tritontimber.com\/#organization"},"potentialAction":[{"@type":"SearchAction","target":{"@type":"EntryPoint","urlTemplate":"https:\/\/tritontimber.com\/?s={search_term_string}"},"query-input":{"@type":"PropertyValueSpecification","valueRequired":true,"valueName":"search_term_string"}}],"inLanguage":"fr-FR"},{"@type":"Organization","@id":"https:\/\/tritontimber.com\/#organization","name":"Triton Timber Group","url":"https:\/\/tritontimber.com\/","logo":{"@type":"ImageObject","inLanguage":"fr-FR","@id":"https:\/\/tritontimber.com\/#\/schema\/logo\/image\/","url":"https:\/\/tritontimber.com\/wp-content\/uploads\/2021\/10\/triton_logo.svg","contentUrl":"https:\/\/tritontimber.com\/wp-content\/uploads\/2021\/10\/triton_logo.svg","caption":"Triton Timber Group"},"image":{"@id":"https:\/\/tritontimber.com\/#\/schema\/logo\/image\/"}}]}},"_links":{"self":[{"href":"https:\/\/tritontimber.com\/fr\/wp-json\/wp\/v2\/pages\/2834","targetHints":{"allow":["GET"]}}],"collection":[{"href":"https:\/\/tritontimber.com\/fr\/wp-json\/wp\/v2\/pages"}],"about":[{"href":"https:\/\/tritontimber.com\/fr\/wp-json\/wp\/v2\/types\/page"}],"author":[{"embeddable":true,"href":"https:\/\/tritontimber.com\/fr\/wp-json\/wp\/v2\/users\/1"}],"replies":[{"embeddable":true,"href":"https:\/\/tritontimber.com\/fr\/wp-json\/wp\/v2\/comments?post=2834"}],"version-history":[{"count":5,"href":"https:\/\/tritontimber.com\/fr\/wp-json\/wp\/v2\/pages\/2834\/revisions"}],"predecessor-version":[{"id":4178,"href":"https:\/\/tritontimber.com\/fr\/wp-json\/wp\/v2\/pages\/2834\/revisions\/4178"}],"wp:featuredmedia":[{"embeddable":true,"href":"https:\/\/tritontimber.com\/fr\/wp-json\/wp\/v2\/media\/2594"}],"wp:attachment":[{"href":"https:\/\/tritontimber.com\/fr\/wp-json\/wp\/v2\/media?parent=2834"}],"curies":[{"name":"wp","href":"https:\/\/api.w.org\/{rel}","templated":true}]}}